{"id":8001,"date":"2020-12-04T18:15:49","date_gmt":"2020-12-04T17:15:49","guid":{"rendered":"https:\/\/boutique.laventure.michelin.com\/terms-conditions\/"},"modified":"2024-11-07T15:13:38","modified_gmt":"2024-11-07T14:13:38","slug":"terms-conditions","status":"publish","type":"page","link":"https:\/\/boutique.laventure.michelin.com\/en\/terms-conditions\/","title":{"rendered":"Terms conditions"},"content":{"rendered":"\t\t<div data-elementor-type=\"wp-page\" data-elementor-id=\"8001\" class=\"elementor elementor-8001 elementor-388\" data-elementor-post-type=\"page\">\n\t\t\t\t\t\t<section class=\"elementor-section elementor-top-section elementor-element elementor-element-2a1c7a3 elementor-section-full_width elementor-section-height-default elementor-section-height-default\" data-id=\"2a1c7a3\" data-element_type=\"section\" data-settings=\"{&quot;background_background&quot;:&quot;classic&quot;}\">\n\t\t\t\t\t\t<div class=\"elementor-container elementor-column-gap-default\">\n\t\t\t\t\t<div class=\"elementor-column elementor-col-100 elementor-top-column elementor-element elementor-element-6e17420\" data-id=\"6e17420\" data-element_type=\"column\" data-settings=\"{&quot;background_background&quot;:&quot;classic&quot;}\">\n\t\t\t<div class=\"elementor-widget-wrap elementor-element-populated\">\n\t\t\t\t\t\t<div class=\"elementor-element elementor-element-8a6dab7 elementor-widget elementor-widget-spacer\" data-id=\"8a6dab7\" data-element_type=\"widget\" data-widget_type=\"spacer.default\">\n\t\t\t\t<div class=\"elementor-widget-container\">\n\t\t\t\t\t\t\t<div class=\"elementor-spacer\">\n\t\t\t<div class=\"elementor-spacer-inner\"><\/div>\n\t\t<\/div>\n\t\t\t\t\t\t<\/div>\n\t\t\t\t<\/div>\n\t\t\t\t<div class=\"elementor-element elementor-element-618281a elementor-widget__width-auto elementor-widget elementor-widget-heading\" data-id=\"618281a\" data-element_type=\"widget\" data-widget_type=\"heading.default\">\n\t\t\t\t<div class=\"elementor-widget-container\">\n\t\t\t\t\t<h1 class=\"elementor-heading-title elementor-size-default\">Terms conditions<\/h1>\t\t\t\t<\/div>\n\t\t\t\t<\/div>\n\t\t\t\t<div class=\"elementor-element elementor-element-d31cfc3 elementor-widget elementor-widget-spacer\" data-id=\"d31cfc3\" data-element_type=\"widget\" data-widget_type=\"spacer.default\">\n\t\t\t\t<div class=\"elementor-widget-container\">\n\t\t\t\t\t\t\t<div class=\"elementor-spacer\">\n\t\t\t<div class=\"elementor-spacer-inner\"><\/div>\n\t\t<\/div>\n\t\t\t\t\t\t<\/div>\n\t\t\t\t<\/div>\n\t\t\t\t\t<\/div>\n\t\t<\/div>\n\t\t\t\t\t<\/div>\n\t\t<\/section>\n\t\t\t\t<section class=\"elementor-section elementor-top-section elementor-element elementor-element-bf143a8 elementor-section-boxed elementor-section-height-default elementor-section-height-default\" data-id=\"bf143a8\" data-element_type=\"section\">\n\t\t\t\t\t\t<div class=\"elementor-container elementor-column-gap-default\">\n\t\t\t\t\t<div class=\"elementor-column elementor-col-100 elementor-top-column elementor-element elementor-element-db2de08\" data-id=\"db2de08\" data-element_type=\"column\">\n\t\t\t<div class=\"elementor-widget-wrap elementor-element-populated\">\n\t\t\t\t\t\t<div class=\"elementor-element elementor-element-2d16024 elementor-widget elementor-widget-text-editor\" data-id=\"2d16024\" data-element_type=\"widget\" data-widget_type=\"text-editor.default\">\n\t\t\t\t<div class=\"elementor-widget-container\">\n\t\t\t\t\t\t\t\t\t<p>Michelin is pleased to welcome you to its dedicated \u201c&nbsp; &nbsp;\u201d website.<\/p>\n<h4>This website is published by:<\/h4>\n<p><em>Manufacture Fran\u00e7aise des Pneumatiques Michelin<\/em><br><em>Place des Carmes D\u00e9chaux<\/em><br><em>63040 Clermont-Ferrand Cedex 9<\/em><br><em>France<\/em><br><em>T\u00e9l\u00e9phone : (33)4 73 32 20 00 <br>S.A.S simplified joint stock company (Soci\u00e9t\u00e9 par Actions Simplifi\u00e9e<\/em><em>&nbsp;au capital de 504 000 004 \u20ac.<\/em><br><em>855 200 507 R.C.S. Clermont-Ferrand<\/em><br><em>Company registration (SIREN) 855 200 507<\/em><br><em>Intracommunity VAT no. FR33855200507<\/em><\/p>\n<h4>This website is hosted by:<\/h4>\n<p>Overscan,<br>av Michel Ange<br>63000 Clermont-Ferrand<br>FRANCE<br>T\u00e9l : +33 (0)4 73 15 15 15<br>Fax : +33 (0)4 73 15 15 10<\/p>\n<h4>Managing editor:<\/h4>\n<p>Adeline Challon-Kemoun \u2013 Executive Vice President, Brands, Sustainable Development, Communication &amp; Public Affairs.<\/p>\n<p><strong>Please read these Terms and Conditions carefully before browsing this website.<\/strong><\/p>\n<p><strong>Michelin Group companies have their own legal existence and an autonomous legal personality. Nevertheless, to facilitate the communication of information on this website, the following terms may be used: \u201cMichelin\u201d,&nbsp; \u201cGroup\u201d, \u201cMichelin Group\u201d and \u201cus\u201d. These terms are used to designate all Group companies, each of which carries on its operations independently.<\/strong><\/p>\n<h2>ARTICLE 1: PURPOSE<\/h2>\n<p>The purpose of these Terms and Conditions is to define the conditions in which Michelin makes its website laventure.michelin.com available to Internet users, and the conditions in which Internet users may access and use this website. All connections to the website laventure.michelin.com are subject to compliance with these Terms and Conditions, which Michelin reserves the right to change or update at any time. Access to and use of the website laventure.michelin.com imply your acceptance of these Terms and Conditions. If you do not agree with the above-mentioned provisions, you are advised to leave this website.<\/p>\n<h2>ARTICLE 2: WEBSITE ACCESS<\/h2>\n<p>Michelin shall endeavour to maintain accessibility, without however being bound by any obligation to guarantee access. It is hereby stipulated that for the purposes of website maintenance, updating or any other technical or legal reason, access to the website may be interrupted. Michelin shall not under any circumstances be held liable for these interruptions or for any consequences for the user that may arise from them.<\/p>\n<h2>ARTICLE 3: INTELLECTUAL PROPERTY RIGHTS<\/h2>\n<p>The content (in particular data, soundtracks, information, illustrations, logos, trademarks, etc.) that appears or is available on the website laventure.michelin.com is protected by copyright and other intellectual property rights, and is the sole property of its respective creators. and is the sole property of its respective creators. Any copy, reproduction, representation, adaptation, alteration, modification, circulation, in whole or in part, of the content of the MICHELIN website in general, whether it belongs to MICHELIN or a third party, by any procedure whatsoever, is illegal with the exception of a single copy on a single computer and restricted to the exclusively private use of the copier. The items presented on this website may be modified without notice and are provided with no guarantee whatsoever, whether express or implied, and may not give rise to any right to compensation. The information and images contained in the website are protected by copyright \u00a9 1997-2016 MICHELIN or its partners\u2019 copyright. The logos are registered trademarks.<\/p>\n<h2>ARTICLE 4: USE OF DOCUMENTS<\/h2>\n<p>None of the documents from the website laventure.michelin.com may be copied, reproduced, published, downloaded, posted, transmitted or distributed in any way whatsoever, unless the documents are simply saved on your personal computer for your own personal use and for non-commercial purposes. If so, you should retain the intellectual property information intact. Any alteration or modification of these documents or use of them for other purposes is an infringement of the property rights of Michelin or third parties.<\/p>\n<h2>ARTICLE 5: E-MAIL<\/h2>\n<p>To correspond with Michelin by e-mail, Internet users should fill out the e-mail forms provided on the website laventure.michelin.com. Michelin\u2019s replies to e-mails may not be assimilated to, and shall not constitute proof of advertising, promotional or commercial activity in the country to which its replies were sent.<\/p>\n<h2>ARTICLE 6: LIMITATION OF LIABILITY<\/h2>\n<p>The documents and information on laventure.michelin.com are provided on an &nbsp;\u201cas-is\u201d&nbsp; basis with no express or implied guarantee of any kind. Michelin reserves the right to modify or amend the content of its website at any time without prior notice. Michelin shall not be held liable in the event of Internet users\u2019 computer equipment being infected by computer viruses or other malware. It lies with the user of this website to take all the appropriate measures to protect his or her data and\/or software from infection by any viruses spread over the Internet network. Michelin, its employees, its suppliers or the partners mentioned on its website may not under any circumstances be held liable, under a contractual liability action, tortuous liability action or any other legal action, for any incidental or related direct or indirect loss of any kind whatsoever or any loss, in particular, of a financial or commercial nature resulting from use of the website or any information obtained on the website.<\/p>\n<p>Information and in particular financial information published on the website shall not be deemed to be an incentive to invest in or to carry out transactions of any legal form whatsoever on Michelin securities. Such information shall not under any circumstances be interpreted as solicitation or as a public issue, nor does it constitute an offer to subscribe, buy, sell or exchange Michelin shares or other securities, whether listed or not.<\/p>\n<p>The website laventure.michelin.com may contain simple or deep links to Michelin\u2019s partner websites or third-party websites. Michelin does not have any control over these websites and therefore does not have any liability for their availability, content, advertising, products and\/or services available on or from these websites. Accordingly, Michelin shall not be held liable for any direct or indirect loss or damage that might occur when Internet users visit the partner\u2019s website or use this website, nor for non-compliance of the content and services with any regulation, nor any infringement of third parties\u2019 rights. Michelin declines any liability for the information, materials or software linked by hyperlink to the website laventure.michelin.com.<\/p>\n<p>Some information shown on the website is supplied by information providers outside Michelin. The content and services provided by Michelin suppliers on the website laventure.michelin.com are provided under the sole liability of the said suppliers. Michelin shall not therefore be held liable for any errors, interruptions or delays in the transmission of information or their consequences.<\/p>\n<h2>ARTICLE 7: JURISDICTION AND GOVERNING LAW<\/h2>\n<p>Any dispute relating to the website or to these terms and conditions shall be brought before the Clermont-Ferrand court. The dispute shall be governed and construed in accordance with French substantive law, independently of conflict of law rules. Use of the website laventure.michelin.com implies your express agreement with the application of this legal clause. In the event one of the terms of these terms and conditions is deemed to be illegal, null or inapplicable for any reason whatsoever, it shall be deemed to be not part of this legal information and shall not affect the validity or application of other terms.<\/p>\n<h2>ARTICLE 8: PERSONAL DATA<\/h2>\n<p>Please refer to Michelin\u2019s policy on the privacy and protection of personal data, available on the &#8221;&nbsp;<a href=\"https:\/\/boutique.laventure.michelin.com\/en\/privacy-policy\/\">Privacy Policy<\/a>&#8221; &nbsp;<br>Please also refer to Michelin\u2019s &#8221;&nbsp;<a href=\"https:\/\/laventure.michelin.com\/michelin-utilise-cookies-france\/\">Cookie Policy<\/a>&nbsp;&#8221; to learn how Michelin uses cookies.<\/p>\n<p>This website may contain links to other websites. Please be informed that Michelin does not share your personal data with these websites. We hereby notify you that when you leave our website, you may be subject to other practices relating to the protection of personal data, over which Michelin has no control and for which it is not liable.<\/p>\t\t\t\t\t\t\t\t<\/div>\n\t\t\t\t<\/div>\n\t\t\t\t\t<\/div>\n\t\t<\/div>\n\t\t\t\t\t<\/div>\n\t\t<\/section>\n\t\t\t\t<\/div>\n\t\t","protected":false},"excerpt":{"rendered":"<p>Terms conditions Michelin is pleased to welcome you to its dedicated \u201c&nbsp; &nbsp;\u201d website. This website is published by: Manufacture Fran\u00e7aise des Pneumatiques MichelinPlace des Carmes D\u00e9chaux63040 Clermont-Ferrand Cedex 9FranceT\u00e9l\u00e9phone : (33)4 73 32 20 00 S.A.S simplified joint stock company (Soci\u00e9t\u00e9 par Actions Simplifi\u00e9e&nbsp;au capital de 504 000 004 \u20ac.855 200 507 R.C.S. Clermont-FerrandCompany [&hellip;]<\/p>\n","protected":false},"author":1,"featured_media":0,"parent":0,"menu_order":0,"comment_status":"closed","ping_status":"closed","template":"elementor_header_footer","meta":{"site-sidebar-layout":"no-sidebar","site-content-layout":"page-builder","ast-site-content-layout":"default","site-content-style":"default","site-sidebar-style":"default","ast-global-header-display":"","ast-banner-title-visibility":"","ast-main-header-display":"","ast-hfb-above-header-display":"","ast-hfb-below-header-display":"","ast-hfb-mobile-header-display":"","site-post-title":"disabled","ast-breadcrumbs-content":"","ast-featured-img":"disabled","footer-sml-layout":"","ast-disable-related-posts":"","theme-transparent-header-meta":"default","adv-header-id-meta":"","stick-header-meta":"","header-above-stick-meta":"","header-main-stick-meta":"","header-below-stick-meta":"","astra-migrate-meta-layouts":"default","ast-page-background-enabled":"default","ast-page-background-meta":{"desktop":{"background-color":"","background-image":"","background-repeat":"repeat","background-position":"center center","background-size":"auto","background-attachment":"scroll","background-type":"","background-media":"","overlay-type":"","overlay-color":"","overlay-opacity":"","overlay-gradient":""},"tablet":{"background-color":"","background-image":"","background-repeat":"repeat","background-position":"center center","background-size":"auto","background-attachment":"scroll","background-type":"","background-media":"","overlay-type":"","overlay-color":"","overlay-opacity":"","overlay-gradient":""},"mobile":{"background-color":"","background-image":"","background-repeat":"repeat","background-position":"center center","background-size":"auto","background-attachment":"scroll","background-type":"","background-media":"","overlay-type":"","overlay-color":"","overlay-opacity":"","overlay-gradient":""}},"ast-content-background-meta":{"desktop":{"background-color":"var(--ast-global-color-5)","background-image":"","background-repeat":"repeat","background-position":"center center","background-size":"auto","background-attachment":"scroll","background-type":"","background-media":"","overlay-type":"","overlay-color":"","overlay-opacity":"","overlay-gradient":""},"tablet":{"background-color":"var(--ast-global-color-5)","background-image":"","background-repeat":"repeat","background-position":"center center","background-size":"auto","background-attachment":"scroll","background-type":"","background-media":"","overlay-type":"","overlay-color":"","overlay-opacity":"","overlay-gradient":""},"mobile":{"background-color":"var(--ast-global-color-5)","background-image":"","background-repeat":"repeat","background-position":"center center","background-size":"auto","background-attachment":"scroll","background-type":"","background-media":"","overlay-type":"","overlay-color":"","overlay-opacity":"","overlay-gradient":""}},"footnotes":""},"class_list":["post-8001","page","type-page","status-publish","hentry"],"yoast_head":"<!-- This site is optimized with the Yoast SEO plugin v26.7 - https:\/\/yoast.com\/wordpress\/plugins\/seo\/ -->\n<title>Terms conditions - Boutique de l&#039;Aventure Michelin<\/title>\n<meta name=\"robots\" content=\"noindex, follow\" \/>\n<meta property=\"og:locale\" content=\"en_US\" \/>\n<meta property=\"og:type\" content=\"article\" \/>\n<meta property=\"og:title\" content=\"Terms conditions - Boutique de l&#039;Aventure Michelin\" \/>\n<meta property=\"og:description\" content=\"Terms conditions Michelin is pleased to welcome you to its dedicated \u201c&nbsp; &nbsp;\u201d website. This website is published by: Manufacture Fran\u00e7aise des Pneumatiques MichelinPlace des Carmes D\u00e9chaux63040 Clermont-Ferrand Cedex 9FranceT\u00e9l\u00e9phone : (33)4 73 32 20 00 S.A.S simplified joint stock company (Soci\u00e9t\u00e9 par Actions Simplifi\u00e9e&nbsp;au capital de 504 000 004 \u20ac.855 200 507 R.C.S. Clermont-FerrandCompany [&hellip;]\" \/>\n<meta property=\"og:url\" content=\"https:\/\/boutique.laventure.michelin.com\/en\/terms-conditions\/\" \/>\n<meta property=\"og:site_name\" content=\"Boutique de l&#039;Aventure Michelin\" \/>\n<meta property=\"article:publisher\" content=\"https:\/\/fr-fr.facebook.com\/laventuremichelin\/\" \/>\n<meta property=\"article:modified_time\" content=\"2024-11-07T14:13:38+00:00\" \/>\n<meta name=\"twitter:card\" content=\"summary_large_image\" \/>\n<meta name=\"twitter:label1\" content=\"Est. reading time\" \/>\n\t<meta name=\"twitter:data1\" content=\"6 minutes\" \/>\n<script type=\"application\/ld+json\" class=\"yoast-schema-graph\">{\"@context\":\"https:\/\/schema.org\",\"@graph\":[{\"@type\":\"WebPage\",\"@id\":\"https:\/\/boutique.laventure.michelin.com\/en\/terms-conditions\/\",\"url\":\"https:\/\/boutique.laventure.michelin.com\/en\/terms-conditions\/\",\"name\":\"Terms conditions - Boutique de l&#039;Aventure Michelin\",\"isPartOf\":{\"@id\":\"https:\/\/boutique.laventure.michelin.com\/en\/#website\"},\"datePublished\":\"2020-12-04T17:15:49+00:00\",\"dateModified\":\"2024-11-07T14:13:38+00:00\",\"breadcrumb\":{\"@id\":\"https:\/\/boutique.laventure.michelin.com\/en\/terms-conditions\/#breadcrumb\"},\"inLanguage\":\"en-US\",\"potentialAction\":[{\"@type\":\"ReadAction\",\"target\":[\"https:\/\/boutique.laventure.michelin.com\/en\/terms-conditions\/\"]}]},{\"@type\":\"BreadcrumbList\",\"@id\":\"https:\/\/boutique.laventure.michelin.com\/en\/terms-conditions\/#breadcrumb\",\"itemListElement\":[{\"@type\":\"ListItem\",\"position\":1,\"name\":\"Accueil\",\"item\":\"https:\/\/boutique.laventure.michelin.com\/en\/\"},{\"@type\":\"ListItem\",\"position\":2,\"name\":\"Terms conditions\"}]},{\"@type\":\"WebSite\",\"@id\":\"https:\/\/boutique.laventure.michelin.com\/en\/#website\",\"url\":\"https:\/\/boutique.laventure.michelin.com\/en\/\",\"name\":\"Boutique de l&#039;Aventure Michelin\",\"description\":\"\",\"publisher\":{\"@id\":\"https:\/\/boutique.laventure.michelin.com\/en\/#organization\"},\"potentialAction\":[{\"@type\":\"SearchAction\",\"target\":{\"@type\":\"EntryPoint\",\"urlTemplate\":\"https:\/\/boutique.laventure.michelin.com\/en\/?s={search_term_string}\"},\"query-input\":{\"@type\":\"PropertyValueSpecification\",\"valueRequired\":true,\"valueName\":\"search_term_string\"}}],\"inLanguage\":\"en-US\"},{\"@type\":\"Organization\",\"@id\":\"https:\/\/boutique.laventure.michelin.com\/en\/#organization\",\"name\":\"Boutique de l'Aventure Michelin\",\"url\":\"https:\/\/boutique.laventure.michelin.com\/en\/\",\"logo\":{\"@type\":\"ImageObject\",\"inLanguage\":\"en-US\",\"@id\":\"https:\/\/boutique.laventure.michelin.com\/en\/#\/schema\/logo\/image\/\",\"url\":\"https:\/\/boutique.laventure.michelin.com\/wp-content\/uploads\/2020\/12\/LOGO_LAVENTURE_MFP_VER_PASTILLES_RVB@2x.jpg\",\"contentUrl\":\"https:\/\/boutique.laventure.michelin.com\/wp-content\/uploads\/2020\/12\/LOGO_LAVENTURE_MFP_VER_PASTILLES_RVB@2x.jpg\",\"width\":1292,\"height\":1044,\"caption\":\"Boutique de l'Aventure Michelin\"},\"image\":{\"@id\":\"https:\/\/boutique.laventure.michelin.com\/en\/#\/schema\/logo\/image\/\"},\"sameAs\":[\"https:\/\/fr-fr.facebook.com\/laventuremichelin\/\"]}]}<\/script>\n<!-- \/ Yoast SEO plugin. -->","yoast_head_json":{"title":"Terms conditions - Boutique de l&#039;Aventure Michelin","robots":{"index":"noindex","follow":"follow"},"og_locale":"en_US","og_type":"article","og_title":"Terms conditions - Boutique de l&#039;Aventure Michelin","og_description":"Terms conditions Michelin is pleased to welcome you to its dedicated \u201c&nbsp; &nbsp;\u201d website. This website is published by: Manufacture Fran\u00e7aise des Pneumatiques MichelinPlace des Carmes D\u00e9chaux63040 Clermont-Ferrand Cedex 9FranceT\u00e9l\u00e9phone : (33)4 73 32 20 00 S.A.S simplified joint stock company (Soci\u00e9t\u00e9 par Actions Simplifi\u00e9e&nbsp;au capital de 504 000 004 \u20ac.855 200 507 R.C.S. Clermont-FerrandCompany [&hellip;]","og_url":"https:\/\/boutique.laventure.michelin.com\/en\/terms-conditions\/","og_site_name":"Boutique de l&#039;Aventure Michelin","article_publisher":"https:\/\/fr-fr.facebook.com\/laventuremichelin\/","article_modified_time":"2024-11-07T14:13:38+00:00","twitter_card":"summary_large_image","twitter_misc":{"Est. reading time":"6 minutes"},"schema":{"@context":"https:\/\/schema.org","@graph":[{"@type":"WebPage","@id":"https:\/\/boutique.laventure.michelin.com\/en\/terms-conditions\/","url":"https:\/\/boutique.laventure.michelin.com\/en\/terms-conditions\/","name":"Terms conditions - Boutique de l&#039;Aventure Michelin","isPartOf":{"@id":"https:\/\/boutique.laventure.michelin.com\/en\/#website"},"datePublished":"2020-12-04T17:15:49+00:00","dateModified":"2024-11-07T14:13:38+00:00","breadcrumb":{"@id":"https:\/\/boutique.laventure.michelin.com\/en\/terms-conditions\/#breadcrumb"},"inLanguage":"en-US","potentialAction":[{"@type":"ReadAction","target":["https:\/\/boutique.laventure.michelin.com\/en\/terms-conditions\/"]}]},{"@type":"BreadcrumbList","@id":"https:\/\/boutique.laventure.michelin.com\/en\/terms-conditions\/#breadcrumb","itemListElement":[{"@type":"ListItem","position":1,"name":"Accueil","item":"https:\/\/boutique.laventure.michelin.com\/en\/"},{"@type":"ListItem","position":2,"name":"Terms conditions"}]},{"@type":"WebSite","@id":"https:\/\/boutique.laventure.michelin.com\/en\/#website","url":"https:\/\/boutique.laventure.michelin.com\/en\/","name":"Boutique de l&#039;Aventure Michelin","description":"","publisher":{"@id":"https:\/\/boutique.laventure.michelin.com\/en\/#organization"},"potentialAction":[{"@type":"SearchAction","target":{"@type":"EntryPoint","urlTemplate":"https:\/\/boutique.laventure.michelin.com\/en\/?s={search_term_string}"},"query-input":{"@type":"PropertyValueSpecification","valueRequired":true,"valueName":"search_term_string"}}],"inLanguage":"en-US"},{"@type":"Organization","@id":"https:\/\/boutique.laventure.michelin.com\/en\/#organization","name":"Boutique de l'Aventure Michelin","url":"https:\/\/boutique.laventure.michelin.com\/en\/","logo":{"@type":"ImageObject","inLanguage":"en-US","@id":"https:\/\/boutique.laventure.michelin.com\/en\/#\/schema\/logo\/image\/","url":"https:\/\/boutique.laventure.michelin.com\/wp-content\/uploads\/2020\/12\/LOGO_LAVENTURE_MFP_VER_PASTILLES_RVB@2x.jpg","contentUrl":"https:\/\/boutique.laventure.michelin.com\/wp-content\/uploads\/2020\/12\/LOGO_LAVENTURE_MFP_VER_PASTILLES_RVB@2x.jpg","width":1292,"height":1044,"caption":"Boutique de l'Aventure Michelin"},"image":{"@id":"https:\/\/boutique.laventure.michelin.com\/en\/#\/schema\/logo\/image\/"},"sameAs":["https:\/\/fr-fr.facebook.com\/laventuremichelin\/"]}]}},"_links":{"self":[{"href":"https:\/\/boutique.laventure.michelin.com\/en\/wp-json\/wp\/v2\/pages\/8001","targetHints":{"allow":["GET"]}}],"collection":[{"href":"https:\/\/boutique.laventure.michelin.com\/en\/wp-json\/wp\/v2\/pages"}],"about":[{"href":"https:\/\/boutique.laventure.michelin.com\/en\/wp-json\/wp\/v2\/types\/page"}],"author":[{"embeddable":true,"href":"https:\/\/boutique.laventure.michelin.com\/en\/wp-json\/wp\/v2\/users\/1"}],"replies":[{"embeddable":true,"href":"https:\/\/boutique.laventure.michelin.com\/en\/wp-json\/wp\/v2\/comments?post=8001"}],"version-history":[{"count":7,"href":"https:\/\/boutique.laventure.michelin.com\/en\/wp-json\/wp\/v2\/pages\/8001\/revisions"}],"predecessor-version":[{"id":31590,"href":"https:\/\/boutique.laventure.michelin.com\/en\/wp-json\/wp\/v2\/pages\/8001\/revisions\/31590"}],"wp:attachment":[{"href":"https:\/\/boutique.laventure.michelin.com\/en\/wp-json\/wp\/v2\/media?parent=8001"}],"curies":[{"name":"wp","href":"https:\/\/api.w.org\/{rel}","templated":true}]}}