{"id":39922,"date":"2025-06-25T17:40:35","date_gmt":"2025-06-25T15:40:35","guid":{"rendered":"https:\/\/boutique.laventure.michelin.com\/?post_type=product&#038;p=39922"},"modified":"2026-04-13T17:48:48","modified_gmt":"2026-04-13T15:48:48","slug":"michelin-heritage-burgundy-backpack","status":"publish","type":"product","link":"https:\/\/boutique.laventure.michelin.com\/en\/product\/michelin-heritage-burgundy-backpack\/","title":{"rendered":"Michelin heritage burgundy backpack"},"content":{"rendered":"<p>Sac \u00e0 dos aux multiples fonctions et pratique au quotidien. Vous pourrez ranger vos affaires de mani\u00e8re ordonn\u00e9e et en toute s\u00e9curit\u00e9 gr\u00e2ce ses poign\u00e9es du dessus reli\u00e9es par un bouton de pression en m\u00e9tal et une fermeture \u00e9clair \u00e0 double sens. <\/p>\n<p>On the front of the bag, you\u2019ll find the famous 1920s design, \u2018Bibendum with the rolling tyre\u2019, accompanied by the classic Michelin logo.<\/p>\n<p>Dimensions : 28,5 cm x 41 cm x 13 cm<\/p>\n<p><img decoding=\"async\" class=\"alignnone wp-image-11471\" src=\"https:\/\/boutique.laventure.michelin.com\/wp-content\/uploads\/2021\/01\/Image2.png\" alt=\"\" width=\"32\" height=\"29\">Material: Recycled PU, recycled PET<\/p>\n<p><img decoding=\"async\" class=\"alignnone wp-image-6331\" src=\"https:\/\/boutique.laventure.michelin.com\/wp-content\/uploads\/2021\/01\/82.png\" alt=\"\" width=\"29\" height=\"29\" srcset=\"https:\/\/boutique.laventure.michelin.com\/wp-content\/uploads\/2021\/01\/82.png 200w, https:\/\/boutique.laventure.michelin.com\/wp-content\/uploads\/2021\/01\/82-150x150.png 150w, https:\/\/boutique.laventure.michelin.com\/wp-content\/uploads\/2021\/01\/82-50x50.png 50w, https:\/\/boutique.laventure.michelin.com\/wp-content\/uploads\/2021\/01\/82-100x100.png 100w, https:\/\/boutique.laventure.michelin.com\/wp-content\/uploads\/2021\/01\/82-64x64.png 64w\" sizes=\"(max-width: 29px) 100vw, 29px\" \/> This product is part of the Michelin ecological range.<\/p>\n","protected":false},"excerpt":{"rendered":"<p>A versatile rucksack that\u2019s practical for everyday use. You can keep your belongings tidy and secure thanks to the top handles, which are fastened with a metal press stud, and a two-way zip. <\/p>\n<p>On the front of the bag, you\u2019ll find the famous 1920s design, \u2018Bibendum with the rolling tyre\u2019, accompanied by the classic Michelin logo.<\/p>\n<p>Dimensions : 28,5 cm x 41 cm x 13 cm<\/p>\n<p><img decoding=\"async\" class=\"alignnone wp-image-11471\" src=\"https:\/\/boutique.laventure.michelin.com\/wp-content\/uploads\/2021\/01\/Image2.png\" alt=\"\" width=\"32\" height=\"29\">Material: Recycled PU, recycled PET<\/p>\n<p><img decoding=\"async\" class=\"alignnone wp-image-6331\" src=\"https:\/\/boutique.laventure.michelin.com\/wp-content\/uploads\/2021\/01\/82.png\" alt=\"\" width=\"29\" height=\"29\" srcset=\"https:\/\/boutique.laventure.michelin.com\/wp-content\/uploads\/2021\/01\/82.png 200w, https:\/\/boutique.laventure.michelin.com\/wp-content\/uploads\/2021\/01\/82-150x150.png 150w, https:\/\/boutique.laventure.michelin.com\/wp-content\/uploads\/2021\/01\/82-50x50.png 50w, https:\/\/boutique.laventure.michelin.com\/wp-content\/uploads\/2021\/01\/82-100x100.png 100w, https:\/\/boutique.laventure.michelin.com\/wp-content\/uploads\/2021\/01\/82-64x64.png 64w\" sizes=\"(max-width: 29px) 100vw, 29px\" \/> This product is part of the Michelin ecological range.<\/p>\n","protected":false},"featured_media":39912,"comment_status":"closed","ping_status":"closed","template":"","meta":{"site-sidebar-layout":"default","site-content-layout":"","ast-site-content-layout":"default","site-content-style":"default","site-sidebar-style":"default","ast-global-header-display":"","ast-banner-title-visibility":"","ast-main-header-display":"","ast-hfb-above-header-display":"","ast-hfb-below-header-display":"","ast-hfb-mobile-header-display":"","site-post-title":"","ast-breadcrumbs-content":"","ast-featured-img":"","footer-sml-layout":"","ast-disable-related-posts":"","theme-transparent-header-meta":"default","adv-header-id-meta":"","stick-header-meta":"","header-above-stick-meta":"","header-main-stick-meta":"","header-below-stick-meta":"","astra-migrate-meta-layouts":"set","ast-page-background-enabled":"default","ast-page-background-meta":{"desktop":{"background-color":"","background-image":"","background-repeat":"repeat","background-position":"center center","background-size":"auto","background-attachment":"scroll","background-type":"","background-media":"","overlay-type":"","overlay-color":"","overlay-opacity":"","overlay-gradient":""},"tablet":{"background-color":"","background-image":"","background-repeat":"repeat","background-position":"center center","background-size":"auto","background-attachment":"scroll","background-type":"","background-media":"","overlay-type":"","overlay-color":"","overlay-opacity":"","overlay-gradient":""},"mobile":{"background-color":"","background-image":"","background-repeat":"repeat","background-position":"center center","background-size":"auto","background-attachment":"scroll","background-type":"","background-media":"","overlay-type":"","overlay-color":"","overlay-opacity":"","overlay-gradient":""}},"ast-content-background-meta":{"desktop":{"background-color":"var(--ast-global-color-5)","background-image":"","background-repeat":"repeat","background-position":"center center","background-size":"auto","background-attachment":"scroll","background-type":"","background-media":"","overlay-type":"","overlay-color":"","overlay-opacity":"","overlay-gradient":""},"tablet":{"background-color":"var(--ast-global-color-5)","background-image":"","background-repeat":"repeat","background-position":"center center","background-size":"auto","background-attachment":"scroll","background-type":"","background-media":"","overlay-type":"","overlay-color":"","overlay-opacity":"","overlay-gradient":""},"mobile":{"background-color":"var(--ast-global-color-5)","background-image":"","background-repeat":"repeat","background-position":"center center","background-size":"auto","background-attachment":"scroll","background-type":"","background-media":"","overlay-type":"","overlay-color":"","overlay-opacity":"","overlay-gradient":""}}},"product_brand":[],"product_cat":[157,167,362,374],"product_tag":[],"class_list":{"0":"post-39922","1":"product","2":"type-product","3":"status-publish","4":"has-post-thumbnail","6":"product_cat-clothing-and-accessories","7":"product_cat-eco-friendly","8":"product_cat-bags-and-luggage","9":"product_cat-eco-friendly-textiles","10":"desktop-align-left","11":"tablet-align-left","12":"mobile-align-left","13":"ast-product-gallery-layout-horizontal-slider","14":"ast-product-tabs-layout-horizontal","16":"first","17":"instock","18":"taxable","19":"shipping-taxable","20":"purchasable","21":"product-type-simple"},"yoast_head":"<!-- This site is optimized with the Yoast SEO plugin v26.7 - https:\/\/yoast.com\/wordpress\/plugins\/seo\/ -->\n<title>Michelin heritage burgundy backpack - Boutique de l&#039;Aventure Michelin<\/title>\n<meta name=\"description\" content=\"A multi-purpose backpack for everyday use, you&#039;ll be able to store your belongings safely and neatly.\" \/>\n<meta name=\"robots\" content=\"index, follow, max-snippet:-1, max-image-preview:large, max-video-preview:-1\" \/>\n<link rel=\"canonical\" href=\"https:\/\/boutique.laventure.michelin.com\/en\/product\/michelin-heritage-burgundy-backpack\/\" \/>\n<meta property=\"og:locale\" content=\"en_US\" \/>\n<meta property=\"og:type\" content=\"article\" \/>\n<meta property=\"og:title\" content=\"Michelin heritage burgundy backpack - Boutique de l&#039;Aventure Michelin\" \/>\n<meta property=\"og:description\" content=\"A multi-purpose backpack for everyday use, you&#039;ll be able to store your belongings safely and neatly.\" \/>\n<meta property=\"og:url\" content=\"https:\/\/boutique.laventure.michelin.com\/en\/product\/michelin-heritage-burgundy-backpack\/\" \/>\n<meta property=\"og:site_name\" content=\"Boutique de l&#039;Aventure Michelin\" \/>\n<meta property=\"article:publisher\" content=\"https:\/\/fr-fr.facebook.com\/laventuremichelin\/\" \/>\n<meta property=\"article:modified_time\" content=\"2026-04-13T15:48:48+00:00\" \/>\n<meta property=\"og:image\" content=\"https:\/\/boutique.laventure.michelin.com\/wp-content\/uploads\/2025\/06\/Sac-a-dos-bordeaux.png\" \/>\n\t<meta property=\"og:image:width\" content=\"1000\" \/>\n\t<meta property=\"og:image:height\" content=\"1000\" \/>\n\t<meta property=\"og:image:type\" content=\"image\/png\" \/>\n<meta name=\"twitter:card\" content=\"summary_large_image\" \/>\n<meta name=\"twitter:label1\" content=\"Est. reading time\" \/>\n\t<meta name=\"twitter:data1\" content=\"1 minute\" \/>\n<script type=\"application\/ld+json\" class=\"yoast-schema-graph\">{\"@context\":\"https:\/\/schema.org\",\"@graph\":[{\"@type\":\"WebPage\",\"@id\":\"https:\/\/boutique.laventure.michelin.com\/en\/product\/michelin-heritage-burgundy-backpack\/\",\"url\":\"https:\/\/boutique.laventure.michelin.com\/en\/product\/michelin-heritage-burgundy-backpack\/\",\"name\":\"Michelin heritage burgundy backpack - Boutique de l&#039;Aventure Michelin\",\"isPartOf\":{\"@id\":\"https:\/\/boutique.laventure.michelin.com\/en\/#website\"},\"primaryImageOfPage\":{\"@id\":\"https:\/\/boutique.laventure.michelin.com\/en\/product\/michelin-heritage-burgundy-backpack\/#primaryimage\"},\"image\":{\"@id\":\"https:\/\/boutique.laventure.michelin.com\/en\/product\/michelin-heritage-burgundy-backpack\/#primaryimage\"},\"thumbnailUrl\":\"https:\/\/boutique.laventure.michelin.com\/wp-content\/uploads\/2025\/06\/Sac-a-dos-bordeaux.png\",\"datePublished\":\"2025-06-25T15:40:35+00:00\",\"dateModified\":\"2026-04-13T15:48:48+00:00\",\"description\":\"A multi-purpose backpack for everyday use, you'll be able to store your belongings safely and neatly.\",\"breadcrumb\":{\"@id\":\"https:\/\/boutique.laventure.michelin.com\/en\/product\/michelin-heritage-burgundy-backpack\/#breadcrumb\"},\"inLanguage\":\"en-US\",\"potentialAction\":[{\"@type\":\"ReadAction\",\"target\":[\"https:\/\/boutique.laventure.michelin.com\/en\/product\/michelin-heritage-burgundy-backpack\/\"]}]},{\"@type\":\"ImageObject\",\"inLanguage\":\"en-US\",\"@id\":\"https:\/\/boutique.laventure.michelin.com\/en\/product\/michelin-heritage-burgundy-backpack\/#primaryimage\",\"url\":\"https:\/\/boutique.laventure.michelin.com\/wp-content\/uploads\/2025\/06\/Sac-a-dos-bordeaux.png\",\"contentUrl\":\"https:\/\/boutique.laventure.michelin.com\/wp-content\/uploads\/2025\/06\/Sac-a-dos-bordeaux.png\",\"width\":1000,\"height\":1000,\"caption\":\"Bacpack-burgundy-heritage-Michelin-Accessories-Michelin\"},{\"@type\":\"BreadcrumbList\",\"@id\":\"https:\/\/boutique.laventure.michelin.com\/en\/product\/michelin-heritage-burgundy-backpack\/#breadcrumb\",\"itemListElement\":[{\"@type\":\"ListItem\",\"position\":1,\"name\":\"Accueil\",\"item\":\"https:\/\/boutique.laventure.michelin.com\/en\/\"},{\"@type\":\"ListItem\",\"position\":2,\"name\":\"Shop\",\"item\":\"https:\/\/boutique.laventure.michelin.com\/en\/shop\/\"},{\"@type\":\"ListItem\",\"position\":3,\"name\":\"Michelin heritage burgundy backpack\"}]},{\"@type\":\"WebSite\",\"@id\":\"https:\/\/boutique.laventure.michelin.com\/en\/#website\",\"url\":\"https:\/\/boutique.laventure.michelin.com\/en\/\",\"name\":\"Boutique de l&#039;Aventure Michelin\",\"description\":\"\",\"publisher\":{\"@id\":\"https:\/\/boutique.laventure.michelin.com\/en\/#organization\"},\"potentialAction\":[{\"@type\":\"SearchAction\",\"target\":{\"@type\":\"EntryPoint\",\"urlTemplate\":\"https:\/\/boutique.laventure.michelin.com\/en\/?s={search_term_string}\"},\"query-input\":{\"@type\":\"PropertyValueSpecification\",\"valueRequired\":true,\"valueName\":\"search_term_string\"}}],\"inLanguage\":\"en-US\"},{\"@type\":\"Organization\",\"@id\":\"https:\/\/boutique.laventure.michelin.com\/en\/#organization\",\"name\":\"Boutique de l'Aventure Michelin\",\"url\":\"https:\/\/boutique.laventure.michelin.com\/en\/\",\"logo\":{\"@type\":\"ImageObject\",\"inLanguage\":\"en-US\",\"@id\":\"https:\/\/boutique.laventure.michelin.com\/en\/#\/schema\/logo\/image\/\",\"url\":\"https:\/\/boutique.laventure.michelin.com\/wp-content\/uploads\/2020\/12\/LOGO_LAVENTURE_MFP_VER_PASTILLES_RVB@2x.jpg\",\"contentUrl\":\"https:\/\/boutique.laventure.michelin.com\/wp-content\/uploads\/2020\/12\/LOGO_LAVENTURE_MFP_VER_PASTILLES_RVB@2x.jpg\",\"width\":1292,\"height\":1044,\"caption\":\"Boutique de l'Aventure Michelin\"},\"image\":{\"@id\":\"https:\/\/boutique.laventure.michelin.com\/en\/#\/schema\/logo\/image\/\"},\"sameAs\":[\"https:\/\/fr-fr.facebook.com\/laventuremichelin\/\"]}]}<\/script>\n<!-- \/ Yoast SEO plugin. -->","yoast_head_json":{"title":"Michelin heritage burgundy backpack - Boutique de l&#039;Aventure Michelin","description":"A multi-purpose backpack for everyday use, you'll be able to store your belongings safely and neatly.","robots":{"index":"index","follow":"follow","max-snippet":"max-snippet:-1","max-image-preview":"max-image-preview:large","max-video-preview":"max-video-preview:-1"},"canonical":"https:\/\/boutique.laventure.michelin.com\/en\/product\/michelin-heritage-burgundy-backpack\/","og_locale":"en_US","og_type":"article","og_title":"Michelin heritage burgundy backpack - Boutique de l&#039;Aventure Michelin","og_description":"A multi-purpose backpack for everyday use, you'll be able to store your belongings safely and neatly.","og_url":"https:\/\/boutique.laventure.michelin.com\/en\/product\/michelin-heritage-burgundy-backpack\/","og_site_name":"Boutique de l&#039;Aventure Michelin","article_publisher":"https:\/\/fr-fr.facebook.com\/laventuremichelin\/","article_modified_time":"2026-04-13T15:48:48+00:00","og_image":[{"width":1000,"height":1000,"url":"https:\/\/boutique.laventure.michelin.com\/wp-content\/uploads\/2025\/06\/Sac-a-dos-bordeaux.png","type":"image\/png"}],"twitter_card":"summary_large_image","twitter_misc":{"Est. reading time":"1 minute"},"schema":{"@context":"https:\/\/schema.org","@graph":[{"@type":"WebPage","@id":"https:\/\/boutique.laventure.michelin.com\/en\/product\/michelin-heritage-burgundy-backpack\/","url":"https:\/\/boutique.laventure.michelin.com\/en\/product\/michelin-heritage-burgundy-backpack\/","name":"Michelin heritage burgundy backpack - Boutique de l&#039;Aventure Michelin","isPartOf":{"@id":"https:\/\/boutique.laventure.michelin.com\/en\/#website"},"primaryImageOfPage":{"@id":"https:\/\/boutique.laventure.michelin.com\/en\/product\/michelin-heritage-burgundy-backpack\/#primaryimage"},"image":{"@id":"https:\/\/boutique.laventure.michelin.com\/en\/product\/michelin-heritage-burgundy-backpack\/#primaryimage"},"thumbnailUrl":"https:\/\/boutique.laventure.michelin.com\/wp-content\/uploads\/2025\/06\/Sac-a-dos-bordeaux.png","datePublished":"2025-06-25T15:40:35+00:00","dateModified":"2026-04-13T15:48:48+00:00","description":"A multi-purpose backpack for everyday use, you'll be able to store your belongings safely and neatly.","breadcrumb":{"@id":"https:\/\/boutique.laventure.michelin.com\/en\/product\/michelin-heritage-burgundy-backpack\/#breadcrumb"},"inLanguage":"en-US","potentialAction":[{"@type":"ReadAction","target":["https:\/\/boutique.laventure.michelin.com\/en\/product\/michelin-heritage-burgundy-backpack\/"]}]},{"@type":"ImageObject","inLanguage":"en-US","@id":"https:\/\/boutique.laventure.michelin.com\/en\/product\/michelin-heritage-burgundy-backpack\/#primaryimage","url":"https:\/\/boutique.laventure.michelin.com\/wp-content\/uploads\/2025\/06\/Sac-a-dos-bordeaux.png","contentUrl":"https:\/\/boutique.laventure.michelin.com\/wp-content\/uploads\/2025\/06\/Sac-a-dos-bordeaux.png","width":1000,"height":1000,"caption":"Bacpack-burgundy-heritage-Michelin-Accessories-Michelin"},{"@type":"BreadcrumbList","@id":"https:\/\/boutique.laventure.michelin.com\/en\/product\/michelin-heritage-burgundy-backpack\/#breadcrumb","itemListElement":[{"@type":"ListItem","position":1,"name":"Accueil","item":"https:\/\/boutique.laventure.michelin.com\/en\/"},{"@type":"ListItem","position":2,"name":"Shop","item":"https:\/\/boutique.laventure.michelin.com\/en\/shop\/"},{"@type":"ListItem","position":3,"name":"Michelin heritage burgundy backpack"}]},{"@type":"WebSite","@id":"https:\/\/boutique.laventure.michelin.com\/en\/#website","url":"https:\/\/boutique.laventure.michelin.com\/en\/","name":"Boutique de l&#039;Aventure Michelin","description":"","publisher":{"@id":"https:\/\/boutique.laventure.michelin.com\/en\/#organization"},"potentialAction":[{"@type":"SearchAction","target":{"@type":"EntryPoint","urlTemplate":"https:\/\/boutique.laventure.michelin.com\/en\/?s={search_term_string}"},"query-input":{"@type":"PropertyValueSpecification","valueRequired":true,"valueName":"search_term_string"}}],"inLanguage":"en-US"},{"@type":"Organization","@id":"https:\/\/boutique.laventure.michelin.com\/en\/#organization","name":"Boutique de l'Aventure Michelin","url":"https:\/\/boutique.laventure.michelin.com\/en\/","logo":{"@type":"ImageObject","inLanguage":"en-US","@id":"https:\/\/boutique.laventure.michelin.com\/en\/#\/schema\/logo\/image\/","url":"https:\/\/boutique.laventure.michelin.com\/wp-content\/uploads\/2020\/12\/LOGO_LAVENTURE_MFP_VER_PASTILLES_RVB@2x.jpg","contentUrl":"https:\/\/boutique.laventure.michelin.com\/wp-content\/uploads\/2020\/12\/LOGO_LAVENTURE_MFP_VER_PASTILLES_RVB@2x.jpg","width":1292,"height":1044,"caption":"Boutique de l'Aventure Michelin"},"image":{"@id":"https:\/\/boutique.laventure.michelin.com\/en\/#\/schema\/logo\/image\/"},"sameAs":["https:\/\/fr-fr.facebook.com\/laventuremichelin\/"]}]}},"_links":{"self":[{"href":"https:\/\/boutique.laventure.michelin.com\/en\/wp-json\/wp\/v2\/product\/39922","targetHints":{"allow":["GET"]}}],"collection":[{"href":"https:\/\/boutique.laventure.michelin.com\/en\/wp-json\/wp\/v2\/product"}],"about":[{"href":"https:\/\/boutique.laventure.michelin.com\/en\/wp-json\/wp\/v2\/types\/product"}],"replies":[{"embeddable":true,"href":"https:\/\/boutique.laventure.michelin.com\/en\/wp-json\/wp\/v2\/comments?post=39922"}],"wp:featuredmedia":[{"embeddable":true,"href":"https:\/\/boutique.laventure.michelin.com\/en\/wp-json\/wp\/v2\/media\/39912"}],"wp:attachment":[{"href":"https:\/\/boutique.laventure.michelin.com\/en\/wp-json\/wp\/v2\/media?parent=39922"}],"wp:term":[{"taxonomy":"product_brand","embeddable":true,"href":"https:\/\/boutique.laventure.michelin.com\/en\/wp-json\/wp\/v2\/product_brand?post=39922"},{"taxonomy":"product_cat","embeddable":true,"href":"https:\/\/boutique.laventure.michelin.com\/en\/wp-json\/wp\/v2\/product_cat?post=39922"},{"taxonomy":"product_tag","embeddable":true,"href":"https:\/\/boutique.laventure.michelin.com\/en\/wp-json\/wp\/v2\/product_tag?post=39922"}],"curies":[{"name":"wp","href":"https:\/\/api.w.org\/{rel}","templated":true}]}}