{"id":41861,"date":"2025-09-04T14:52:59","date_gmt":"2025-09-04T12:52:59","guid":{"rendered":"https:\/\/boutique.laventure.michelin.com\/produit\/discovering-heritage-michelin\/"},"modified":"2026-01-14T16:14:40","modified_gmt":"2026-01-14T15:14:40","slug":"discovering-heritage-michelin","status":"publish","type":"product","link":"https:\/\/boutique.laventure.michelin.com\/en\/product\/discovering-heritage-michelin\/","title":{"rendered":"Discovering heritage &#8211; Guide Michelin (French Edition)"},"content":{"rendered":"<p><strong>French edition<\/strong><\/p>\n<p>Discovering heritage with &#8220;La Garde du Patrimoine&#8221;<\/p>\n<p>A unique perspective on French heritage.<\/p>\n<p>The majestic Sainte-C\u00e9cile Cathedral in Albi, the surprising Palais B\u00e9n\u00e9dictine in F\u00e9camp, or the volcanic city of Le Puy-en-Velay: set off to discover 24 iconic or little-known sites of French heritage.<\/p>\n<p>A passionate photographer and founder of the \u201cLa Garde du Patrimoine\u201d community, Simon tirelessly captures images of monuments\u2014castles, villages, churches, and gardens. His striking photographs are accompanied by texts that offer both historical and anecdotal insights. <\/p>\n<dl class=\"f-productProperties__item\">\n<dt class=\"f-productProperties__term\">Number of pages : <span style=\"font-size: 16px;\">400<\/span><\/dt>\n<\/dl>\n<dl class=\"f-productProperties__item\">\n<dt class=\"f-productProperties__term\"><\/dt>\n<\/dl>\n","protected":false},"excerpt":{"rendered":"<p><strong>French edition<\/strong><\/p>\n<p>Discovering heritage with &#8220;La Garde du Patrimoine&#8221;<\/p>\n<p>A unique perspective on French heritage.<\/p>\n<p>The majestic Sainte-C\u00e9cile Cathedral in Albi, the surprising Palais B\u00e9n\u00e9dictine in F\u00e9camp, or the volcanic city of Le Puy-en-Velay: set off to discover 24 iconic or little-known sites of French heritage.<\/p>\n<p>A passionate photographer and founder of the \u201cLa Garde du Patrimoine\u201d community, Simon tirelessly captures images of monuments\u2014castles, villages, churches, and gardens. His striking photographs are accompanied by texts that offer both historical and anecdotal insights. <\/p>\n<dl class=\"f-productProperties__item\">\n<dt class=\"f-productProperties__term\">Number of pages : <span style=\"font-size: 16px;\">400<\/span><\/dt>\n<\/dl>\n","protected":false},"featured_media":47259,"comment_status":"closed","ping_status":"closed","template":"","meta":{"site-sidebar-layout":"default","site-content-layout":"","ast-site-content-layout":"default","site-content-style":"default","site-sidebar-style":"default","ast-global-header-display":"","ast-banner-title-visibility":"","ast-main-header-display":"","ast-hfb-above-header-display":"","ast-hfb-below-header-display":"","ast-hfb-mobile-header-display":"","site-post-title":"","ast-breadcrumbs-content":"","ast-featured-img":"","footer-sml-layout":"","ast-disable-related-posts":"","theme-transparent-header-meta":"default","adv-header-id-meta":"","stick-header-meta":"","header-above-stick-meta":"","header-main-stick-meta":"","header-below-stick-meta":"","astra-migrate-meta-layouts":"set","ast-page-background-enabled":"default","ast-page-background-meta":{"desktop":{"background-color":"","background-image":"","background-repeat":"repeat","background-position":"center center","background-size":"auto","background-attachment":"scroll","background-type":"","background-media":"","overlay-type":"","overlay-color":"","overlay-opacity":"","overlay-gradient":""},"tablet":{"background-color":"","background-image":"","background-repeat":"repeat","background-position":"center center","background-size":"auto","background-attachment":"scroll","background-type":"","background-media":"","overlay-type":"","overlay-color":"","overlay-opacity":"","overlay-gradient":""},"mobile":{"background-color":"","background-image":"","background-repeat":"repeat","background-position":"center center","background-size":"auto","background-attachment":"scroll","background-type":"","background-media":"","overlay-type":"","overlay-color":"","overlay-opacity":"","overlay-gradient":""}},"ast-content-background-meta":{"desktop":{"background-color":"var(--ast-global-color-5)","background-image":"","background-repeat":"repeat","background-position":"center center","background-size":"auto","background-attachment":"scroll","background-type":"","background-media":"","overlay-type":"","overlay-color":"","overlay-opacity":"","overlay-gradient":""},"tablet":{"background-color":"var(--ast-global-color-5)","background-image":"","background-repeat":"repeat","background-position":"center center","background-size":"auto","background-attachment":"scroll","background-type":"","background-media":"","overlay-type":"","overlay-color":"","overlay-opacity":"","overlay-gradient":""},"mobile":{"background-color":"var(--ast-global-color-5)","background-image":"","background-repeat":"repeat","background-position":"center center","background-size":"auto","background-attachment":"scroll","background-type":"","background-media":"","overlay-type":"","overlay-color":"","overlay-opacity":"","overlay-gradient":""}}},"product_brand":[],"product_cat":[366,206,344],"product_tag":[],"class_list":{"0":"post-41861","1":"product","2":"type-product","3":"status-publish","4":"has-post-thumbnail","6":"product_cat-travel-guides","7":"product_cat-trips-guides-michelin","8":"product_cat-trips-in-france","9":"desktop-align-left","10":"tablet-align-left","11":"mobile-align-left","12":"ast-product-gallery-layout-horizontal-slider","13":"ast-product-gallery-with-no-image","14":"ast-product-tabs-layout-horizontal","16":"first","17":"instock","18":"taxable","19":"shipping-taxable","20":"purchasable","21":"product-type-simple"},"yoast_head":"<!-- This site is optimized with the Yoast SEO plugin v26.7 - https:\/\/yoast.com\/wordpress\/plugins\/seo\/ -->\n<title>Discovering heritage - Guide Michelin (French Edition) - Boutique de l&#039;Aventure Michelin<\/title>\n<meta name=\"description\" content=\"Discover 24 iconic or little-known sites of French heritage with the Garde du Patrimoine (Heritage Guard) and Simon, a passionate photographer.\" \/>\n<meta name=\"robots\" content=\"index, follow, max-snippet:-1, max-image-preview:large, max-video-preview:-1\" \/>\n<link rel=\"canonical\" href=\"https:\/\/boutique.laventure.michelin.com\/en\/product\/discovering-heritage-michelin\/\" \/>\n<meta property=\"og:locale\" content=\"en_US\" \/>\n<meta property=\"og:type\" content=\"article\" \/>\n<meta property=\"og:title\" content=\"Discovering heritage - Guide Michelin (French Edition) - Boutique de l&#039;Aventure Michelin\" \/>\n<meta property=\"og:description\" content=\"Discover 24 iconic or little-known sites of French heritage with the Garde du Patrimoine (Heritage Guard) and Simon, a passionate photographer.\" \/>\n<meta property=\"og:url\" content=\"https:\/\/boutique.laventure.michelin.com\/en\/product\/discovering-heritage-michelin\/\" \/>\n<meta property=\"og:site_name\" content=\"Boutique de l&#039;Aventure Michelin\" \/>\n<meta property=\"article:publisher\" content=\"https:\/\/fr-fr.facebook.com\/laventuremichelin\/\" \/>\n<meta property=\"article:modified_time\" content=\"2026-01-14T15:14:40+00:00\" \/>\n<meta property=\"og:image\" content=\"https:\/\/boutique.laventure.michelin.com\/wp-content\/uploads\/2025\/09\/A-la-decouverte-du-patrimoine-2.png\" \/>\n\t<meta property=\"og:image:width\" content=\"2482\" \/>\n\t<meta property=\"og:image:height\" content=\"2475\" \/>\n\t<meta property=\"og:image:type\" content=\"image\/png\" \/>\n<meta name=\"twitter:card\" content=\"summary_large_image\" \/>\n<meta name=\"twitter:label1\" content=\"Est. reading time\" \/>\n\t<meta name=\"twitter:data1\" content=\"1 minute\" \/>\n<script type=\"application\/ld+json\" class=\"yoast-schema-graph\">{\"@context\":\"https:\/\/schema.org\",\"@graph\":[{\"@type\":\"WebPage\",\"@id\":\"https:\/\/boutique.laventure.michelin.com\/en\/product\/discovering-heritage-michelin\/\",\"url\":\"https:\/\/boutique.laventure.michelin.com\/en\/product\/discovering-heritage-michelin\/\",\"name\":\"Discovering heritage - Guide Michelin (French Edition) - Boutique de l&#039;Aventure Michelin\",\"isPartOf\":{\"@id\":\"https:\/\/boutique.laventure.michelin.com\/en\/#website\"},\"primaryImageOfPage\":{\"@id\":\"https:\/\/boutique.laventure.michelin.com\/en\/product\/discovering-heritage-michelin\/#primaryimage\"},\"image\":{\"@id\":\"https:\/\/boutique.laventure.michelin.com\/en\/product\/discovering-heritage-michelin\/#primaryimage\"},\"thumbnailUrl\":\"https:\/\/boutique.laventure.michelin.com\/wp-content\/uploads\/2025\/09\/A-la-decouverte-du-patrimoine-2.png\",\"datePublished\":\"2025-09-04T12:52:59+00:00\",\"dateModified\":\"2026-01-14T15:14:40+00:00\",\"description\":\"Discover 24 iconic or little-known sites of French heritage with the Garde du Patrimoine (Heritage Guard) and Simon, a passionate photographer.\",\"breadcrumb\":{\"@id\":\"https:\/\/boutique.laventure.michelin.com\/en\/product\/discovering-heritage-michelin\/#breadcrumb\"},\"inLanguage\":\"en-US\",\"potentialAction\":[{\"@type\":\"ReadAction\",\"target\":[\"https:\/\/boutique.laventure.michelin.com\/en\/product\/discovering-heritage-michelin\/\"]}]},{\"@type\":\"ImageObject\",\"inLanguage\":\"en-US\",\"@id\":\"https:\/\/boutique.laventure.michelin.com\/en\/product\/discovering-heritage-michelin\/#primaryimage\",\"url\":\"https:\/\/boutique.laventure.michelin.com\/wp-content\/uploads\/2025\/09\/A-la-decouverte-du-patrimoine-2.png\",\"contentUrl\":\"https:\/\/boutique.laventure.michelin.com\/wp-content\/uploads\/2025\/09\/A-la-decouverte-du-patrimoine-2.png\",\"width\":2482,\"height\":2475,\"caption\":\"A la d\u00e9couverte du patrimoine\"},{\"@type\":\"BreadcrumbList\",\"@id\":\"https:\/\/boutique.laventure.michelin.com\/en\/product\/discovering-heritage-michelin\/#breadcrumb\",\"itemListElement\":[{\"@type\":\"ListItem\",\"position\":1,\"name\":\"Accueil\",\"item\":\"https:\/\/boutique.laventure.michelin.com\/en\/\"},{\"@type\":\"ListItem\",\"position\":2,\"name\":\"Shop\",\"item\":\"https:\/\/boutique.laventure.michelin.com\/en\/shop\/\"},{\"@type\":\"ListItem\",\"position\":3,\"name\":\"Discovering heritage &#8211; Guide Michelin (French Edition)\"}]},{\"@type\":\"WebSite\",\"@id\":\"https:\/\/boutique.laventure.michelin.com\/en\/#website\",\"url\":\"https:\/\/boutique.laventure.michelin.com\/en\/\",\"name\":\"Boutique de l&#039;Aventure Michelin\",\"description\":\"\",\"publisher\":{\"@id\":\"https:\/\/boutique.laventure.michelin.com\/en\/#organization\"},\"potentialAction\":[{\"@type\":\"SearchAction\",\"target\":{\"@type\":\"EntryPoint\",\"urlTemplate\":\"https:\/\/boutique.laventure.michelin.com\/en\/?s={search_term_string}\"},\"query-input\":{\"@type\":\"PropertyValueSpecification\",\"valueRequired\":true,\"valueName\":\"search_term_string\"}}],\"inLanguage\":\"en-US\"},{\"@type\":\"Organization\",\"@id\":\"https:\/\/boutique.laventure.michelin.com\/en\/#organization\",\"name\":\"Boutique de l'Aventure Michelin\",\"url\":\"https:\/\/boutique.laventure.michelin.com\/en\/\",\"logo\":{\"@type\":\"ImageObject\",\"inLanguage\":\"en-US\",\"@id\":\"https:\/\/boutique.laventure.michelin.com\/en\/#\/schema\/logo\/image\/\",\"url\":\"https:\/\/boutique.laventure.michelin.com\/wp-content\/uploads\/2020\/12\/LOGO_LAVENTURE_MFP_VER_PASTILLES_RVB@2x.jpg\",\"contentUrl\":\"https:\/\/boutique.laventure.michelin.com\/wp-content\/uploads\/2020\/12\/LOGO_LAVENTURE_MFP_VER_PASTILLES_RVB@2x.jpg\",\"width\":1292,\"height\":1044,\"caption\":\"Boutique de l'Aventure Michelin\"},\"image\":{\"@id\":\"https:\/\/boutique.laventure.michelin.com\/en\/#\/schema\/logo\/image\/\"},\"sameAs\":[\"https:\/\/fr-fr.facebook.com\/laventuremichelin\/\"]}]}<\/script>\n<!-- \/ Yoast SEO plugin. -->","yoast_head_json":{"title":"Discovering heritage - Guide Michelin (French Edition) - Boutique de l&#039;Aventure Michelin","description":"Discover 24 iconic or little-known sites of French heritage with the Garde du Patrimoine (Heritage Guard) and Simon, a passionate photographer.","robots":{"index":"index","follow":"follow","max-snippet":"max-snippet:-1","max-image-preview":"max-image-preview:large","max-video-preview":"max-video-preview:-1"},"canonical":"https:\/\/boutique.laventure.michelin.com\/en\/product\/discovering-heritage-michelin\/","og_locale":"en_US","og_type":"article","og_title":"Discovering heritage - Guide Michelin (French Edition) - Boutique de l&#039;Aventure Michelin","og_description":"Discover 24 iconic or little-known sites of French heritage with the Garde du Patrimoine (Heritage Guard) and Simon, a passionate photographer.","og_url":"https:\/\/boutique.laventure.michelin.com\/en\/product\/discovering-heritage-michelin\/","og_site_name":"Boutique de l&#039;Aventure Michelin","article_publisher":"https:\/\/fr-fr.facebook.com\/laventuremichelin\/","article_modified_time":"2026-01-14T15:14:40+00:00","og_image":[{"width":2482,"height":2475,"url":"https:\/\/boutique.laventure.michelin.com\/wp-content\/uploads\/2025\/09\/A-la-decouverte-du-patrimoine-2.png","type":"image\/png"}],"twitter_card":"summary_large_image","twitter_misc":{"Est. reading time":"1 minute"},"schema":{"@context":"https:\/\/schema.org","@graph":[{"@type":"WebPage","@id":"https:\/\/boutique.laventure.michelin.com\/en\/product\/discovering-heritage-michelin\/","url":"https:\/\/boutique.laventure.michelin.com\/en\/product\/discovering-heritage-michelin\/","name":"Discovering heritage - Guide Michelin (French Edition) - Boutique de l&#039;Aventure Michelin","isPartOf":{"@id":"https:\/\/boutique.laventure.michelin.com\/en\/#website"},"primaryImageOfPage":{"@id":"https:\/\/boutique.laventure.michelin.com\/en\/product\/discovering-heritage-michelin\/#primaryimage"},"image":{"@id":"https:\/\/boutique.laventure.michelin.com\/en\/product\/discovering-heritage-michelin\/#primaryimage"},"thumbnailUrl":"https:\/\/boutique.laventure.michelin.com\/wp-content\/uploads\/2025\/09\/A-la-decouverte-du-patrimoine-2.png","datePublished":"2025-09-04T12:52:59+00:00","dateModified":"2026-01-14T15:14:40+00:00","description":"Discover 24 iconic or little-known sites of French heritage with the Garde du Patrimoine (Heritage Guard) and Simon, a passionate photographer.","breadcrumb":{"@id":"https:\/\/boutique.laventure.michelin.com\/en\/product\/discovering-heritage-michelin\/#breadcrumb"},"inLanguage":"en-US","potentialAction":[{"@type":"ReadAction","target":["https:\/\/boutique.laventure.michelin.com\/en\/product\/discovering-heritage-michelin\/"]}]},{"@type":"ImageObject","inLanguage":"en-US","@id":"https:\/\/boutique.laventure.michelin.com\/en\/product\/discovering-heritage-michelin\/#primaryimage","url":"https:\/\/boutique.laventure.michelin.com\/wp-content\/uploads\/2025\/09\/A-la-decouverte-du-patrimoine-2.png","contentUrl":"https:\/\/boutique.laventure.michelin.com\/wp-content\/uploads\/2025\/09\/A-la-decouverte-du-patrimoine-2.png","width":2482,"height":2475,"caption":"A la d\u00e9couverte du patrimoine"},{"@type":"BreadcrumbList","@id":"https:\/\/boutique.laventure.michelin.com\/en\/product\/discovering-heritage-michelin\/#breadcrumb","itemListElement":[{"@type":"ListItem","position":1,"name":"Accueil","item":"https:\/\/boutique.laventure.michelin.com\/en\/"},{"@type":"ListItem","position":2,"name":"Shop","item":"https:\/\/boutique.laventure.michelin.com\/en\/shop\/"},{"@type":"ListItem","position":3,"name":"Discovering heritage &#8211; Guide Michelin (French Edition)"}]},{"@type":"WebSite","@id":"https:\/\/boutique.laventure.michelin.com\/en\/#website","url":"https:\/\/boutique.laventure.michelin.com\/en\/","name":"Boutique de l&#039;Aventure Michelin","description":"","publisher":{"@id":"https:\/\/boutique.laventure.michelin.com\/en\/#organization"},"potentialAction":[{"@type":"SearchAction","target":{"@type":"EntryPoint","urlTemplate":"https:\/\/boutique.laventure.michelin.com\/en\/?s={search_term_string}"},"query-input":{"@type":"PropertyValueSpecification","valueRequired":true,"valueName":"search_term_string"}}],"inLanguage":"en-US"},{"@type":"Organization","@id":"https:\/\/boutique.laventure.michelin.com\/en\/#organization","name":"Boutique de l'Aventure Michelin","url":"https:\/\/boutique.laventure.michelin.com\/en\/","logo":{"@type":"ImageObject","inLanguage":"en-US","@id":"https:\/\/boutique.laventure.michelin.com\/en\/#\/schema\/logo\/image\/","url":"https:\/\/boutique.laventure.michelin.com\/wp-content\/uploads\/2020\/12\/LOGO_LAVENTURE_MFP_VER_PASTILLES_RVB@2x.jpg","contentUrl":"https:\/\/boutique.laventure.michelin.com\/wp-content\/uploads\/2020\/12\/LOGO_LAVENTURE_MFP_VER_PASTILLES_RVB@2x.jpg","width":1292,"height":1044,"caption":"Boutique de l'Aventure Michelin"},"image":{"@id":"https:\/\/boutique.laventure.michelin.com\/en\/#\/schema\/logo\/image\/"},"sameAs":["https:\/\/fr-fr.facebook.com\/laventuremichelin\/"]}]}},"_links":{"self":[{"href":"https:\/\/boutique.laventure.michelin.com\/en\/wp-json\/wp\/v2\/product\/41861","targetHints":{"allow":["GET"]}}],"collection":[{"href":"https:\/\/boutique.laventure.michelin.com\/en\/wp-json\/wp\/v2\/product"}],"about":[{"href":"https:\/\/boutique.laventure.michelin.com\/en\/wp-json\/wp\/v2\/types\/product"}],"replies":[{"embeddable":true,"href":"https:\/\/boutique.laventure.michelin.com\/en\/wp-json\/wp\/v2\/comments?post=41861"}],"wp:featuredmedia":[{"embeddable":true,"href":"https:\/\/boutique.laventure.michelin.com\/en\/wp-json\/wp\/v2\/media\/47259"}],"wp:attachment":[{"href":"https:\/\/boutique.laventure.michelin.com\/en\/wp-json\/wp\/v2\/media?parent=41861"}],"wp:term":[{"taxonomy":"product_brand","embeddable":true,"href":"https:\/\/boutique.laventure.michelin.com\/en\/wp-json\/wp\/v2\/product_brand?post=41861"},{"taxonomy":"product_cat","embeddable":true,"href":"https:\/\/boutique.laventure.michelin.com\/en\/wp-json\/wp\/v2\/product_cat?post=41861"},{"taxonomy":"product_tag","embeddable":true,"href":"https:\/\/boutique.laventure.michelin.com\/en\/wp-json\/wp\/v2\/product_tag?post=41861"}],"curies":[{"name":"wp","href":"https:\/\/api.w.org\/{rel}","templated":true}]}}