{"id":42560,"date":"2025-09-18T11:03:21","date_gmt":"2025-09-18T09:03:21","guid":{"rendered":"https:\/\/boutique.laventure.michelin.com\/produit\/guide-vert-weekgo-majorque-minorque-ebook\/"},"modified":"2026-04-14T11:36:13","modified_gmt":"2026-04-14T09:36:13","slug":"guide-vert-weekgo-majorque-minorque-ebook","status":"publish","type":"product","link":"https:\/\/boutique.laventure.michelin.com\/en\/product\/guide-vert-weekgo-majorque-minorque-ebook\/","title":{"rendered":"Guide Vert Week&#038;GO Majorque &#038; Minorque &#8211; Ebook"},"content":{"rendered":"<p><strong>\u00c9dition Fran\u00e7aise &#8211; Livre en version num\u00e9rique<\/strong><\/p>\n<p>Laissez-vous guider par nos auteurs ! Au cours de leurs innombrables tourn\u00e9es, ils ont d\u00e9nich\u00e9 pour vous des lieux inoubliables ou insolites :<\/p>\n<p>&#8211; Les incontournables (class\u00e9s 1, 2 ou 3 \u00e9toiles) : Coves del Drach*** ; Serra de Tramuntana*** ; Cap de Fav\u00e0ritx**&#8230;<\/p>\n<p>&#8211; Les coups de coeur : Fl\u00e2ner dans les ruelles de la cit\u00e9 fortifi\u00e9e d\u2019Alc\u00fadia ; Parcourir \u00e0 pied, \u00e0 cheval ou \u00e0 v\u00e9lo le Cam\u00ed de Cavalls ; Arpenter les rues des petites villes de l\u2019int\u00e9rieur des terres de Majorque&#8230;<\/p>\n<p>&#8211; Les bonnes adresses pour tous les budgets : se restaurer, prendre un verre, shopping, sortir, se loger.<\/p>\n<p>&#8211; Des suggestions d\u2019itin\u00e9raires : Majorque en 3 jours ; Minorque en 3 jours.<\/p>\n<p>Retrouvez \u00e9galement :<\/p>\n<p>&#8211; De nombreux plans d\u00e9taill\u00e9s.<\/p>\n<p>&#8211; Un plan d&#8217;ensemble d\u00e9tachable pour retrouver les adresses et les principaux sites \u00e9toil\u00e9s de la destination.<\/p>\n<p>&#8211; Toutes les infos mises \u00e0 jour dans cette nouvelle \u00e9dition.<\/p>\n<p>Pensez \u00e0 utilisez en compl\u00e9ment notre Carte R\u00e9gional Bal\u00e9ares n\u00b0579.<\/p>\n<p>MICHELIN vous GuideVert l&#8217;Europe de vos r\u00eaves !<\/p>\n","protected":false},"excerpt":{"rendered":"<p><strong>\u00c9dition Fran\u00e7aise &#8211; Livre en version num\u00e9rique<\/strong><\/p>\n<p>Laissez-vous guider par nos auteurs ! Au cours de leurs innombrables tourn\u00e9es, ils ont d\u00e9nich\u00e9 pour vous des lieux inoubliables ou insolites :<\/p>\n<p>&#8211; Les incontournables (class\u00e9s 1, 2 ou 3 \u00e9toiles) : Coves del Drach*** ; Serra de Tramuntana*** ; Cap de Fav\u00e0ritx**&#8230;<\/p>\n<p>&#8211; Les coups de coeur : Fl\u00e2ner dans les ruelles de la cit\u00e9 fortifi\u00e9e d\u2019Alc\u00fadia ; Parcourir \u00e0 pied, \u00e0 cheval ou \u00e0 v\u00e9lo le Cam\u00ed de Cavalls ; Arpenter les rues des petites villes de l\u2019int\u00e9rieur des terres de Majorque&#8230;<\/p>\n<p>&#8211; Les bonnes adresses pour tous les budgets : se restaurer, prendre un verre, shopping, sortir, se loger.<\/p>\n<p>&#8211; Des suggestions d\u2019itin\u00e9raires : Majorque en 3 jours ; Minorque en 3 jours.<\/p>\n<p>Retrouvez \u00e9galement :<\/p>\n<p>&#8211; De nombreux plans d\u00e9taill\u00e9s.<\/p>\n<p>&#8211; Un plan d&#8217;ensemble d\u00e9tachable pour retrouver les adresses et les principaux sites \u00e9toil\u00e9s de la destination.<\/p>\n<p>&#8211; Toutes les infos mises \u00e0 jour dans cette nouvelle \u00e9dition.<\/p>\n<p>Pensez \u00e0 utilisez en compl\u00e9ment notre Carte R\u00e9gional Bal\u00e9ares n\u00b0579.<\/p>\n<p>MICHELIN vous GuideVert l&#8217;Europe de vos r\u00eaves !<\/p>\n","protected":false},"featured_media":42558,"comment_status":"open","ping_status":"closed","template":"","meta":{"site-sidebar-layout":"default","site-content-layout":"","ast-site-content-layout":"default","site-content-style":"default","site-sidebar-style":"default","ast-global-header-display":"","ast-banner-title-visibility":"","ast-main-header-display":"","ast-hfb-above-header-display":"","ast-hfb-below-header-display":"","ast-hfb-mobile-header-display":"","site-post-title":"","ast-breadcrumbs-content":"","ast-featured-img":"","footer-sml-layout":"","ast-disable-related-posts":"","theme-transparent-header-meta":"default","adv-header-id-meta":"","stick-header-meta":"","header-above-stick-meta":"","header-main-stick-meta":"","header-below-stick-meta":"","astra-migrate-meta-layouts":"set","ast-page-background-enabled":"default","ast-page-background-meta":{"desktop":{"background-color":"","background-image":"","background-repeat":"repeat","background-position":"center center","background-size":"auto","background-attachment":"scroll","background-type":"","background-media":"","overlay-type":"","overlay-color":"","overlay-opacity":"","overlay-gradient":""},"tablet":{"background-color":"","background-image":"","background-repeat":"repeat","background-position":"center center","background-size":"auto","background-attachment":"scroll","background-type":"","background-media":"","overlay-type":"","overlay-color":"","overlay-opacity":"","overlay-gradient":""},"mobile":{"background-color":"","background-image":"","background-repeat":"repeat","background-position":"center center","background-size":"auto","background-attachment":"scroll","background-type":"","background-media":"","overlay-type":"","overlay-color":"","overlay-opacity":"","overlay-gradient":""}},"ast-content-background-meta":{"desktop":{"background-color":"var(--ast-global-color-5)","background-image":"","background-repeat":"repeat","background-position":"center center","background-size":"auto","background-attachment":"scroll","background-type":"","background-media":"","overlay-type":"","overlay-color":"","overlay-opacity":"","overlay-gradient":""},"tablet":{"background-color":"var(--ast-global-color-5)","background-image":"","background-repeat":"repeat","background-position":"center center","background-size":"auto","background-attachment":"scroll","background-type":"","background-media":"","overlay-type":"","overlay-color":"","overlay-opacity":"","overlay-gradient":""},"mobile":{"background-color":"var(--ast-global-color-5)","background-image":"","background-repeat":"repeat","background-position":"center center","background-size":"auto","background-attachment":"scroll","background-type":"","background-media":"","overlay-type":"","overlay-color":"","overlay-opacity":"","overlay-gradient":""}}},"product_brand":[],"product_cat":[329],"product_tag":[],"class_list":{"0":"post-42560","1":"product","2":"type-product","3":"status-publish","4":"has-post-thumbnail","6":"product_cat-ebook-en","7":"desktop-align-left","8":"tablet-align-left","9":"mobile-align-left","10":"ast-product-gallery-layout-horizontal-slider","11":"ast-product-gallery-with-no-image","12":"ast-product-tabs-layout-horizontal","14":"first","15":"instock","16":"downloadable","17":"virtual","18":"taxable","19":"purchasable","20":"product-type-simple"},"yoast_head":"<!-- This site is optimized with the Yoast SEO plugin v26.7 - https:\/\/yoast.com\/wordpress\/plugins\/seo\/ -->\n<title>Guide Vert Week&amp;GO Majorque &amp; Minorque - Ebook - Boutique de l&#039;Aventure Michelin<\/title>\n<meta name=\"description\" content=\"Laissez-vous guider par nos auteurs ! Au cours de leurs innombrables tourn\u00e9es, ils ont d\u00e9nich\u00e9 pour vous des lieux inoubliables ou insolites\" \/>\n<meta name=\"robots\" content=\"index, follow, max-snippet:-1, max-image-preview:large, max-video-preview:-1\" \/>\n<link rel=\"canonical\" href=\"https:\/\/boutique.laventure.michelin.com\/en\/product\/guide-vert-weekgo-majorque-minorque-ebook\/\" \/>\n<meta property=\"og:locale\" content=\"en_US\" \/>\n<meta property=\"og:type\" content=\"article\" \/>\n<meta property=\"og:title\" content=\"Guide Vert Week&amp;GO Majorque &amp; Minorque - Ebook - Boutique de l&#039;Aventure Michelin\" \/>\n<meta property=\"og:description\" content=\"Laissez-vous guider par nos auteurs ! Au cours de leurs innombrables tourn\u00e9es, ils ont d\u00e9nich\u00e9 pour vous des lieux inoubliables ou insolites\" \/>\n<meta property=\"og:url\" content=\"https:\/\/boutique.laventure.michelin.com\/en\/product\/guide-vert-weekgo-majorque-minorque-ebook\/\" \/>\n<meta property=\"og:site_name\" content=\"Boutique de l&#039;Aventure Michelin\" \/>\n<meta property=\"article:publisher\" content=\"https:\/\/fr-fr.facebook.com\/laventuremichelin\/\" \/>\n<meta property=\"article:modified_time\" content=\"2026-04-14T09:36:13+00:00\" \/>\n<meta property=\"og:image\" content=\"https:\/\/boutique.laventure.michelin.com\/wp-content\/uploads\/2025\/09\/9bf39bd32047d4bd688c448115d8c318622535-3.jpg\" \/>\n\t<meta property=\"og:image:width\" content=\"1000\" \/>\n\t<meta property=\"og:image:height\" content=\"1322\" \/>\n\t<meta property=\"og:image:type\" content=\"image\/jpeg\" \/>\n<meta name=\"twitter:card\" content=\"summary_large_image\" \/>\n<meta name=\"twitter:label1\" content=\"Est. reading time\" \/>\n\t<meta name=\"twitter:data1\" content=\"1 minute\" \/>\n<script type=\"application\/ld+json\" class=\"yoast-schema-graph\">{\"@context\":\"https:\/\/schema.org\",\"@graph\":[{\"@type\":\"WebPage\",\"@id\":\"https:\/\/boutique.laventure.michelin.com\/en\/product\/guide-vert-weekgo-majorque-minorque-ebook\/\",\"url\":\"https:\/\/boutique.laventure.michelin.com\/en\/product\/guide-vert-weekgo-majorque-minorque-ebook\/\",\"name\":\"Guide Vert Week&GO Majorque & Minorque - Ebook - Boutique de l&#039;Aventure Michelin\",\"isPartOf\":{\"@id\":\"https:\/\/boutique.laventure.michelin.com\/en\/#website\"},\"primaryImageOfPage\":{\"@id\":\"https:\/\/boutique.laventure.michelin.com\/en\/product\/guide-vert-weekgo-majorque-minorque-ebook\/#primaryimage\"},\"image\":{\"@id\":\"https:\/\/boutique.laventure.michelin.com\/en\/product\/guide-vert-weekgo-majorque-minorque-ebook\/#primaryimage\"},\"thumbnailUrl\":\"https:\/\/boutique.laventure.michelin.com\/wp-content\/uploads\/2025\/09\/9bf39bd32047d4bd688c448115d8c318622535-3.jpg\",\"datePublished\":\"2025-09-18T09:03:21+00:00\",\"dateModified\":\"2026-04-14T09:36:13+00:00\",\"description\":\"Laissez-vous guider par nos auteurs ! Au cours de leurs innombrables tourn\u00e9es, ils ont d\u00e9nich\u00e9 pour vous des lieux inoubliables ou insolites\",\"breadcrumb\":{\"@id\":\"https:\/\/boutique.laventure.michelin.com\/en\/product\/guide-vert-weekgo-majorque-minorque-ebook\/#breadcrumb\"},\"inLanguage\":\"en-US\",\"potentialAction\":[{\"@type\":\"ReadAction\",\"target\":[\"https:\/\/boutique.laventure.michelin.com\/en\/product\/guide-vert-weekgo-majorque-minorque-ebook\/\"]}]},{\"@type\":\"ImageObject\",\"inLanguage\":\"en-US\",\"@id\":\"https:\/\/boutique.laventure.michelin.com\/en\/product\/guide-vert-weekgo-majorque-minorque-ebook\/#primaryimage\",\"url\":\"https:\/\/boutique.laventure.michelin.com\/wp-content\/uploads\/2025\/09\/9bf39bd32047d4bd688c448115d8c318622535-3.jpg\",\"contentUrl\":\"https:\/\/boutique.laventure.michelin.com\/wp-content\/uploads\/2025\/09\/9bf39bd32047d4bd688c448115d8c318622535-3.jpg\",\"width\":1000,\"height\":1322},{\"@type\":\"BreadcrumbList\",\"@id\":\"https:\/\/boutique.laventure.michelin.com\/en\/product\/guide-vert-weekgo-majorque-minorque-ebook\/#breadcrumb\",\"itemListElement\":[{\"@type\":\"ListItem\",\"position\":1,\"name\":\"Accueil\",\"item\":\"https:\/\/boutique.laventure.michelin.com\/en\/\"},{\"@type\":\"ListItem\",\"position\":2,\"name\":\"Shop\",\"item\":\"https:\/\/boutique.laventure.michelin.com\/en\/shop\/\"},{\"@type\":\"ListItem\",\"position\":3,\"name\":\"Guide Vert Week&#038;GO Majorque &#038; Minorque &#8211; Ebook\"}]},{\"@type\":\"WebSite\",\"@id\":\"https:\/\/boutique.laventure.michelin.com\/en\/#website\",\"url\":\"https:\/\/boutique.laventure.michelin.com\/en\/\",\"name\":\"Boutique de l&#039;Aventure Michelin\",\"description\":\"\",\"publisher\":{\"@id\":\"https:\/\/boutique.laventure.michelin.com\/en\/#organization\"},\"potentialAction\":[{\"@type\":\"SearchAction\",\"target\":{\"@type\":\"EntryPoint\",\"urlTemplate\":\"https:\/\/boutique.laventure.michelin.com\/en\/?s={search_term_string}\"},\"query-input\":{\"@type\":\"PropertyValueSpecification\",\"valueRequired\":true,\"valueName\":\"search_term_string\"}}],\"inLanguage\":\"en-US\"},{\"@type\":\"Organization\",\"@id\":\"https:\/\/boutique.laventure.michelin.com\/en\/#organization\",\"name\":\"Boutique de l'Aventure Michelin\",\"url\":\"https:\/\/boutique.laventure.michelin.com\/en\/\",\"logo\":{\"@type\":\"ImageObject\",\"inLanguage\":\"en-US\",\"@id\":\"https:\/\/boutique.laventure.michelin.com\/en\/#\/schema\/logo\/image\/\",\"url\":\"https:\/\/boutique.laventure.michelin.com\/wp-content\/uploads\/2020\/12\/LOGO_LAVENTURE_MFP_VER_PASTILLES_RVB@2x.jpg\",\"contentUrl\":\"https:\/\/boutique.laventure.michelin.com\/wp-content\/uploads\/2020\/12\/LOGO_LAVENTURE_MFP_VER_PASTILLES_RVB@2x.jpg\",\"width\":1292,\"height\":1044,\"caption\":\"Boutique de l'Aventure Michelin\"},\"image\":{\"@id\":\"https:\/\/boutique.laventure.michelin.com\/en\/#\/schema\/logo\/image\/\"},\"sameAs\":[\"https:\/\/fr-fr.facebook.com\/laventuremichelin\/\"]}]}<\/script>\n<!-- \/ Yoast SEO plugin. -->","yoast_head_json":{"title":"Guide Vert Week&GO Majorque & Minorque - Ebook - Boutique de l&#039;Aventure Michelin","description":"Laissez-vous guider par nos auteurs ! Au cours de leurs innombrables tourn\u00e9es, ils ont d\u00e9nich\u00e9 pour vous des lieux inoubliables ou insolites","robots":{"index":"index","follow":"follow","max-snippet":"max-snippet:-1","max-image-preview":"max-image-preview:large","max-video-preview":"max-video-preview:-1"},"canonical":"https:\/\/boutique.laventure.michelin.com\/en\/product\/guide-vert-weekgo-majorque-minorque-ebook\/","og_locale":"en_US","og_type":"article","og_title":"Guide Vert Week&GO Majorque & Minorque - Ebook - Boutique de l&#039;Aventure Michelin","og_description":"Laissez-vous guider par nos auteurs ! Au cours de leurs innombrables tourn\u00e9es, ils ont d\u00e9nich\u00e9 pour vous des lieux inoubliables ou insolites","og_url":"https:\/\/boutique.laventure.michelin.com\/en\/product\/guide-vert-weekgo-majorque-minorque-ebook\/","og_site_name":"Boutique de l&#039;Aventure Michelin","article_publisher":"https:\/\/fr-fr.facebook.com\/laventuremichelin\/","article_modified_time":"2026-04-14T09:36:13+00:00","og_image":[{"width":1000,"height":1322,"url":"https:\/\/boutique.laventure.michelin.com\/wp-content\/uploads\/2025\/09\/9bf39bd32047d4bd688c448115d8c318622535-3.jpg","type":"image\/jpeg"}],"twitter_card":"summary_large_image","twitter_misc":{"Est. reading time":"1 minute"},"schema":{"@context":"https:\/\/schema.org","@graph":[{"@type":"WebPage","@id":"https:\/\/boutique.laventure.michelin.com\/en\/product\/guide-vert-weekgo-majorque-minorque-ebook\/","url":"https:\/\/boutique.laventure.michelin.com\/en\/product\/guide-vert-weekgo-majorque-minorque-ebook\/","name":"Guide Vert Week&GO Majorque & Minorque - Ebook - Boutique de l&#039;Aventure Michelin","isPartOf":{"@id":"https:\/\/boutique.laventure.michelin.com\/en\/#website"},"primaryImageOfPage":{"@id":"https:\/\/boutique.laventure.michelin.com\/en\/product\/guide-vert-weekgo-majorque-minorque-ebook\/#primaryimage"},"image":{"@id":"https:\/\/boutique.laventure.michelin.com\/en\/product\/guide-vert-weekgo-majorque-minorque-ebook\/#primaryimage"},"thumbnailUrl":"https:\/\/boutique.laventure.michelin.com\/wp-content\/uploads\/2025\/09\/9bf39bd32047d4bd688c448115d8c318622535-3.jpg","datePublished":"2025-09-18T09:03:21+00:00","dateModified":"2026-04-14T09:36:13+00:00","description":"Laissez-vous guider par nos auteurs ! Au cours de leurs innombrables tourn\u00e9es, ils ont d\u00e9nich\u00e9 pour vous des lieux inoubliables ou insolites","breadcrumb":{"@id":"https:\/\/boutique.laventure.michelin.com\/en\/product\/guide-vert-weekgo-majorque-minorque-ebook\/#breadcrumb"},"inLanguage":"en-US","potentialAction":[{"@type":"ReadAction","target":["https:\/\/boutique.laventure.michelin.com\/en\/product\/guide-vert-weekgo-majorque-minorque-ebook\/"]}]},{"@type":"ImageObject","inLanguage":"en-US","@id":"https:\/\/boutique.laventure.michelin.com\/en\/product\/guide-vert-weekgo-majorque-minorque-ebook\/#primaryimage","url":"https:\/\/boutique.laventure.michelin.com\/wp-content\/uploads\/2025\/09\/9bf39bd32047d4bd688c448115d8c318622535-3.jpg","contentUrl":"https:\/\/boutique.laventure.michelin.com\/wp-content\/uploads\/2025\/09\/9bf39bd32047d4bd688c448115d8c318622535-3.jpg","width":1000,"height":1322},{"@type":"BreadcrumbList","@id":"https:\/\/boutique.laventure.michelin.com\/en\/product\/guide-vert-weekgo-majorque-minorque-ebook\/#breadcrumb","itemListElement":[{"@type":"ListItem","position":1,"name":"Accueil","item":"https:\/\/boutique.laventure.michelin.com\/en\/"},{"@type":"ListItem","position":2,"name":"Shop","item":"https:\/\/boutique.laventure.michelin.com\/en\/shop\/"},{"@type":"ListItem","position":3,"name":"Guide Vert Week&#038;GO Majorque &#038; Minorque &#8211; Ebook"}]},{"@type":"WebSite","@id":"https:\/\/boutique.laventure.michelin.com\/en\/#website","url":"https:\/\/boutique.laventure.michelin.com\/en\/","name":"Boutique de l&#039;Aventure Michelin","description":"","publisher":{"@id":"https:\/\/boutique.laventure.michelin.com\/en\/#organization"},"potentialAction":[{"@type":"SearchAction","target":{"@type":"EntryPoint","urlTemplate":"https:\/\/boutique.laventure.michelin.com\/en\/?s={search_term_string}"},"query-input":{"@type":"PropertyValueSpecification","valueRequired":true,"valueName":"search_term_string"}}],"inLanguage":"en-US"},{"@type":"Organization","@id":"https:\/\/boutique.laventure.michelin.com\/en\/#organization","name":"Boutique de l'Aventure Michelin","url":"https:\/\/boutique.laventure.michelin.com\/en\/","logo":{"@type":"ImageObject","inLanguage":"en-US","@id":"https:\/\/boutique.laventure.michelin.com\/en\/#\/schema\/logo\/image\/","url":"https:\/\/boutique.laventure.michelin.com\/wp-content\/uploads\/2020\/12\/LOGO_LAVENTURE_MFP_VER_PASTILLES_RVB@2x.jpg","contentUrl":"https:\/\/boutique.laventure.michelin.com\/wp-content\/uploads\/2020\/12\/LOGO_LAVENTURE_MFP_VER_PASTILLES_RVB@2x.jpg","width":1292,"height":1044,"caption":"Boutique de l'Aventure Michelin"},"image":{"@id":"https:\/\/boutique.laventure.michelin.com\/en\/#\/schema\/logo\/image\/"},"sameAs":["https:\/\/fr-fr.facebook.com\/laventuremichelin\/"]}]}},"_links":{"self":[{"href":"https:\/\/boutique.laventure.michelin.com\/en\/wp-json\/wp\/v2\/product\/42560","targetHints":{"allow":["GET"]}}],"collection":[{"href":"https:\/\/boutique.laventure.michelin.com\/en\/wp-json\/wp\/v2\/product"}],"about":[{"href":"https:\/\/boutique.laventure.michelin.com\/en\/wp-json\/wp\/v2\/types\/product"}],"replies":[{"embeddable":true,"href":"https:\/\/boutique.laventure.michelin.com\/en\/wp-json\/wp\/v2\/comments?post=42560"}],"wp:featuredmedia":[{"embeddable":true,"href":"https:\/\/boutique.laventure.michelin.com\/en\/wp-json\/wp\/v2\/media\/42558"}],"wp:attachment":[{"href":"https:\/\/boutique.laventure.michelin.com\/en\/wp-json\/wp\/v2\/media?parent=42560"}],"wp:term":[{"taxonomy":"product_brand","embeddable":true,"href":"https:\/\/boutique.laventure.michelin.com\/en\/wp-json\/wp\/v2\/product_brand?post=42560"},{"taxonomy":"product_cat","embeddable":true,"href":"https:\/\/boutique.laventure.michelin.com\/en\/wp-json\/wp\/v2\/product_cat?post=42560"},{"taxonomy":"product_tag","embeddable":true,"href":"https:\/\/boutique.laventure.michelin.com\/en\/wp-json\/wp\/v2\/product_tag?post=42560"}],"curies":[{"name":"wp","href":"https:\/\/api.w.org\/{rel}","templated":true}]}}