{"id":42612,"date":"2025-09-18T11:03:59","date_gmt":"2025-09-18T09:03:59","guid":{"rendered":"https:\/\/boutique.laventure.michelin.com\/produit\/guide-vert-islande-ebook\/"},"modified":"2026-04-14T11:36:09","modified_gmt":"2026-04-14T09:36:09","slug":"guide-vert-islande-ebook","status":"publish","type":"product","link":"https:\/\/boutique.laventure.michelin.com\/en\/product\/guide-vert-islande-ebook\/","title":{"rendered":"Guide Vert Islande &#8211; Ebook"},"content":{"rendered":"<p><strong>\u00c9dition Fran\u00e7aise &#8211; Livre en version num\u00e9rique<\/strong><\/p>\n<p>Laissez-vous guider par nos auteurs ! Au cours de leurs innombrables tourn\u00e9es, ils ont d\u00e9nich\u00e9 pour vous des lieux inoubliables ou insolites :<\/p>\n<p><strong>&#8211; Les incontournables (class\u00e9s 1, 2 ou 3 \u00e9toiles) :<\/strong>\u00a0L\u00e1trabjarg***, Gullfoss***, Le Lagon bleu***&#8230;<\/p>\n<p><strong>&#8211; Les coups de coeur :<\/strong>\u00a0Contempler une aurore bor\u00e9ale entre mi-septembre et fin mars ; S\u2019accorder une s\u00e9ance de natation \u00e0 la piscine d\u2019Hofs\u00f3s ; Traverser le d\u00e9sert de sable noir de M\u00e6lifellssandur&#8230;<\/p>\n<p><strong>&#8211; Les bonnes adresses pour tous les budgets :<\/strong>\u00a0se restaurer, prendre un verre, shopping, sortir, se loger<\/p>\n<p><strong>&#8211; Les meilleurs spots en famille (activit\u00e9s pour les 6-14 ans) :<\/strong>\u00a0Rencontre avec les baleines \u00e0 H\u00fasav\u00edk ; Slalom entre les gla\u00e7ons au lac J\u00f6kuls\u00e1rl\u00f3n ; Odeur de soufre \u00e0 N\u00e1mafjall&#8230;<\/p>\n<p><strong>&#8211; Des suggestions d\u2019itin\u00e9raires :<\/strong>\u00a0Trois semaines tout-terrain en 21 jours ; Les fjords de l\u2019Ouest en 10 jours&#8230;<\/p>\n<p>Retrouvez \u00e9galement :<\/p>\n<p><strong>&#8211; De nombreux cartes et plans<\/strong>\u00a0pour retrouver\u00a0<strong>les principaux sites \u00e9toil\u00e9s<\/strong>\u00a0de la destination.<\/p>\n<p><strong>&#8211; Toutes les infos mises \u00e0 jour dans cette nouvelle \u00e9dition<\/strong><\/p>\n<p><strong>Ce guide est divis\u00e9 en 6 micro-r\u00e9gions :<\/strong>\u00a0Reykjav\u00edk et la p\u00e9ninsule de Reykjanes ; Le sud de l\u2019Islande ; L\u2019est de l\u2019Islande ; Les Hautes Terres ; Le nord de l\u2019Islande ; L\u2019ouest de l\u2019Islande&#8230;<\/p>\n<p><strong>Pensez \u00e0 utiliser en compl\u00e9ment notre Carte National n\u00b0750.<\/strong><\/p>\n","protected":false},"excerpt":{"rendered":"<p><strong>\u00c9dition Fran\u00e7aise &#8211; Livre en version num\u00e9rique<\/strong><\/p>\n<p>Laissez-vous guider par nos auteurs ! Au cours de leurs innombrables tourn\u00e9es, ils ont d\u00e9nich\u00e9 pour vous des lieux inoubliables ou insolites :<\/p>\n<p><strong>&#8211; Les incontournables (class\u00e9s 1, 2 ou 3 \u00e9toiles) :<\/strong>\u00a0L\u00e1trabjarg***, Gullfoss***, Le Lagon bleu***&#8230;<\/p>\n<p><strong>&#8211; Les coups de coeur :<\/strong>\u00a0Contempler une aurore bor\u00e9ale entre mi-septembre et fin mars ; S\u2019accorder une s\u00e9ance de natation \u00e0 la piscine d\u2019Hofs\u00f3s ; Traverser le d\u00e9sert de sable noir de M\u00e6lifellssandur&#8230;<\/p>\n<p><strong>&#8211; Les bonnes adresses pour tous les budgets :<\/strong>\u00a0se restaurer, prendre un verre, shopping, sortir, se loger<\/p>\n<p><strong>&#8211; Les meilleurs spots en famille (activit\u00e9s pour les 6-14 ans) :<\/strong>\u00a0Rencontre avec les baleines \u00e0 H\u00fasav\u00edk ; Slalom entre les gla\u00e7ons au lac J\u00f6kuls\u00e1rl\u00f3n ; Odeur de soufre \u00e0 N\u00e1mafjall&#8230;<\/p>\n<p><strong>&#8211; Des suggestions d\u2019itin\u00e9raires :<\/strong>\u00a0Trois semaines tout-terrain en 21 jours ; Les fjords de l\u2019Ouest en 10 jours&#8230;<\/p>\n<p>Retrouvez \u00e9galement :<\/p>\n<p><strong>&#8211; De nombreux cartes et plans<\/strong>\u00a0pour retrouver\u00a0<strong>les principaux sites \u00e9toil\u00e9s<\/strong>\u00a0de la destination.<\/p>\n<p><strong>&#8211; Toutes les infos mises \u00e0 jour dans cette nouvelle \u00e9dition<\/strong><\/p>\n<p><strong>Ce guide est divis\u00e9 en 6 micro-r\u00e9gions :<\/strong>\u00a0Reykjav\u00edk et la p\u00e9ninsule de Reykjanes ; Le sud de l\u2019Islande ; L\u2019est de l\u2019Islande ; Les Hautes Terres ; Le nord de l\u2019Islande ; L\u2019ouest de l\u2019Islande&#8230;<\/p>\n<p><strong>Pensez \u00e0 utiliser en compl\u00e9ment notre Carte National n\u00b0750.<\/strong><\/p>\n","protected":false},"featured_media":42610,"comment_status":"open","ping_status":"closed","template":"","meta":{"site-sidebar-layout":"default","site-content-layout":"","ast-site-content-layout":"default","site-content-style":"default","site-sidebar-style":"default","ast-global-header-display":"","ast-banner-title-visibility":"","ast-main-header-display":"","ast-hfb-above-header-display":"","ast-hfb-below-header-display":"","ast-hfb-mobile-header-display":"","site-post-title":"","ast-breadcrumbs-content":"","ast-featured-img":"","footer-sml-layout":"","ast-disable-related-posts":"","theme-transparent-header-meta":"default","adv-header-id-meta":"","stick-header-meta":"","header-above-stick-meta":"","header-main-stick-meta":"","header-below-stick-meta":"","astra-migrate-meta-layouts":"set","ast-page-background-enabled":"default","ast-page-background-meta":{"desktop":{"background-color":"","background-image":"","background-repeat":"repeat","background-position":"center center","background-size":"auto","background-attachment":"scroll","background-type":"","background-media":"","overlay-type":"","overlay-color":"","overlay-opacity":"","overlay-gradient":""},"tablet":{"background-color":"","background-image":"","background-repeat":"repeat","background-position":"center center","background-size":"auto","background-attachment":"scroll","background-type":"","background-media":"","overlay-type":"","overlay-color":"","overlay-opacity":"","overlay-gradient":""},"mobile":{"background-color":"","background-image":"","background-repeat":"repeat","background-position":"center center","background-size":"auto","background-attachment":"scroll","background-type":"","background-media":"","overlay-type":"","overlay-color":"","overlay-opacity":"","overlay-gradient":""}},"ast-content-background-meta":{"desktop":{"background-color":"var(--ast-global-color-5)","background-image":"","background-repeat":"repeat","background-position":"center center","background-size":"auto","background-attachment":"scroll","background-type":"","background-media":"","overlay-type":"","overlay-color":"","overlay-opacity":"","overlay-gradient":""},"tablet":{"background-color":"var(--ast-global-color-5)","background-image":"","background-repeat":"repeat","background-position":"center center","background-size":"auto","background-attachment":"scroll","background-type":"","background-media":"","overlay-type":"","overlay-color":"","overlay-opacity":"","overlay-gradient":""},"mobile":{"background-color":"var(--ast-global-color-5)","background-image":"","background-repeat":"repeat","background-position":"center center","background-size":"auto","background-attachment":"scroll","background-type":"","background-media":"","overlay-type":"","overlay-color":"","overlay-opacity":"","overlay-gradient":""}}},"product_brand":[],"product_cat":[329],"product_tag":[],"class_list":{"0":"post-42612","1":"product","2":"type-product","3":"status-publish","4":"has-post-thumbnail","6":"product_cat-ebook-en","7":"desktop-align-left","8":"tablet-align-left","9":"mobile-align-left","10":"ast-product-gallery-layout-horizontal-slider","11":"ast-product-gallery-with-no-image","12":"ast-product-tabs-layout-horizontal","14":"first","15":"instock","16":"downloadable","17":"virtual","18":"taxable","19":"purchasable","20":"product-type-simple"},"yoast_head":"<!-- This site is optimized with the Yoast SEO plugin v26.7 - https:\/\/yoast.com\/wordpress\/plugins\/seo\/ -->\n<title>Guide Vert Islande - Ebook - Boutique de l&#039;Aventure Michelin<\/title>\n<meta name=\"description\" content=\"Laissez-vous guider par nos auteurs ! Au cours de leurs innombrables tourn\u00e9es, ils ont d\u00e9nich\u00e9 pour vous des lieux inoubliables en Islande.\" \/>\n<meta name=\"robots\" content=\"index, follow, max-snippet:-1, max-image-preview:large, max-video-preview:-1\" \/>\n<link rel=\"canonical\" href=\"https:\/\/boutique.laventure.michelin.com\/en\/product\/guide-vert-islande-ebook\/\" \/>\n<meta property=\"og:locale\" content=\"en_US\" \/>\n<meta property=\"og:type\" content=\"article\" \/>\n<meta property=\"og:title\" content=\"Guide Vert Islande - Ebook - Boutique de l&#039;Aventure Michelin\" \/>\n<meta property=\"og:description\" content=\"Laissez-vous guider par nos auteurs ! Au cours de leurs innombrables tourn\u00e9es, ils ont d\u00e9nich\u00e9 pour vous des lieux inoubliables en Islande.\" \/>\n<meta property=\"og:url\" content=\"https:\/\/boutique.laventure.michelin.com\/en\/product\/guide-vert-islande-ebook\/\" \/>\n<meta property=\"og:site_name\" content=\"Boutique de l&#039;Aventure Michelin\" \/>\n<meta property=\"article:publisher\" content=\"https:\/\/fr-fr.facebook.com\/laventuremichelin\/\" \/>\n<meta property=\"article:modified_time\" content=\"2026-04-14T09:36:09+00:00\" \/>\n<meta property=\"og:image\" content=\"https:\/\/boutique.laventure.michelin.com\/wp-content\/uploads\/2025\/09\/89dbac1c67efc391546f3b18d3770eacc135fc-3.jpg\" \/>\n\t<meta property=\"og:image:width\" content=\"1000\" \/>\n\t<meta property=\"og:image:height\" content=\"1897\" \/>\n\t<meta property=\"og:image:type\" content=\"image\/jpeg\" \/>\n<meta name=\"twitter:card\" content=\"summary_large_image\" \/>\n<meta name=\"twitter:label1\" content=\"Est. reading time\" \/>\n\t<meta name=\"twitter:data1\" content=\"1 minute\" \/>\n<script type=\"application\/ld+json\" class=\"yoast-schema-graph\">{\"@context\":\"https:\/\/schema.org\",\"@graph\":[{\"@type\":\"WebPage\",\"@id\":\"https:\/\/boutique.laventure.michelin.com\/en\/product\/guide-vert-islande-ebook\/\",\"url\":\"https:\/\/boutique.laventure.michelin.com\/en\/product\/guide-vert-islande-ebook\/\",\"name\":\"Guide Vert Islande - Ebook - Boutique de l&#039;Aventure Michelin\",\"isPartOf\":{\"@id\":\"https:\/\/boutique.laventure.michelin.com\/en\/#website\"},\"primaryImageOfPage\":{\"@id\":\"https:\/\/boutique.laventure.michelin.com\/en\/product\/guide-vert-islande-ebook\/#primaryimage\"},\"image\":{\"@id\":\"https:\/\/boutique.laventure.michelin.com\/en\/product\/guide-vert-islande-ebook\/#primaryimage\"},\"thumbnailUrl\":\"https:\/\/boutique.laventure.michelin.com\/wp-content\/uploads\/2025\/09\/89dbac1c67efc391546f3b18d3770eacc135fc-3.jpg\",\"datePublished\":\"2025-09-18T09:03:59+00:00\",\"dateModified\":\"2026-04-14T09:36:09+00:00\",\"description\":\"Laissez-vous guider par nos auteurs ! Au cours de leurs innombrables tourn\u00e9es, ils ont d\u00e9nich\u00e9 pour vous des lieux inoubliables en Islande.\",\"breadcrumb\":{\"@id\":\"https:\/\/boutique.laventure.michelin.com\/en\/product\/guide-vert-islande-ebook\/#breadcrumb\"},\"inLanguage\":\"en-US\",\"potentialAction\":[{\"@type\":\"ReadAction\",\"target\":[\"https:\/\/boutique.laventure.michelin.com\/en\/product\/guide-vert-islande-ebook\/\"]}]},{\"@type\":\"ImageObject\",\"inLanguage\":\"en-US\",\"@id\":\"https:\/\/boutique.laventure.michelin.com\/en\/product\/guide-vert-islande-ebook\/#primaryimage\",\"url\":\"https:\/\/boutique.laventure.michelin.com\/wp-content\/uploads\/2025\/09\/89dbac1c67efc391546f3b18d3770eacc135fc-3.jpg\",\"contentUrl\":\"https:\/\/boutique.laventure.michelin.com\/wp-content\/uploads\/2025\/09\/89dbac1c67efc391546f3b18d3770eacc135fc-3.jpg\",\"width\":1000,\"height\":1897},{\"@type\":\"BreadcrumbList\",\"@id\":\"https:\/\/boutique.laventure.michelin.com\/en\/product\/guide-vert-islande-ebook\/#breadcrumb\",\"itemListElement\":[{\"@type\":\"ListItem\",\"position\":1,\"name\":\"Accueil\",\"item\":\"https:\/\/boutique.laventure.michelin.com\/en\/\"},{\"@type\":\"ListItem\",\"position\":2,\"name\":\"Shop\",\"item\":\"https:\/\/boutique.laventure.michelin.com\/en\/shop\/\"},{\"@type\":\"ListItem\",\"position\":3,\"name\":\"Guide Vert Islande &#8211; Ebook\"}]},{\"@type\":\"WebSite\",\"@id\":\"https:\/\/boutique.laventure.michelin.com\/en\/#website\",\"url\":\"https:\/\/boutique.laventure.michelin.com\/en\/\",\"name\":\"Boutique de l&#039;Aventure Michelin\",\"description\":\"\",\"publisher\":{\"@id\":\"https:\/\/boutique.laventure.michelin.com\/en\/#organization\"},\"potentialAction\":[{\"@type\":\"SearchAction\",\"target\":{\"@type\":\"EntryPoint\",\"urlTemplate\":\"https:\/\/boutique.laventure.michelin.com\/en\/?s={search_term_string}\"},\"query-input\":{\"@type\":\"PropertyValueSpecification\",\"valueRequired\":true,\"valueName\":\"search_term_string\"}}],\"inLanguage\":\"en-US\"},{\"@type\":\"Organization\",\"@id\":\"https:\/\/boutique.laventure.michelin.com\/en\/#organization\",\"name\":\"Boutique de l'Aventure Michelin\",\"url\":\"https:\/\/boutique.laventure.michelin.com\/en\/\",\"logo\":{\"@type\":\"ImageObject\",\"inLanguage\":\"en-US\",\"@id\":\"https:\/\/boutique.laventure.michelin.com\/en\/#\/schema\/logo\/image\/\",\"url\":\"https:\/\/boutique.laventure.michelin.com\/wp-content\/uploads\/2020\/12\/LOGO_LAVENTURE_MFP_VER_PASTILLES_RVB@2x.jpg\",\"contentUrl\":\"https:\/\/boutique.laventure.michelin.com\/wp-content\/uploads\/2020\/12\/LOGO_LAVENTURE_MFP_VER_PASTILLES_RVB@2x.jpg\",\"width\":1292,\"height\":1044,\"caption\":\"Boutique de l'Aventure Michelin\"},\"image\":{\"@id\":\"https:\/\/boutique.laventure.michelin.com\/en\/#\/schema\/logo\/image\/\"},\"sameAs\":[\"https:\/\/fr-fr.facebook.com\/laventuremichelin\/\"]}]}<\/script>\n<!-- \/ Yoast SEO plugin. -->","yoast_head_json":{"title":"Guide Vert Islande - Ebook - Boutique de l&#039;Aventure Michelin","description":"Laissez-vous guider par nos auteurs ! Au cours de leurs innombrables tourn\u00e9es, ils ont d\u00e9nich\u00e9 pour vous des lieux inoubliables en Islande.","robots":{"index":"index","follow":"follow","max-snippet":"max-snippet:-1","max-image-preview":"max-image-preview:large","max-video-preview":"max-video-preview:-1"},"canonical":"https:\/\/boutique.laventure.michelin.com\/en\/product\/guide-vert-islande-ebook\/","og_locale":"en_US","og_type":"article","og_title":"Guide Vert Islande - Ebook - Boutique de l&#039;Aventure Michelin","og_description":"Laissez-vous guider par nos auteurs ! Au cours de leurs innombrables tourn\u00e9es, ils ont d\u00e9nich\u00e9 pour vous des lieux inoubliables en Islande.","og_url":"https:\/\/boutique.laventure.michelin.com\/en\/product\/guide-vert-islande-ebook\/","og_site_name":"Boutique de l&#039;Aventure Michelin","article_publisher":"https:\/\/fr-fr.facebook.com\/laventuremichelin\/","article_modified_time":"2026-04-14T09:36:09+00:00","og_image":[{"width":1000,"height":1897,"url":"https:\/\/boutique.laventure.michelin.com\/wp-content\/uploads\/2025\/09\/89dbac1c67efc391546f3b18d3770eacc135fc-3.jpg","type":"image\/jpeg"}],"twitter_card":"summary_large_image","twitter_misc":{"Est. reading time":"1 minute"},"schema":{"@context":"https:\/\/schema.org","@graph":[{"@type":"WebPage","@id":"https:\/\/boutique.laventure.michelin.com\/en\/product\/guide-vert-islande-ebook\/","url":"https:\/\/boutique.laventure.michelin.com\/en\/product\/guide-vert-islande-ebook\/","name":"Guide Vert Islande - Ebook - Boutique de l&#039;Aventure Michelin","isPartOf":{"@id":"https:\/\/boutique.laventure.michelin.com\/en\/#website"},"primaryImageOfPage":{"@id":"https:\/\/boutique.laventure.michelin.com\/en\/product\/guide-vert-islande-ebook\/#primaryimage"},"image":{"@id":"https:\/\/boutique.laventure.michelin.com\/en\/product\/guide-vert-islande-ebook\/#primaryimage"},"thumbnailUrl":"https:\/\/boutique.laventure.michelin.com\/wp-content\/uploads\/2025\/09\/89dbac1c67efc391546f3b18d3770eacc135fc-3.jpg","datePublished":"2025-09-18T09:03:59+00:00","dateModified":"2026-04-14T09:36:09+00:00","description":"Laissez-vous guider par nos auteurs ! Au cours de leurs innombrables tourn\u00e9es, ils ont d\u00e9nich\u00e9 pour vous des lieux inoubliables en Islande.","breadcrumb":{"@id":"https:\/\/boutique.laventure.michelin.com\/en\/product\/guide-vert-islande-ebook\/#breadcrumb"},"inLanguage":"en-US","potentialAction":[{"@type":"ReadAction","target":["https:\/\/boutique.laventure.michelin.com\/en\/product\/guide-vert-islande-ebook\/"]}]},{"@type":"ImageObject","inLanguage":"en-US","@id":"https:\/\/boutique.laventure.michelin.com\/en\/product\/guide-vert-islande-ebook\/#primaryimage","url":"https:\/\/boutique.laventure.michelin.com\/wp-content\/uploads\/2025\/09\/89dbac1c67efc391546f3b18d3770eacc135fc-3.jpg","contentUrl":"https:\/\/boutique.laventure.michelin.com\/wp-content\/uploads\/2025\/09\/89dbac1c67efc391546f3b18d3770eacc135fc-3.jpg","width":1000,"height":1897},{"@type":"BreadcrumbList","@id":"https:\/\/boutique.laventure.michelin.com\/en\/product\/guide-vert-islande-ebook\/#breadcrumb","itemListElement":[{"@type":"ListItem","position":1,"name":"Accueil","item":"https:\/\/boutique.laventure.michelin.com\/en\/"},{"@type":"ListItem","position":2,"name":"Shop","item":"https:\/\/boutique.laventure.michelin.com\/en\/shop\/"},{"@type":"ListItem","position":3,"name":"Guide Vert Islande &#8211; Ebook"}]},{"@type":"WebSite","@id":"https:\/\/boutique.laventure.michelin.com\/en\/#website","url":"https:\/\/boutique.laventure.michelin.com\/en\/","name":"Boutique de l&#039;Aventure Michelin","description":"","publisher":{"@id":"https:\/\/boutique.laventure.michelin.com\/en\/#organization"},"potentialAction":[{"@type":"SearchAction","target":{"@type":"EntryPoint","urlTemplate":"https:\/\/boutique.laventure.michelin.com\/en\/?s={search_term_string}"},"query-input":{"@type":"PropertyValueSpecification","valueRequired":true,"valueName":"search_term_string"}}],"inLanguage":"en-US"},{"@type":"Organization","@id":"https:\/\/boutique.laventure.michelin.com\/en\/#organization","name":"Boutique de l'Aventure Michelin","url":"https:\/\/boutique.laventure.michelin.com\/en\/","logo":{"@type":"ImageObject","inLanguage":"en-US","@id":"https:\/\/boutique.laventure.michelin.com\/en\/#\/schema\/logo\/image\/","url":"https:\/\/boutique.laventure.michelin.com\/wp-content\/uploads\/2020\/12\/LOGO_LAVENTURE_MFP_VER_PASTILLES_RVB@2x.jpg","contentUrl":"https:\/\/boutique.laventure.michelin.com\/wp-content\/uploads\/2020\/12\/LOGO_LAVENTURE_MFP_VER_PASTILLES_RVB@2x.jpg","width":1292,"height":1044,"caption":"Boutique de l'Aventure Michelin"},"image":{"@id":"https:\/\/boutique.laventure.michelin.com\/en\/#\/schema\/logo\/image\/"},"sameAs":["https:\/\/fr-fr.facebook.com\/laventuremichelin\/"]}]}},"_links":{"self":[{"href":"https:\/\/boutique.laventure.michelin.com\/en\/wp-json\/wp\/v2\/product\/42612","targetHints":{"allow":["GET"]}}],"collection":[{"href":"https:\/\/boutique.laventure.michelin.com\/en\/wp-json\/wp\/v2\/product"}],"about":[{"href":"https:\/\/boutique.laventure.michelin.com\/en\/wp-json\/wp\/v2\/types\/product"}],"replies":[{"embeddable":true,"href":"https:\/\/boutique.laventure.michelin.com\/en\/wp-json\/wp\/v2\/comments?post=42612"}],"wp:featuredmedia":[{"embeddable":true,"href":"https:\/\/boutique.laventure.michelin.com\/en\/wp-json\/wp\/v2\/media\/42610"}],"wp:attachment":[{"href":"https:\/\/boutique.laventure.michelin.com\/en\/wp-json\/wp\/v2\/media?parent=42612"}],"wp:term":[{"taxonomy":"product_brand","embeddable":true,"href":"https:\/\/boutique.laventure.michelin.com\/en\/wp-json\/wp\/v2\/product_brand?post=42612"},{"taxonomy":"product_cat","embeddable":true,"href":"https:\/\/boutique.laventure.michelin.com\/en\/wp-json\/wp\/v2\/product_cat?post=42612"},{"taxonomy":"product_tag","embeddable":true,"href":"https:\/\/boutique.laventure.michelin.com\/en\/wp-json\/wp\/v2\/product_tag?post=42612"}],"curies":[{"name":"wp","href":"https:\/\/api.w.org\/{rel}","templated":true}]}}