{"id":42736,"date":"2025-09-18T11:05:31","date_gmt":"2025-09-18T09:05:31","guid":{"rendered":"https:\/\/boutique.laventure.michelin.com\/produit\/guide-vert-andalousie-ebook\/"},"modified":"2026-03-31T14:10:02","modified_gmt":"2026-03-31T12:10:02","slug":"green-guide-andalusia-ebook","status":"publish","type":"product","link":"https:\/\/boutique.laventure.michelin.com\/en\/product\/green-guide-andalusia-ebook\/","title":{"rendered":"Green Guide Andalusia &#8211; Ebook"},"content":{"rendered":"<p><strong>French Edition &#8211; EBook<\/strong><\/p>\n<p>Let our authors be your guide! During their countless tours, they have unearthed unforgettable and unusual places for you to visit:<\/p>\n<p>&#8211; Must-see attractions (rated 1, 2 or 3 stars): The Alhambra in Granada***, Seville***, Ronda**&#8230;<\/p>\n<p>&#8211; Favorites: Marvel at the sunset from the Mirador de San Nicol\u00e1s viewpoint; visit the Mosque of C\u00f3rdoba at night; attend a flamenco evening&#8230;<\/p>\n<p>&#8211; Great places for all budgets: eating out, having a drink, shopping, going out, accommodation<\/p>\n<p>&#8211; The best spots for families (activities for 6-14 year olds): outsmart the monkeys at Upper Rock in Gibraltar&#8230;; give in to the temptations of the Magic Island; become a science whizz at the Parque de las Ciencias in Granada&#8230;<\/p>\n<p>&#8211; Suggested itineraries: Seville &#8211; Cordoba &#8211; Granada in 7 days; Crossing Andalusia in 10 days&#8230;<\/p>\n<p>You will also find:<\/p>\n<p>&#8211; Numerous maps and plans to help you find the main starred sites in the destination.<\/p>\n<p>&#8211; All the information updated in this new edition<\/p>\n<p>This guide is divided into 8 micro-regions: Province of Seville; Province of C\u00f3rdoba; Province of Ja\u00e9n; Province of Granada; Province of Almer\u00eda; Province of M\u00e1laga; Province of C\u00e1diz; Province of Huelva.<\/p>\n<p>Consider using our Regional Map of Southern Spain No. 578 and our Week&amp;GO Green Guide to Andalusia as complementary resources.<\/p>\n","protected":false},"excerpt":{"rendered":"<p><strong>French Edition &#8211; EBook<\/strong><\/p>\n<p>Let our authors be your guide! During their countless tours, they have unearthed unforgettable and unusual places for you to visit:<\/p>\n<p>&#8211; Must-see attractions (rated 1, 2 or 3 stars): The Alhambra in Granada***, Seville***, Ronda**&#8230;<\/p>\n<p>&#8211; Favourites: Marvel at the sunset from the Mirador de San Nicol\u00e1s viewpoint; visit the Mosque of C\u00f3rdoba at night; attend a flamenco evening&#8230;<\/p>\n<p>&#8211; Great places for all budgets: eating out, having a drink, shopping, going out, accommodation<\/p>\n<p>&#8211; The best spots for families (activities for 6-14 year olds): outsmart the monkeys at Upper Rock in Gibraltar&#8230;; give in to the temptations of the Magic Island; become a science whizz at the Parque de las Ciencias in Granada&#8230;<\/p>\n<p>&#8211; Suggested itineraries: Seville &#8211; Cordoba &#8211; Granada in 7 days; Crossing Andalusia in 10 days&#8230;<\/p>\n<p>You will also find:<\/p>\n<p>&#8211; Numerous maps and plans to help you find the main starred sites in the destination.<\/p>\n<p>&#8211; All the information updated in this new edition<\/p>\n<p>This guide is divided into 8 micro-regions: Province of Seville; Province of C\u00f3rdoba; Province of Ja\u00e9n; Province of Granada; Province of Almer\u00eda; Province of M\u00e1laga; Province of C\u00e1diz; Province of Huelva.<\/p>\n<p>Consider using our Regional Map of Southern Spain No. 578 and our Week&amp;GO Green Guide to Andalusia as complementary resources.<\/p>\n","protected":false},"featured_media":42734,"comment_status":"open","ping_status":"closed","template":"","meta":{"site-sidebar-layout":"default","site-content-layout":"","ast-site-content-layout":"default","site-content-style":"default","site-sidebar-style":"default","ast-global-header-display":"","ast-banner-title-visibility":"","ast-main-header-display":"","ast-hfb-above-header-display":"","ast-hfb-below-header-display":"","ast-hfb-mobile-header-display":"","site-post-title":"","ast-breadcrumbs-content":"","ast-featured-img":"","footer-sml-layout":"","ast-disable-related-posts":"","theme-transparent-header-meta":"default","adv-header-id-meta":"","stick-header-meta":"","header-above-stick-meta":"","header-main-stick-meta":"","header-below-stick-meta":"","astra-migrate-meta-layouts":"set","ast-page-background-enabled":"default","ast-page-background-meta":{"desktop":{"background-color":"","background-image":"","background-repeat":"repeat","background-position":"center center","background-size":"auto","background-attachment":"scroll","background-type":"","background-media":"","overlay-type":"","overlay-color":"","overlay-opacity":"","overlay-gradient":""},"tablet":{"background-color":"","background-image":"","background-repeat":"repeat","background-position":"center center","background-size":"auto","background-attachment":"scroll","background-type":"","background-media":"","overlay-type":"","overlay-color":"","overlay-opacity":"","overlay-gradient":""},"mobile":{"background-color":"","background-image":"","background-repeat":"repeat","background-position":"center center","background-size":"auto","background-attachment":"scroll","background-type":"","background-media":"","overlay-type":"","overlay-color":"","overlay-opacity":"","overlay-gradient":""}},"ast-content-background-meta":{"desktop":{"background-color":"var(--ast-global-color-5)","background-image":"","background-repeat":"repeat","background-position":"center center","background-size":"auto","background-attachment":"scroll","background-type":"","background-media":"","overlay-type":"","overlay-color":"","overlay-opacity":"","overlay-gradient":""},"tablet":{"background-color":"var(--ast-global-color-5)","background-image":"","background-repeat":"repeat","background-position":"center center","background-size":"auto","background-attachment":"scroll","background-type":"","background-media":"","overlay-type":"","overlay-color":"","overlay-opacity":"","overlay-gradient":""},"mobile":{"background-color":"var(--ast-global-color-5)","background-image":"","background-repeat":"repeat","background-position":"center center","background-size":"auto","background-attachment":"scroll","background-type":"","background-media":"","overlay-type":"","overlay-color":"","overlay-opacity":"","overlay-gradient":""}}},"product_brand":[],"product_cat":[329],"product_tag":[],"class_list":{"0":"post-42736","1":"product","2":"type-product","3":"status-publish","4":"has-post-thumbnail","6":"product_cat-ebook-en","7":"desktop-align-left","8":"tablet-align-left","9":"mobile-align-left","10":"ast-product-gallery-layout-horizontal-slider","11":"ast-product-gallery-with-no-image","12":"ast-product-tabs-layout-horizontal","14":"first","15":"instock","16":"downloadable","17":"virtual","18":"taxable","19":"purchasable","20":"product-type-simple"},"yoast_head":"<!-- This site is optimized with the Yoast SEO plugin v26.7 - https:\/\/yoast.com\/wordpress\/plugins\/seo\/ -->\n<title>Green Guide Andalusia - Ebook - Boutique de l&#039;Aventure Michelin<\/title>\n<meta name=\"description\" content=\"Let our authors be your guides! During their countless tours, they have discovered unforgettable places in Andalusia for you to visit.\" \/>\n<meta name=\"robots\" content=\"index, follow, max-snippet:-1, max-image-preview:large, max-video-preview:-1\" \/>\n<link rel=\"canonical\" href=\"https:\/\/boutique.laventure.michelin.com\/en\/product\/green-guide-andalusia-ebook\/\" \/>\n<meta property=\"og:locale\" content=\"en_US\" \/>\n<meta property=\"og:type\" content=\"article\" \/>\n<meta property=\"og:title\" content=\"Green Guide Andalusia - Ebook - Boutique de l&#039;Aventure Michelin\" \/>\n<meta property=\"og:description\" content=\"Let our authors be your guides! During their countless tours, they have discovered unforgettable places in Andalusia for you to visit.\" \/>\n<meta property=\"og:url\" content=\"https:\/\/boutique.laventure.michelin.com\/en\/product\/green-guide-andalusia-ebook\/\" \/>\n<meta property=\"og:site_name\" content=\"Boutique de l&#039;Aventure Michelin\" \/>\n<meta property=\"article:publisher\" content=\"https:\/\/fr-fr.facebook.com\/laventuremichelin\/\" \/>\n<meta property=\"article:modified_time\" content=\"2026-03-31T12:10:02+00:00\" \/>\n<meta property=\"og:image\" content=\"https:\/\/boutique.laventure.michelin.com\/wp-content\/uploads\/2025\/09\/51af26431718d49ceb4a72bd3d79f72c7c210c-3.jpg\" \/>\n\t<meta property=\"og:image:width\" content=\"1000\" \/>\n\t<meta property=\"og:image:height\" content=\"1897\" \/>\n\t<meta property=\"og:image:type\" content=\"image\/jpeg\" \/>\n<meta name=\"twitter:card\" content=\"summary_large_image\" \/>\n<meta name=\"twitter:label1\" content=\"Est. reading time\" \/>\n\t<meta name=\"twitter:data1\" content=\"2 minutes\" \/>\n<script type=\"application\/ld+json\" class=\"yoast-schema-graph\">{\"@context\":\"https:\/\/schema.org\",\"@graph\":[{\"@type\":\"WebPage\",\"@id\":\"https:\/\/boutique.laventure.michelin.com\/en\/product\/green-guide-andalusia-ebook\/\",\"url\":\"https:\/\/boutique.laventure.michelin.com\/en\/product\/green-guide-andalusia-ebook\/\",\"name\":\"Green Guide Andalusia - Ebook - Boutique de l&#039;Aventure Michelin\",\"isPartOf\":{\"@id\":\"https:\/\/boutique.laventure.michelin.com\/en\/#website\"},\"primaryImageOfPage\":{\"@id\":\"https:\/\/boutique.laventure.michelin.com\/en\/product\/green-guide-andalusia-ebook\/#primaryimage\"},\"image\":{\"@id\":\"https:\/\/boutique.laventure.michelin.com\/en\/product\/green-guide-andalusia-ebook\/#primaryimage\"},\"thumbnailUrl\":\"https:\/\/boutique.laventure.michelin.com\/wp-content\/uploads\/2025\/09\/51af26431718d49ceb4a72bd3d79f72c7c210c-3.jpg\",\"datePublished\":\"2025-09-18T09:05:31+00:00\",\"dateModified\":\"2026-03-31T12:10:02+00:00\",\"description\":\"Let our authors be your guides! During their countless tours, they have discovered unforgettable places in Andalusia for you to visit.\",\"breadcrumb\":{\"@id\":\"https:\/\/boutique.laventure.michelin.com\/en\/product\/green-guide-andalusia-ebook\/#breadcrumb\"},\"inLanguage\":\"en-US\",\"potentialAction\":[{\"@type\":\"ReadAction\",\"target\":[\"https:\/\/boutique.laventure.michelin.com\/en\/product\/green-guide-andalusia-ebook\/\"]}]},{\"@type\":\"ImageObject\",\"inLanguage\":\"en-US\",\"@id\":\"https:\/\/boutique.laventure.michelin.com\/en\/product\/green-guide-andalusia-ebook\/#primaryimage\",\"url\":\"https:\/\/boutique.laventure.michelin.com\/wp-content\/uploads\/2025\/09\/51af26431718d49ceb4a72bd3d79f72c7c210c-3.jpg\",\"contentUrl\":\"https:\/\/boutique.laventure.michelin.com\/wp-content\/uploads\/2025\/09\/51af26431718d49ceb4a72bd3d79f72c7c210c-3.jpg\",\"width\":1000,\"height\":1897},{\"@type\":\"BreadcrumbList\",\"@id\":\"https:\/\/boutique.laventure.michelin.com\/en\/product\/green-guide-andalusia-ebook\/#breadcrumb\",\"itemListElement\":[{\"@type\":\"ListItem\",\"position\":1,\"name\":\"Accueil\",\"item\":\"https:\/\/boutique.laventure.michelin.com\/en\/\"},{\"@type\":\"ListItem\",\"position\":2,\"name\":\"Shop\",\"item\":\"https:\/\/boutique.laventure.michelin.com\/en\/shop\/\"},{\"@type\":\"ListItem\",\"position\":3,\"name\":\"Green Guide Andalusia &#8211; Ebook\"}]},{\"@type\":\"WebSite\",\"@id\":\"https:\/\/boutique.laventure.michelin.com\/en\/#website\",\"url\":\"https:\/\/boutique.laventure.michelin.com\/en\/\",\"name\":\"Boutique de l&#039;Aventure Michelin\",\"description\":\"\",\"publisher\":{\"@id\":\"https:\/\/boutique.laventure.michelin.com\/en\/#organization\"},\"potentialAction\":[{\"@type\":\"SearchAction\",\"target\":{\"@type\":\"EntryPoint\",\"urlTemplate\":\"https:\/\/boutique.laventure.michelin.com\/en\/?s={search_term_string}\"},\"query-input\":{\"@type\":\"PropertyValueSpecification\",\"valueRequired\":true,\"valueName\":\"search_term_string\"}}],\"inLanguage\":\"en-US\"},{\"@type\":\"Organization\",\"@id\":\"https:\/\/boutique.laventure.michelin.com\/en\/#organization\",\"name\":\"Boutique de l'Aventure Michelin\",\"url\":\"https:\/\/boutique.laventure.michelin.com\/en\/\",\"logo\":{\"@type\":\"ImageObject\",\"inLanguage\":\"en-US\",\"@id\":\"https:\/\/boutique.laventure.michelin.com\/en\/#\/schema\/logo\/image\/\",\"url\":\"https:\/\/boutique.laventure.michelin.com\/wp-content\/uploads\/2020\/12\/LOGO_LAVENTURE_MFP_VER_PASTILLES_RVB@2x.jpg\",\"contentUrl\":\"https:\/\/boutique.laventure.michelin.com\/wp-content\/uploads\/2020\/12\/LOGO_LAVENTURE_MFP_VER_PASTILLES_RVB@2x.jpg\",\"width\":1292,\"height\":1044,\"caption\":\"Boutique de l'Aventure Michelin\"},\"image\":{\"@id\":\"https:\/\/boutique.laventure.michelin.com\/en\/#\/schema\/logo\/image\/\"},\"sameAs\":[\"https:\/\/fr-fr.facebook.com\/laventuremichelin\/\"]}]}<\/script>\n<!-- \/ Yoast SEO plugin. -->","yoast_head_json":{"title":"Green Guide Andalusia - Ebook - Boutique de l&#039;Aventure Michelin","description":"Let our authors be your guides! During their countless tours, they have discovered unforgettable places in Andalusia for you to visit.","robots":{"index":"index","follow":"follow","max-snippet":"max-snippet:-1","max-image-preview":"max-image-preview:large","max-video-preview":"max-video-preview:-1"},"canonical":"https:\/\/boutique.laventure.michelin.com\/en\/product\/green-guide-andalusia-ebook\/","og_locale":"en_US","og_type":"article","og_title":"Green Guide Andalusia - Ebook - Boutique de l&#039;Aventure Michelin","og_description":"Let our authors be your guides! During their countless tours, they have discovered unforgettable places in Andalusia for you to visit.","og_url":"https:\/\/boutique.laventure.michelin.com\/en\/product\/green-guide-andalusia-ebook\/","og_site_name":"Boutique de l&#039;Aventure Michelin","article_publisher":"https:\/\/fr-fr.facebook.com\/laventuremichelin\/","article_modified_time":"2026-03-31T12:10:02+00:00","og_image":[{"width":1000,"height":1897,"url":"https:\/\/boutique.laventure.michelin.com\/wp-content\/uploads\/2025\/09\/51af26431718d49ceb4a72bd3d79f72c7c210c-3.jpg","type":"image\/jpeg"}],"twitter_card":"summary_large_image","twitter_misc":{"Est. reading time":"2 minutes"},"schema":{"@context":"https:\/\/schema.org","@graph":[{"@type":"WebPage","@id":"https:\/\/boutique.laventure.michelin.com\/en\/product\/green-guide-andalusia-ebook\/","url":"https:\/\/boutique.laventure.michelin.com\/en\/product\/green-guide-andalusia-ebook\/","name":"Green Guide Andalusia - Ebook - Boutique de l&#039;Aventure Michelin","isPartOf":{"@id":"https:\/\/boutique.laventure.michelin.com\/en\/#website"},"primaryImageOfPage":{"@id":"https:\/\/boutique.laventure.michelin.com\/en\/product\/green-guide-andalusia-ebook\/#primaryimage"},"image":{"@id":"https:\/\/boutique.laventure.michelin.com\/en\/product\/green-guide-andalusia-ebook\/#primaryimage"},"thumbnailUrl":"https:\/\/boutique.laventure.michelin.com\/wp-content\/uploads\/2025\/09\/51af26431718d49ceb4a72bd3d79f72c7c210c-3.jpg","datePublished":"2025-09-18T09:05:31+00:00","dateModified":"2026-03-31T12:10:02+00:00","description":"Let our authors be your guides! During their countless tours, they have discovered unforgettable places in Andalusia for you to visit.","breadcrumb":{"@id":"https:\/\/boutique.laventure.michelin.com\/en\/product\/green-guide-andalusia-ebook\/#breadcrumb"},"inLanguage":"en-US","potentialAction":[{"@type":"ReadAction","target":["https:\/\/boutique.laventure.michelin.com\/en\/product\/green-guide-andalusia-ebook\/"]}]},{"@type":"ImageObject","inLanguage":"en-US","@id":"https:\/\/boutique.laventure.michelin.com\/en\/product\/green-guide-andalusia-ebook\/#primaryimage","url":"https:\/\/boutique.laventure.michelin.com\/wp-content\/uploads\/2025\/09\/51af26431718d49ceb4a72bd3d79f72c7c210c-3.jpg","contentUrl":"https:\/\/boutique.laventure.michelin.com\/wp-content\/uploads\/2025\/09\/51af26431718d49ceb4a72bd3d79f72c7c210c-3.jpg","width":1000,"height":1897},{"@type":"BreadcrumbList","@id":"https:\/\/boutique.laventure.michelin.com\/en\/product\/green-guide-andalusia-ebook\/#breadcrumb","itemListElement":[{"@type":"ListItem","position":1,"name":"Accueil","item":"https:\/\/boutique.laventure.michelin.com\/en\/"},{"@type":"ListItem","position":2,"name":"Shop","item":"https:\/\/boutique.laventure.michelin.com\/en\/shop\/"},{"@type":"ListItem","position":3,"name":"Green Guide Andalusia &#8211; Ebook"}]},{"@type":"WebSite","@id":"https:\/\/boutique.laventure.michelin.com\/en\/#website","url":"https:\/\/boutique.laventure.michelin.com\/en\/","name":"Boutique de l&#039;Aventure Michelin","description":"","publisher":{"@id":"https:\/\/boutique.laventure.michelin.com\/en\/#organization"},"potentialAction":[{"@type":"SearchAction","target":{"@type":"EntryPoint","urlTemplate":"https:\/\/boutique.laventure.michelin.com\/en\/?s={search_term_string}"},"query-input":{"@type":"PropertyValueSpecification","valueRequired":true,"valueName":"search_term_string"}}],"inLanguage":"en-US"},{"@type":"Organization","@id":"https:\/\/boutique.laventure.michelin.com\/en\/#organization","name":"Boutique de l'Aventure Michelin","url":"https:\/\/boutique.laventure.michelin.com\/en\/","logo":{"@type":"ImageObject","inLanguage":"en-US","@id":"https:\/\/boutique.laventure.michelin.com\/en\/#\/schema\/logo\/image\/","url":"https:\/\/boutique.laventure.michelin.com\/wp-content\/uploads\/2020\/12\/LOGO_LAVENTURE_MFP_VER_PASTILLES_RVB@2x.jpg","contentUrl":"https:\/\/boutique.laventure.michelin.com\/wp-content\/uploads\/2020\/12\/LOGO_LAVENTURE_MFP_VER_PASTILLES_RVB@2x.jpg","width":1292,"height":1044,"caption":"Boutique de l'Aventure Michelin"},"image":{"@id":"https:\/\/boutique.laventure.michelin.com\/en\/#\/schema\/logo\/image\/"},"sameAs":["https:\/\/fr-fr.facebook.com\/laventuremichelin\/"]}]}},"_links":{"self":[{"href":"https:\/\/boutique.laventure.michelin.com\/en\/wp-json\/wp\/v2\/product\/42736","targetHints":{"allow":["GET"]}}],"collection":[{"href":"https:\/\/boutique.laventure.michelin.com\/en\/wp-json\/wp\/v2\/product"}],"about":[{"href":"https:\/\/boutique.laventure.michelin.com\/en\/wp-json\/wp\/v2\/types\/product"}],"replies":[{"embeddable":true,"href":"https:\/\/boutique.laventure.michelin.com\/en\/wp-json\/wp\/v2\/comments?post=42736"}],"wp:featuredmedia":[{"embeddable":true,"href":"https:\/\/boutique.laventure.michelin.com\/en\/wp-json\/wp\/v2\/media\/42734"}],"wp:attachment":[{"href":"https:\/\/boutique.laventure.michelin.com\/en\/wp-json\/wp\/v2\/media?parent=42736"}],"wp:term":[{"taxonomy":"product_brand","embeddable":true,"href":"https:\/\/boutique.laventure.michelin.com\/en\/wp-json\/wp\/v2\/product_brand?post=42736"},{"taxonomy":"product_cat","embeddable":true,"href":"https:\/\/boutique.laventure.michelin.com\/en\/wp-json\/wp\/v2\/product_cat?post=42736"},{"taxonomy":"product_tag","embeddable":true,"href":"https:\/\/boutique.laventure.michelin.com\/en\/wp-json\/wp\/v2\/product_tag?post=42736"}],"curies":[{"name":"wp","href":"https:\/\/api.w.org\/{rel}","templated":true}]}}