{"id":45731,"date":"2025-12-17T10:04:47","date_gmt":"2025-12-17T09:04:47","guid":{"rendered":"https:\/\/boutique.laventure.michelin.com\/produit\/1944-michelin-under-allied-bombing-helene-saint-andre\/"},"modified":"2026-04-02T16:30:06","modified_gmt":"2026-04-02T14:30:06","slug":"1944-michelin-under-allied-bombing-helene-saint-andre","status":"publish","type":"product","link":"https:\/\/boutique.laventure.michelin.com\/en\/product\/1944-michelin-under-allied-bombing-helene-saint-andre\/","title":{"rendered":"1944 Michelin Under Allied Bombing \u2013 H\u00e9l\u00e8ne Saint-Andr\u00e9"},"content":{"rendered":"<p data-start=\"41\" data-end=\"549\">This book explores the Allied bombing of the Michelin Cataroux factory in Clermont-Ferrand on March 16, 1944. The raid claimed 21 lives, left many injured, and made hundreds homeless, yet it remains largely absent from public memory. Drawing on historical analysis, the author examines the causes and significance of the attack, placing it within the broader evolution of aerial warfare as it spread far beyond the front lines, and gives voice to the civilian experience of living under bombardment.<\/p>\n<p data-start=\"551\" data-end=\"898\">Author: H\u00e9l\u00e8ne Saint-Andr\u00e9, PhD in Contemporary History. She is the author of the doctoral thesis Auvergne Under the Bombs: History and Memory of Civilians in Aerial Warfare (1939\u20132014).<\/p>\n<p>Book format: 10 \u00d7 17 cm<\/p>\n<p>45 Pages<\/p>\n<p>French Edition<\/p>\n","protected":false},"excerpt":{"rendered":"<p data-start=\"41\" data-end=\"549\">This book explores the Allied bombing of the Michelin Cataroux factory in Clermont-Ferrand on March 16, 1944. The raid claimed 21 lives, left many injured, and made hundreds homeless, yet it remains largely absent from public memory. Drawing on historical analysis, the author examines the causes and significance of the attack, placing it within the broader evolution of aerial warfare as it spread far beyond the front lines, and gives voice to the civilian experience of living under bombardment.<\/p>\n<p data-start=\"551\" data-end=\"898\">Author: H\u00e9l\u00e8ne Saint-Andr\u00e9, PhD in Contemporary History. She is the author of the doctoral thesis Auvergne Under the Bombs: History and Memory of Civilians in Aerial Warfare (1939\u20132014).<\/p>\n<p>Book format: 10 \u00d7 17 cm<\/p>\n<p>45 Pages<\/p>\n<p>French Edition<\/p>\n","protected":false},"featured_media":45714,"comment_status":"closed","ping_status":"closed","template":"","meta":{"site-sidebar-layout":"default","site-content-layout":"","ast-site-content-layout":"default","site-content-style":"default","site-sidebar-style":"default","ast-global-header-display":"","ast-banner-title-visibility":"","ast-main-header-display":"","ast-hfb-above-header-display":"","ast-hfb-below-header-display":"","ast-hfb-mobile-header-display":"","site-post-title":"","ast-breadcrumbs-content":"","ast-featured-img":"","footer-sml-layout":"","ast-disable-related-posts":"","theme-transparent-header-meta":"default","adv-header-id-meta":"","stick-header-meta":"","header-above-stick-meta":"","header-main-stick-meta":"","header-below-stick-meta":"","astra-migrate-meta-layouts":"set","ast-page-background-enabled":"default","ast-page-background-meta":{"desktop":{"background-color":"","background-image":"","background-repeat":"repeat","background-position":"center center","background-size":"auto","background-attachment":"scroll","background-type":"","background-media":"","overlay-type":"","overlay-color":"","overlay-opacity":"","overlay-gradient":""},"tablet":{"background-color":"","background-image":"","background-repeat":"repeat","background-position":"center center","background-size":"auto","background-attachment":"scroll","background-type":"","background-media":"","overlay-type":"","overlay-color":"","overlay-opacity":"","overlay-gradient":""},"mobile":{"background-color":"","background-image":"","background-repeat":"repeat","background-position":"center center","background-size":"auto","background-attachment":"scroll","background-type":"","background-media":"","overlay-type":"","overlay-color":"","overlay-opacity":"","overlay-gradient":""}},"ast-content-background-meta":{"desktop":{"background-color":"var(--ast-global-color-5)","background-image":"","background-repeat":"repeat","background-position":"center center","background-size":"auto","background-attachment":"scroll","background-type":"","background-media":"","overlay-type":"","overlay-color":"","overlay-opacity":"","overlay-gradient":""},"tablet":{"background-color":"var(--ast-global-color-5)","background-image":"","background-repeat":"repeat","background-position":"center center","background-size":"auto","background-attachment":"scroll","background-type":"","background-media":"","overlay-type":"","overlay-color":"","overlay-opacity":"","overlay-gradient":""},"mobile":{"background-color":"var(--ast-global-color-5)","background-image":"","background-repeat":"repeat","background-position":"center center","background-size":"auto","background-attachment":"scroll","background-type":"","background-media":"","overlay-type":"","overlay-color":"","overlay-opacity":"","overlay-gradient":""}}},"product_brand":[],"product_cat":[154,354],"product_tag":[],"class_list":{"0":"post-45731","1":"product","2":"type-product","3":"status-publish","4":"has-post-thumbnail","6":"product_cat-book-shop","7":"product_cat-books-on-laventure-michelin","8":"desktop-align-left","9":"tablet-align-left","10":"mobile-align-left","11":"ast-product-gallery-layout-horizontal-slider","12":"ast-product-gallery-with-no-image","13":"ast-product-tabs-layout-horizontal","15":"first","16":"instock","17":"taxable","18":"shipping-taxable","19":"purchasable","20":"product-type-simple"},"yoast_head":"<!-- This site is optimized with the Yoast SEO plugin v26.7 - https:\/\/yoast.com\/wordpress\/plugins\/seo\/ -->\n<title>1944 Michelin Under Allied Bombing \u2013 H\u00e9l\u00e8ne Saint-Andr\u00e9 - Boutique de l&#039;Aventure Michelin<\/title>\n<meta name=\"description\" content=\"The 1944 bombing of the Michelin Cataroux factory: a historical analysis of aerial warfare and the civilian experience in Clermont-Ferrand.\" \/>\n<meta name=\"robots\" content=\"index, follow, max-snippet:-1, max-image-preview:large, max-video-preview:-1\" \/>\n<link rel=\"canonical\" href=\"https:\/\/boutique.laventure.michelin.com\/en\/product\/1944-michelin-under-allied-bombing-helene-saint-andre\/\" \/>\n<meta property=\"og:locale\" content=\"en_US\" \/>\n<meta property=\"og:type\" content=\"article\" \/>\n<meta property=\"og:title\" content=\"1944 Michelin Under Allied Bombing \u2013 H\u00e9l\u00e8ne Saint-Andr\u00e9 - Boutique de l&#039;Aventure Michelin\" \/>\n<meta property=\"og:description\" content=\"The 1944 bombing of the Michelin Cataroux factory: a historical analysis of aerial warfare and the civilian experience in Clermont-Ferrand.\" \/>\n<meta property=\"og:url\" content=\"https:\/\/boutique.laventure.michelin.com\/en\/product\/1944-michelin-under-allied-bombing-helene-saint-andre\/\" \/>\n<meta property=\"og:site_name\" content=\"Boutique de l&#039;Aventure Michelin\" \/>\n<meta property=\"article:publisher\" content=\"https:\/\/fr-fr.facebook.com\/laventuremichelin\/\" \/>\n<meta property=\"article:modified_time\" content=\"2026-04-02T14:30:06+00:00\" \/>\n<meta property=\"og:image\" content=\"https:\/\/boutique.laventure.michelin.com\/wp-content\/uploads\/2025\/12\/1944-michelin-sous-les-bombes.png\" \/>\n\t<meta property=\"og:image:width\" content=\"1538\" \/>\n\t<meta property=\"og:image:height\" content=\"1537\" \/>\n\t<meta property=\"og:image:type\" content=\"image\/png\" \/>\n<meta name=\"twitter:card\" content=\"summary_large_image\" \/>\n<meta name=\"twitter:label1\" content=\"Est. reading time\" \/>\n\t<meta name=\"twitter:data1\" content=\"1 minute\" \/>\n<script type=\"application\/ld+json\" class=\"yoast-schema-graph\">{\"@context\":\"https:\/\/schema.org\",\"@graph\":[{\"@type\":\"WebPage\",\"@id\":\"https:\/\/boutique.laventure.michelin.com\/en\/product\/1944-michelin-under-allied-bombing-helene-saint-andre\/\",\"url\":\"https:\/\/boutique.laventure.michelin.com\/en\/product\/1944-michelin-under-allied-bombing-helene-saint-andre\/\",\"name\":\"1944 Michelin Under Allied Bombing \u2013 H\u00e9l\u00e8ne Saint-Andr\u00e9 - Boutique de l&#039;Aventure Michelin\",\"isPartOf\":{\"@id\":\"https:\/\/boutique.laventure.michelin.com\/en\/#website\"},\"primaryImageOfPage\":{\"@id\":\"https:\/\/boutique.laventure.michelin.com\/en\/product\/1944-michelin-under-allied-bombing-helene-saint-andre\/#primaryimage\"},\"image\":{\"@id\":\"https:\/\/boutique.laventure.michelin.com\/en\/product\/1944-michelin-under-allied-bombing-helene-saint-andre\/#primaryimage\"},\"thumbnailUrl\":\"https:\/\/boutique.laventure.michelin.com\/wp-content\/uploads\/2025\/12\/1944-michelin-sous-les-bombes.png\",\"datePublished\":\"2025-12-17T09:04:47+00:00\",\"dateModified\":\"2026-04-02T14:30:06+00:00\",\"description\":\"The 1944 bombing of the Michelin Cataroux factory: a historical analysis of aerial warfare and the civilian experience in Clermont-Ferrand.\",\"breadcrumb\":{\"@id\":\"https:\/\/boutique.laventure.michelin.com\/en\/product\/1944-michelin-under-allied-bombing-helene-saint-andre\/#breadcrumb\"},\"inLanguage\":\"en-US\",\"potentialAction\":[{\"@type\":\"ReadAction\",\"target\":[\"https:\/\/boutique.laventure.michelin.com\/en\/product\/1944-michelin-under-allied-bombing-helene-saint-andre\/\"]}]},{\"@type\":\"ImageObject\",\"inLanguage\":\"en-US\",\"@id\":\"https:\/\/boutique.laventure.michelin.com\/en\/product\/1944-michelin-under-allied-bombing-helene-saint-andre\/#primaryimage\",\"url\":\"https:\/\/boutique.laventure.michelin.com\/wp-content\/uploads\/2025\/12\/1944-michelin-sous-les-bombes.png\",\"contentUrl\":\"https:\/\/boutique.laventure.michelin.com\/wp-content\/uploads\/2025\/12\/1944-michelin-sous-les-bombes.png\",\"width\":1538,\"height\":1537,\"caption\":\"1944 Michelin Under Allied Bombing\"},{\"@type\":\"BreadcrumbList\",\"@id\":\"https:\/\/boutique.laventure.michelin.com\/en\/product\/1944-michelin-under-allied-bombing-helene-saint-andre\/#breadcrumb\",\"itemListElement\":[{\"@type\":\"ListItem\",\"position\":1,\"name\":\"Accueil\",\"item\":\"https:\/\/boutique.laventure.michelin.com\/en\/\"},{\"@type\":\"ListItem\",\"position\":2,\"name\":\"Shop\",\"item\":\"https:\/\/boutique.laventure.michelin.com\/en\/shop\/\"},{\"@type\":\"ListItem\",\"position\":3,\"name\":\"1944 Michelin Under Allied Bombing \u2013 H\u00e9l\u00e8ne Saint-Andr\u00e9\"}]},{\"@type\":\"WebSite\",\"@id\":\"https:\/\/boutique.laventure.michelin.com\/en\/#website\",\"url\":\"https:\/\/boutique.laventure.michelin.com\/en\/\",\"name\":\"Boutique de l&#039;Aventure Michelin\",\"description\":\"\",\"publisher\":{\"@id\":\"https:\/\/boutique.laventure.michelin.com\/en\/#organization\"},\"potentialAction\":[{\"@type\":\"SearchAction\",\"target\":{\"@type\":\"EntryPoint\",\"urlTemplate\":\"https:\/\/boutique.laventure.michelin.com\/en\/?s={search_term_string}\"},\"query-input\":{\"@type\":\"PropertyValueSpecification\",\"valueRequired\":true,\"valueName\":\"search_term_string\"}}],\"inLanguage\":\"en-US\"},{\"@type\":\"Organization\",\"@id\":\"https:\/\/boutique.laventure.michelin.com\/en\/#organization\",\"name\":\"Boutique de l'Aventure Michelin\",\"url\":\"https:\/\/boutique.laventure.michelin.com\/en\/\",\"logo\":{\"@type\":\"ImageObject\",\"inLanguage\":\"en-US\",\"@id\":\"https:\/\/boutique.laventure.michelin.com\/en\/#\/schema\/logo\/image\/\",\"url\":\"https:\/\/boutique.laventure.michelin.com\/wp-content\/uploads\/2020\/12\/LOGO_LAVENTURE_MFP_VER_PASTILLES_RVB@2x.jpg\",\"contentUrl\":\"https:\/\/boutique.laventure.michelin.com\/wp-content\/uploads\/2020\/12\/LOGO_LAVENTURE_MFP_VER_PASTILLES_RVB@2x.jpg\",\"width\":1292,\"height\":1044,\"caption\":\"Boutique de l'Aventure Michelin\"},\"image\":{\"@id\":\"https:\/\/boutique.laventure.michelin.com\/en\/#\/schema\/logo\/image\/\"},\"sameAs\":[\"https:\/\/fr-fr.facebook.com\/laventuremichelin\/\"]}]}<\/script>\n<!-- \/ Yoast SEO plugin. -->","yoast_head_json":{"title":"1944 Michelin Under Allied Bombing \u2013 H\u00e9l\u00e8ne Saint-Andr\u00e9 - Boutique de l&#039;Aventure Michelin","description":"The 1944 bombing of the Michelin Cataroux factory: a historical analysis of aerial warfare and the civilian experience in Clermont-Ferrand.","robots":{"index":"index","follow":"follow","max-snippet":"max-snippet:-1","max-image-preview":"max-image-preview:large","max-video-preview":"max-video-preview:-1"},"canonical":"https:\/\/boutique.laventure.michelin.com\/en\/product\/1944-michelin-under-allied-bombing-helene-saint-andre\/","og_locale":"en_US","og_type":"article","og_title":"1944 Michelin Under Allied Bombing \u2013 H\u00e9l\u00e8ne Saint-Andr\u00e9 - Boutique de l&#039;Aventure Michelin","og_description":"The 1944 bombing of the Michelin Cataroux factory: a historical analysis of aerial warfare and the civilian experience in Clermont-Ferrand.","og_url":"https:\/\/boutique.laventure.michelin.com\/en\/product\/1944-michelin-under-allied-bombing-helene-saint-andre\/","og_site_name":"Boutique de l&#039;Aventure Michelin","article_publisher":"https:\/\/fr-fr.facebook.com\/laventuremichelin\/","article_modified_time":"2026-04-02T14:30:06+00:00","og_image":[{"width":1538,"height":1537,"url":"https:\/\/boutique.laventure.michelin.com\/wp-content\/uploads\/2025\/12\/1944-michelin-sous-les-bombes.png","type":"image\/png"}],"twitter_card":"summary_large_image","twitter_misc":{"Est. reading time":"1 minute"},"schema":{"@context":"https:\/\/schema.org","@graph":[{"@type":"WebPage","@id":"https:\/\/boutique.laventure.michelin.com\/en\/product\/1944-michelin-under-allied-bombing-helene-saint-andre\/","url":"https:\/\/boutique.laventure.michelin.com\/en\/product\/1944-michelin-under-allied-bombing-helene-saint-andre\/","name":"1944 Michelin Under Allied Bombing \u2013 H\u00e9l\u00e8ne Saint-Andr\u00e9 - Boutique de l&#039;Aventure Michelin","isPartOf":{"@id":"https:\/\/boutique.laventure.michelin.com\/en\/#website"},"primaryImageOfPage":{"@id":"https:\/\/boutique.laventure.michelin.com\/en\/product\/1944-michelin-under-allied-bombing-helene-saint-andre\/#primaryimage"},"image":{"@id":"https:\/\/boutique.laventure.michelin.com\/en\/product\/1944-michelin-under-allied-bombing-helene-saint-andre\/#primaryimage"},"thumbnailUrl":"https:\/\/boutique.laventure.michelin.com\/wp-content\/uploads\/2025\/12\/1944-michelin-sous-les-bombes.png","datePublished":"2025-12-17T09:04:47+00:00","dateModified":"2026-04-02T14:30:06+00:00","description":"The 1944 bombing of the Michelin Cataroux factory: a historical analysis of aerial warfare and the civilian experience in Clermont-Ferrand.","breadcrumb":{"@id":"https:\/\/boutique.laventure.michelin.com\/en\/product\/1944-michelin-under-allied-bombing-helene-saint-andre\/#breadcrumb"},"inLanguage":"en-US","potentialAction":[{"@type":"ReadAction","target":["https:\/\/boutique.laventure.michelin.com\/en\/product\/1944-michelin-under-allied-bombing-helene-saint-andre\/"]}]},{"@type":"ImageObject","inLanguage":"en-US","@id":"https:\/\/boutique.laventure.michelin.com\/en\/product\/1944-michelin-under-allied-bombing-helene-saint-andre\/#primaryimage","url":"https:\/\/boutique.laventure.michelin.com\/wp-content\/uploads\/2025\/12\/1944-michelin-sous-les-bombes.png","contentUrl":"https:\/\/boutique.laventure.michelin.com\/wp-content\/uploads\/2025\/12\/1944-michelin-sous-les-bombes.png","width":1538,"height":1537,"caption":"1944 Michelin Under Allied Bombing"},{"@type":"BreadcrumbList","@id":"https:\/\/boutique.laventure.michelin.com\/en\/product\/1944-michelin-under-allied-bombing-helene-saint-andre\/#breadcrumb","itemListElement":[{"@type":"ListItem","position":1,"name":"Accueil","item":"https:\/\/boutique.laventure.michelin.com\/en\/"},{"@type":"ListItem","position":2,"name":"Shop","item":"https:\/\/boutique.laventure.michelin.com\/en\/shop\/"},{"@type":"ListItem","position":3,"name":"1944 Michelin Under Allied Bombing \u2013 H\u00e9l\u00e8ne Saint-Andr\u00e9"}]},{"@type":"WebSite","@id":"https:\/\/boutique.laventure.michelin.com\/en\/#website","url":"https:\/\/boutique.laventure.michelin.com\/en\/","name":"Boutique de l&#039;Aventure Michelin","description":"","publisher":{"@id":"https:\/\/boutique.laventure.michelin.com\/en\/#organization"},"potentialAction":[{"@type":"SearchAction","target":{"@type":"EntryPoint","urlTemplate":"https:\/\/boutique.laventure.michelin.com\/en\/?s={search_term_string}"},"query-input":{"@type":"PropertyValueSpecification","valueRequired":true,"valueName":"search_term_string"}}],"inLanguage":"en-US"},{"@type":"Organization","@id":"https:\/\/boutique.laventure.michelin.com\/en\/#organization","name":"Boutique de l'Aventure Michelin","url":"https:\/\/boutique.laventure.michelin.com\/en\/","logo":{"@type":"ImageObject","inLanguage":"en-US","@id":"https:\/\/boutique.laventure.michelin.com\/en\/#\/schema\/logo\/image\/","url":"https:\/\/boutique.laventure.michelin.com\/wp-content\/uploads\/2020\/12\/LOGO_LAVENTURE_MFP_VER_PASTILLES_RVB@2x.jpg","contentUrl":"https:\/\/boutique.laventure.michelin.com\/wp-content\/uploads\/2020\/12\/LOGO_LAVENTURE_MFP_VER_PASTILLES_RVB@2x.jpg","width":1292,"height":1044,"caption":"Boutique de l'Aventure Michelin"},"image":{"@id":"https:\/\/boutique.laventure.michelin.com\/en\/#\/schema\/logo\/image\/"},"sameAs":["https:\/\/fr-fr.facebook.com\/laventuremichelin\/"]}]}},"_links":{"self":[{"href":"https:\/\/boutique.laventure.michelin.com\/en\/wp-json\/wp\/v2\/product\/45731","targetHints":{"allow":["GET"]}}],"collection":[{"href":"https:\/\/boutique.laventure.michelin.com\/en\/wp-json\/wp\/v2\/product"}],"about":[{"href":"https:\/\/boutique.laventure.michelin.com\/en\/wp-json\/wp\/v2\/types\/product"}],"replies":[{"embeddable":true,"href":"https:\/\/boutique.laventure.michelin.com\/en\/wp-json\/wp\/v2\/comments?post=45731"}],"wp:featuredmedia":[{"embeddable":true,"href":"https:\/\/boutique.laventure.michelin.com\/en\/wp-json\/wp\/v2\/media\/45714"}],"wp:attachment":[{"href":"https:\/\/boutique.laventure.michelin.com\/en\/wp-json\/wp\/v2\/media?parent=45731"}],"wp:term":[{"taxonomy":"product_brand","embeddable":true,"href":"https:\/\/boutique.laventure.michelin.com\/en\/wp-json\/wp\/v2\/product_brand?post=45731"},{"taxonomy":"product_cat","embeddable":true,"href":"https:\/\/boutique.laventure.michelin.com\/en\/wp-json\/wp\/v2\/product_cat?post=45731"},{"taxonomy":"product_tag","embeddable":true,"href":"https:\/\/boutique.laventure.michelin.com\/en\/wp-json\/wp\/v2\/product_tag?post=45731"}],"curies":[{"name":"wp","href":"https:\/\/api.w.org\/{rel}","templated":true}]}}