{"id":48325,"date":"2026-03-31T14:14:24","date_gmt":"2026-03-31T12:14:24","guid":{"rendered":"https:\/\/boutique.laventure.michelin.com\/produit\/guide-vert-maurice-rodrigues-ebook\/"},"modified":"2026-04-14T11:34:38","modified_gmt":"2026-04-14T09:34:38","slug":"guide-vert-maurice-rodrigues-ebook","status":"publish","type":"product","link":"https:\/\/boutique.laventure.michelin.com\/en\/product\/guide-vert-maurice-rodrigues-ebook\/","title":{"rendered":"Guide Vert Maurice, Rodrigues &#8211; ebook"},"content":{"rendered":"<p>Laissez-vous guider par nos auteurs ! Au cours de leurs innombrables tourn\u00e9es, ils ont d\u00e9nich\u00e9 pour vous des lieux inoubliables ou insolites :<\/p>\n<p>&#8211;\u00a0<strong>Les incontournables (class\u00e9s 1, 2 ou 3 \u00e9toiles) :<\/strong>\u00a0Plage de Belle Mare***, Parc national des Gorges de la Rivi\u00e8re Noire***, R\u00e9serve de tortues Fran\u00e7ois Leguat, \u00e0 Rodrigues**&#8230;<\/p>\n<p>&#8211;\u00a0<strong>Les coups de coeur :<\/strong>\u00a0Rester sans voix devant le lagon translucide ; Saluer la plus grande statue au monde de la d\u00e9esse hindoue Durga \u00e0 Grand Bassin ; Respirer \u00e0 plein poumon dans le parc naturel des Gorges de la Rivi\u00e8re Noire&#8230;<\/p>\n<p>&#8211;<strong>\u00a0Les bonnes adresses pour tous les budgets :<\/strong>\u00a0se restaurer, prendre un verre, shopping, sortir, se loger<\/p>\n<p>&#8211;<strong>\u00a0Les meilleurs spots en famille (activit\u00e9s pour les 6-14 ans)<\/strong>\u00a0: P\u00eache, safari et nourrissage au Casela World of Aventures ; L\u2019Aventure du sucre \u00e0 Pamplemousses ;\u00a0Nuit avec les requins \u00e0 Odysseo &#8230;<\/p>\n<p>&#8211;<strong>\u00a0Des suggestions d\u2019itin\u00e9raires :<\/strong>\u00a0D\u2019une \u00eele \u00e0 l\u2019autre en 15 jours ; L\u2019\u00eele Maurice : entre c\u00f4tes et nature en 15\u00a0jours\u00a0; Immersion rodriguaise en 7 jours&#8230;<\/p>\n<p>Retrouvez \u00e9galement :<\/p>\n<p>&#8211;\u00a0<strong>De nombreux cartes et plans<\/strong>\u00a0pour retrouver les principaux sites \u00e9toil\u00e9s de la destination.<\/p>\n<p>&#8211;<strong>\u00a0Toutes les infos mises \u00e0 jour dans cette nouvelle \u00e9dition.<\/strong><\/p>\n<p><strong>Ce guide est divis\u00e9 en 5 micro-r\u00e9gions :<\/strong>\u00a0Mah\u00e9bourg et la c\u00f4te est ; Le Nord ; Port Louis et le Centre ;\u2002Le Sud ; Rodrigues.<\/p>\n<p>Penser \u00e0 utiliser en compl\u00e9ment notre\u00a0<strong>Carte National Maurice Rodrigues n\u00b0740.<\/strong><\/p>\n","protected":false},"excerpt":{"rendered":"<p>Laissez-vous guider par nos auteurs ! Au cours de leurs innombrables tourn\u00e9es, ils ont d\u00e9nich\u00e9 pour vous des lieux inoubliables ou insolites :<\/p>\n<p>&#8211;\u00a0<strong>Les incontournables (class\u00e9s 1, 2 ou 3 \u00e9toiles) :<\/strong>\u00a0Plage de Belle Mare***, Parc national des Gorges de la Rivi\u00e8re Noire***, R\u00e9serve de tortues Fran\u00e7ois Leguat, \u00e0 Rodrigues**&#8230;<\/p>\n<p>&#8211;\u00a0<strong>Les coups de coeur :<\/strong>\u00a0Rester sans voix devant le lagon translucide ; Saluer la plus grande statue au monde de la d\u00e9esse hindoue Durga \u00e0 Grand Bassin ; Respirer \u00e0 plein poumon dans le parc naturel des Gorges de la Rivi\u00e8re Noire&#8230;<\/p>\n<p>&#8211;<strong>\u00a0Les bonnes adresses pour tous les budgets :<\/strong>\u00a0se restaurer, prendre un verre, shopping, sortir, se loger<\/p>\n<p>&#8211;<strong>\u00a0Les meilleurs spots en famille (activit\u00e9s pour les 6-14 ans)<\/strong>\u00a0: P\u00eache, safari et nourrissage au Casela World of Aventures ; L\u2019Aventure du sucre \u00e0 Pamplemousses ;\u00a0Nuit avec les requins \u00e0 Odysseo &#8230;<\/p>\n<p>&#8211;<strong>\u00a0Des suggestions d\u2019itin\u00e9raires :<\/strong>\u00a0D\u2019une \u00eele \u00e0 l\u2019autre en 15 jours ; L\u2019\u00eele Maurice : entre c\u00f4tes et nature en 15\u00a0jours\u00a0; Immersion rodriguaise en 7 jours&#8230;<\/p>\n<p>Retrouvez \u00e9galement :<\/p>\n<p>&#8211;\u00a0<strong>De nombreux cartes et plans<\/strong>\u00a0pour retrouver les principaux sites \u00e9toil\u00e9s de la destination.<\/p>\n<p>&#8211;<strong>\u00a0Toutes les infos mises \u00e0 jour dans cette nouvelle \u00e9dition.<\/strong><\/p>\n<p><strong>Ce guide est divis\u00e9 en 5 micro-r\u00e9gions :<\/strong>\u00a0Mah\u00e9bourg et la c\u00f4te est ; Le Nord ; Port Louis et le Centre ;\u2002Le Sud ; Rodrigues.<\/p>\n<p>Penser \u00e0 utiliser en compl\u00e9ment notre\u00a0<strong>Carte National Maurice Rodrigues n\u00b0740.<\/strong><\/p>\n","protected":false},"featured_media":48323,"comment_status":"open","ping_status":"closed","template":"","meta":{"site-sidebar-layout":"default","site-content-layout":"","ast-site-content-layout":"default","site-content-style":"default","site-sidebar-style":"default","ast-global-header-display":"","ast-banner-title-visibility":"","ast-main-header-display":"","ast-hfb-above-header-display":"","ast-hfb-below-header-display":"","ast-hfb-mobile-header-display":"","site-post-title":"","ast-breadcrumbs-content":"","ast-featured-img":"","footer-sml-layout":"","ast-disable-related-posts":"","theme-transparent-header-meta":"","adv-header-id-meta":"","stick-header-meta":"","header-above-stick-meta":"","header-main-stick-meta":"","header-below-stick-meta":"","astra-migrate-meta-layouts":"default","ast-page-background-enabled":"default","ast-page-background-meta":{"desktop":{"background-color":"","background-image":"","background-repeat":"repeat","background-position":"center center","background-size":"auto","background-attachment":"scroll","background-type":"","background-media":"","overlay-type":"","overlay-color":"","overlay-opacity":"","overlay-gradient":""},"tablet":{"background-color":"","background-image":"","background-repeat":"repeat","background-position":"center center","background-size":"auto","background-attachment":"scroll","background-type":"","background-media":"","overlay-type":"","overlay-color":"","overlay-opacity":"","overlay-gradient":""},"mobile":{"background-color":"","background-image":"","background-repeat":"repeat","background-position":"center center","background-size":"auto","background-attachment":"scroll","background-type":"","background-media":"","overlay-type":"","overlay-color":"","overlay-opacity":"","overlay-gradient":""}},"ast-content-background-meta":{"desktop":{"background-color":"var(--ast-global-color-5)","background-image":"","background-repeat":"repeat","background-position":"center center","background-size":"auto","background-attachment":"scroll","background-type":"","background-media":"","overlay-type":"","overlay-color":"","overlay-opacity":"","overlay-gradient":""},"tablet":{"background-color":"var(--ast-global-color-5)","background-image":"","background-repeat":"repeat","background-position":"center center","background-size":"auto","background-attachment":"scroll","background-type":"","background-media":"","overlay-type":"","overlay-color":"","overlay-opacity":"","overlay-gradient":""},"mobile":{"background-color":"var(--ast-global-color-5)","background-image":"","background-repeat":"repeat","background-position":"center center","background-size":"auto","background-attachment":"scroll","background-type":"","background-media":"","overlay-type":"","overlay-color":"","overlay-opacity":"","overlay-gradient":""}}},"product_brand":[],"product_cat":[329],"product_tag":[],"class_list":{"0":"post-48325","1":"product","2":"type-product","3":"status-publish","4":"has-post-thumbnail","6":"product_cat-ebook-en","7":"desktop-align-left","8":"tablet-align-left","9":"mobile-align-left","10":"ast-product-gallery-layout-horizontal-slider","11":"ast-product-gallery-with-no-image","12":"ast-product-tabs-layout-horizontal","14":"first","15":"instock","16":"downloadable","17":"virtual","18":"taxable","19":"purchasable","20":"product-type-simple"},"yoast_head":"<!-- This site is optimized with the Yoast SEO plugin v26.7 - https:\/\/yoast.com\/wordpress\/plugins\/seo\/ -->\n<title>Guide Vert Maurice, Rodrigues - ebook - Boutique de l&#039;Aventure Michelin<\/title>\n<meta name=\"robots\" content=\"index, follow, max-snippet:-1, max-image-preview:large, max-video-preview:-1\" \/>\n<link rel=\"canonical\" href=\"https:\/\/boutique.laventure.michelin.com\/en\/product\/guide-vert-maurice-rodrigues-ebook\/\" \/>\n<meta property=\"og:locale\" content=\"en_US\" \/>\n<meta property=\"og:type\" content=\"article\" \/>\n<meta property=\"og:title\" content=\"Guide Vert Maurice, Rodrigues - ebook - Boutique de l&#039;Aventure Michelin\" \/>\n<meta property=\"og:description\" content=\"Laissez-vous guider par nos auteurs ! Au cours de leurs innombrables tourn\u00e9es, ils ont d\u00e9nich\u00e9 pour vous des lieux inoubliables ou insolites :-\u00a0Les incontournables (class\u00e9s 1, 2 ou 3 \u00e9toiles) :\u00a0Plage de Belle Mare***, Parc national des Gorges de la Rivi\u00e8re Noire***, R\u00e9serve de tortues Fran\u00e7ois Leguat, \u00e0 Rodrigues**...-\u00a0Les coups de coeur :\u00a0Rester sans voix devant le lagon translucide ; Saluer la plus grande statue au monde de la d\u00e9esse hindoue Durga \u00e0 Grand Bassin ; Respirer \u00e0 plein poumon dans le parc naturel des Gorges de la Rivi\u00e8re Noire...-\u00a0Les bonnes adresses pour tous les budgets :\u00a0se restaurer, prendre un verre, shopping, sortir, se loger-\u00a0Les meilleurs spots en famille (activit\u00e9s pour les 6-14 ans)\u00a0: P\u00eache, safari et nourrissage au Casela World of Aventures ; L\u2019Aventure du sucre \u00e0 Pamplemousses ;\u00a0Nuit avec les requins \u00e0 Odysseo ...-\u00a0Des suggestions d\u2019itin\u00e9raires :\u00a0D\u2019une \u00eele \u00e0 l\u2019autre en 15 jours ; L\u2019\u00eele Maurice : entre c\u00f4tes et nature en 15\u00a0jours\u00a0; Immersion rodriguaise en 7 jours...Retrouvez \u00e9galement :-\u00a0De nombreux cartes et plans\u00a0pour retrouver les principaux sites \u00e9toil\u00e9s de la destination.-\u00a0Toutes les infos mises \u00e0 jour dans cette nouvelle \u00e9dition.Ce guide est divis\u00e9 en 5 micro-r\u00e9gions :\u00a0Mah\u00e9bourg et la c\u00f4te est ; Le Nord ; Port Louis et le Centre ;\u2002Le Sud ; Rodrigues.Penser \u00e0 utiliser en compl\u00e9ment notre\u00a0Carte National Maurice Rodrigues n\u00b0740.\" \/>\n<meta property=\"og:url\" content=\"https:\/\/boutique.laventure.michelin.com\/en\/product\/guide-vert-maurice-rodrigues-ebook\/\" \/>\n<meta property=\"og:site_name\" content=\"Boutique de l&#039;Aventure Michelin\" \/>\n<meta property=\"article:publisher\" content=\"https:\/\/fr-fr.facebook.com\/laventuremichelin\/\" \/>\n<meta property=\"article:modified_time\" content=\"2026-04-14T09:34:38+00:00\" \/>\n<meta property=\"og:image\" content=\"https:\/\/boutique.laventure.michelin.com\/wp-content\/uploads\/2026\/03\/555908313b43ab6a0f68e1496d850a4c53df2e-1.jpg\" \/>\n\t<meta property=\"og:image:width\" content=\"632\" \/>\n\t<meta property=\"og:image:height\" content=\"1200\" \/>\n\t<meta property=\"og:image:type\" content=\"image\/jpeg\" \/>\n<meta name=\"twitter:card\" content=\"summary_large_image\" \/>\n<meta name=\"twitter:label1\" content=\"Est. reading time\" \/>\n\t<meta name=\"twitter:data1\" content=\"1 minute\" \/>\n<script type=\"application\/ld+json\" class=\"yoast-schema-graph\">{\"@context\":\"https:\/\/schema.org\",\"@graph\":[{\"@type\":\"WebPage\",\"@id\":\"https:\/\/boutique.laventure.michelin.com\/en\/product\/guide-vert-maurice-rodrigues-ebook\/\",\"url\":\"https:\/\/boutique.laventure.michelin.com\/en\/product\/guide-vert-maurice-rodrigues-ebook\/\",\"name\":\"Guide Vert Maurice, Rodrigues - ebook - Boutique de l&#039;Aventure Michelin\",\"isPartOf\":{\"@id\":\"https:\/\/boutique.laventure.michelin.com\/en\/#website\"},\"primaryImageOfPage\":{\"@id\":\"https:\/\/boutique.laventure.michelin.com\/en\/product\/guide-vert-maurice-rodrigues-ebook\/#primaryimage\"},\"image\":{\"@id\":\"https:\/\/boutique.laventure.michelin.com\/en\/product\/guide-vert-maurice-rodrigues-ebook\/#primaryimage\"},\"thumbnailUrl\":\"https:\/\/boutique.laventure.michelin.com\/wp-content\/uploads\/2026\/03\/555908313b43ab6a0f68e1496d850a4c53df2e-1.jpg\",\"datePublished\":\"2026-03-31T12:14:24+00:00\",\"dateModified\":\"2026-04-14T09:34:38+00:00\",\"breadcrumb\":{\"@id\":\"https:\/\/boutique.laventure.michelin.com\/en\/product\/guide-vert-maurice-rodrigues-ebook\/#breadcrumb\"},\"inLanguage\":\"en-US\",\"potentialAction\":[{\"@type\":\"ReadAction\",\"target\":[\"https:\/\/boutique.laventure.michelin.com\/en\/product\/guide-vert-maurice-rodrigues-ebook\/\"]}]},{\"@type\":\"ImageObject\",\"inLanguage\":\"en-US\",\"@id\":\"https:\/\/boutique.laventure.michelin.com\/en\/product\/guide-vert-maurice-rodrigues-ebook\/#primaryimage\",\"url\":\"https:\/\/boutique.laventure.michelin.com\/wp-content\/uploads\/2026\/03\/555908313b43ab6a0f68e1496d850a4c53df2e-1.jpg\",\"contentUrl\":\"https:\/\/boutique.laventure.michelin.com\/wp-content\/uploads\/2026\/03\/555908313b43ab6a0f68e1496d850a4c53df2e-1.jpg\",\"width\":632,\"height\":1200},{\"@type\":\"BreadcrumbList\",\"@id\":\"https:\/\/boutique.laventure.michelin.com\/en\/product\/guide-vert-maurice-rodrigues-ebook\/#breadcrumb\",\"itemListElement\":[{\"@type\":\"ListItem\",\"position\":1,\"name\":\"Accueil\",\"item\":\"https:\/\/boutique.laventure.michelin.com\/en\/\"},{\"@type\":\"ListItem\",\"position\":2,\"name\":\"Shop\",\"item\":\"https:\/\/boutique.laventure.michelin.com\/en\/shop\/\"},{\"@type\":\"ListItem\",\"position\":3,\"name\":\"Guide Vert Maurice, Rodrigues &#8211; ebook\"}]},{\"@type\":\"WebSite\",\"@id\":\"https:\/\/boutique.laventure.michelin.com\/en\/#website\",\"url\":\"https:\/\/boutique.laventure.michelin.com\/en\/\",\"name\":\"Boutique de l&#039;Aventure Michelin\",\"description\":\"\",\"publisher\":{\"@id\":\"https:\/\/boutique.laventure.michelin.com\/en\/#organization\"},\"potentialAction\":[{\"@type\":\"SearchAction\",\"target\":{\"@type\":\"EntryPoint\",\"urlTemplate\":\"https:\/\/boutique.laventure.michelin.com\/en\/?s={search_term_string}\"},\"query-input\":{\"@type\":\"PropertyValueSpecification\",\"valueRequired\":true,\"valueName\":\"search_term_string\"}}],\"inLanguage\":\"en-US\"},{\"@type\":\"Organization\",\"@id\":\"https:\/\/boutique.laventure.michelin.com\/en\/#organization\",\"name\":\"Boutique de l'Aventure Michelin\",\"url\":\"https:\/\/boutique.laventure.michelin.com\/en\/\",\"logo\":{\"@type\":\"ImageObject\",\"inLanguage\":\"en-US\",\"@id\":\"https:\/\/boutique.laventure.michelin.com\/en\/#\/schema\/logo\/image\/\",\"url\":\"https:\/\/boutique.laventure.michelin.com\/wp-content\/uploads\/2020\/12\/LOGO_LAVENTURE_MFP_VER_PASTILLES_RVB@2x.jpg\",\"contentUrl\":\"https:\/\/boutique.laventure.michelin.com\/wp-content\/uploads\/2020\/12\/LOGO_LAVENTURE_MFP_VER_PASTILLES_RVB@2x.jpg\",\"width\":1292,\"height\":1044,\"caption\":\"Boutique de l'Aventure Michelin\"},\"image\":{\"@id\":\"https:\/\/boutique.laventure.michelin.com\/en\/#\/schema\/logo\/image\/\"},\"sameAs\":[\"https:\/\/fr-fr.facebook.com\/laventuremichelin\/\"]}]}<\/script>\n<!-- \/ Yoast SEO plugin. -->","yoast_head_json":{"title":"Guide Vert Maurice, Rodrigues - ebook - Boutique de l&#039;Aventure Michelin","robots":{"index":"index","follow":"follow","max-snippet":"max-snippet:-1","max-image-preview":"max-image-preview:large","max-video-preview":"max-video-preview:-1"},"canonical":"https:\/\/boutique.laventure.michelin.com\/en\/product\/guide-vert-maurice-rodrigues-ebook\/","og_locale":"en_US","og_type":"article","og_title":"Guide Vert Maurice, Rodrigues - ebook - Boutique de l&#039;Aventure Michelin","og_description":"Laissez-vous guider par nos auteurs ! Au cours de leurs innombrables tourn\u00e9es, ils ont d\u00e9nich\u00e9 pour vous des lieux inoubliables ou insolites :-\u00a0Les incontournables (class\u00e9s 1, 2 ou 3 \u00e9toiles) :\u00a0Plage de Belle Mare***, Parc national des Gorges de la Rivi\u00e8re Noire***, R\u00e9serve de tortues Fran\u00e7ois Leguat, \u00e0 Rodrigues**...-\u00a0Les coups de coeur :\u00a0Rester sans voix devant le lagon translucide ; Saluer la plus grande statue au monde de la d\u00e9esse hindoue Durga \u00e0 Grand Bassin ; Respirer \u00e0 plein poumon dans le parc naturel des Gorges de la Rivi\u00e8re Noire...-\u00a0Les bonnes adresses pour tous les budgets :\u00a0se restaurer, prendre un verre, shopping, sortir, se loger-\u00a0Les meilleurs spots en famille (activit\u00e9s pour les 6-14 ans)\u00a0: P\u00eache, safari et nourrissage au Casela World of Aventures ; L\u2019Aventure du sucre \u00e0 Pamplemousses ;\u00a0Nuit avec les requins \u00e0 Odysseo ...-\u00a0Des suggestions d\u2019itin\u00e9raires :\u00a0D\u2019une \u00eele \u00e0 l\u2019autre en 15 jours ; L\u2019\u00eele Maurice : entre c\u00f4tes et nature en 15\u00a0jours\u00a0; Immersion rodriguaise en 7 jours...Retrouvez \u00e9galement :-\u00a0De nombreux cartes et plans\u00a0pour retrouver les principaux sites \u00e9toil\u00e9s de la destination.-\u00a0Toutes les infos mises \u00e0 jour dans cette nouvelle \u00e9dition.Ce guide est divis\u00e9 en 5 micro-r\u00e9gions :\u00a0Mah\u00e9bourg et la c\u00f4te est ; Le Nord ; Port Louis et le Centre ;\u2002Le Sud ; Rodrigues.Penser \u00e0 utiliser en compl\u00e9ment notre\u00a0Carte National Maurice Rodrigues n\u00b0740.","og_url":"https:\/\/boutique.laventure.michelin.com\/en\/product\/guide-vert-maurice-rodrigues-ebook\/","og_site_name":"Boutique de l&#039;Aventure Michelin","article_publisher":"https:\/\/fr-fr.facebook.com\/laventuremichelin\/","article_modified_time":"2026-04-14T09:34:38+00:00","og_image":[{"width":632,"height":1200,"url":"https:\/\/boutique.laventure.michelin.com\/wp-content\/uploads\/2026\/03\/555908313b43ab6a0f68e1496d850a4c53df2e-1.jpg","type":"image\/jpeg"}],"twitter_card":"summary_large_image","twitter_misc":{"Est. reading time":"1 minute"},"schema":{"@context":"https:\/\/schema.org","@graph":[{"@type":"WebPage","@id":"https:\/\/boutique.laventure.michelin.com\/en\/product\/guide-vert-maurice-rodrigues-ebook\/","url":"https:\/\/boutique.laventure.michelin.com\/en\/product\/guide-vert-maurice-rodrigues-ebook\/","name":"Guide Vert Maurice, Rodrigues - ebook - Boutique de l&#039;Aventure Michelin","isPartOf":{"@id":"https:\/\/boutique.laventure.michelin.com\/en\/#website"},"primaryImageOfPage":{"@id":"https:\/\/boutique.laventure.michelin.com\/en\/product\/guide-vert-maurice-rodrigues-ebook\/#primaryimage"},"image":{"@id":"https:\/\/boutique.laventure.michelin.com\/en\/product\/guide-vert-maurice-rodrigues-ebook\/#primaryimage"},"thumbnailUrl":"https:\/\/boutique.laventure.michelin.com\/wp-content\/uploads\/2026\/03\/555908313b43ab6a0f68e1496d850a4c53df2e-1.jpg","datePublished":"2026-03-31T12:14:24+00:00","dateModified":"2026-04-14T09:34:38+00:00","breadcrumb":{"@id":"https:\/\/boutique.laventure.michelin.com\/en\/product\/guide-vert-maurice-rodrigues-ebook\/#breadcrumb"},"inLanguage":"en-US","potentialAction":[{"@type":"ReadAction","target":["https:\/\/boutique.laventure.michelin.com\/en\/product\/guide-vert-maurice-rodrigues-ebook\/"]}]},{"@type":"ImageObject","inLanguage":"en-US","@id":"https:\/\/boutique.laventure.michelin.com\/en\/product\/guide-vert-maurice-rodrigues-ebook\/#primaryimage","url":"https:\/\/boutique.laventure.michelin.com\/wp-content\/uploads\/2026\/03\/555908313b43ab6a0f68e1496d850a4c53df2e-1.jpg","contentUrl":"https:\/\/boutique.laventure.michelin.com\/wp-content\/uploads\/2026\/03\/555908313b43ab6a0f68e1496d850a4c53df2e-1.jpg","width":632,"height":1200},{"@type":"BreadcrumbList","@id":"https:\/\/boutique.laventure.michelin.com\/en\/product\/guide-vert-maurice-rodrigues-ebook\/#breadcrumb","itemListElement":[{"@type":"ListItem","position":1,"name":"Accueil","item":"https:\/\/boutique.laventure.michelin.com\/en\/"},{"@type":"ListItem","position":2,"name":"Shop","item":"https:\/\/boutique.laventure.michelin.com\/en\/shop\/"},{"@type":"ListItem","position":3,"name":"Guide Vert Maurice, Rodrigues &#8211; ebook"}]},{"@type":"WebSite","@id":"https:\/\/boutique.laventure.michelin.com\/en\/#website","url":"https:\/\/boutique.laventure.michelin.com\/en\/","name":"Boutique de l&#039;Aventure Michelin","description":"","publisher":{"@id":"https:\/\/boutique.laventure.michelin.com\/en\/#organization"},"potentialAction":[{"@type":"SearchAction","target":{"@type":"EntryPoint","urlTemplate":"https:\/\/boutique.laventure.michelin.com\/en\/?s={search_term_string}"},"query-input":{"@type":"PropertyValueSpecification","valueRequired":true,"valueName":"search_term_string"}}],"inLanguage":"en-US"},{"@type":"Organization","@id":"https:\/\/boutique.laventure.michelin.com\/en\/#organization","name":"Boutique de l'Aventure Michelin","url":"https:\/\/boutique.laventure.michelin.com\/en\/","logo":{"@type":"ImageObject","inLanguage":"en-US","@id":"https:\/\/boutique.laventure.michelin.com\/en\/#\/schema\/logo\/image\/","url":"https:\/\/boutique.laventure.michelin.com\/wp-content\/uploads\/2020\/12\/LOGO_LAVENTURE_MFP_VER_PASTILLES_RVB@2x.jpg","contentUrl":"https:\/\/boutique.laventure.michelin.com\/wp-content\/uploads\/2020\/12\/LOGO_LAVENTURE_MFP_VER_PASTILLES_RVB@2x.jpg","width":1292,"height":1044,"caption":"Boutique de l'Aventure Michelin"},"image":{"@id":"https:\/\/boutique.laventure.michelin.com\/en\/#\/schema\/logo\/image\/"},"sameAs":["https:\/\/fr-fr.facebook.com\/laventuremichelin\/"]}]}},"_links":{"self":[{"href":"https:\/\/boutique.laventure.michelin.com\/en\/wp-json\/wp\/v2\/product\/48325","targetHints":{"allow":["GET"]}}],"collection":[{"href":"https:\/\/boutique.laventure.michelin.com\/en\/wp-json\/wp\/v2\/product"}],"about":[{"href":"https:\/\/boutique.laventure.michelin.com\/en\/wp-json\/wp\/v2\/types\/product"}],"replies":[{"embeddable":true,"href":"https:\/\/boutique.laventure.michelin.com\/en\/wp-json\/wp\/v2\/comments?post=48325"}],"wp:featuredmedia":[{"embeddable":true,"href":"https:\/\/boutique.laventure.michelin.com\/en\/wp-json\/wp\/v2\/media\/48323"}],"wp:attachment":[{"href":"https:\/\/boutique.laventure.michelin.com\/en\/wp-json\/wp\/v2\/media?parent=48325"}],"wp:term":[{"taxonomy":"product_brand","embeddable":true,"href":"https:\/\/boutique.laventure.michelin.com\/en\/wp-json\/wp\/v2\/product_brand?post=48325"},{"taxonomy":"product_cat","embeddable":true,"href":"https:\/\/boutique.laventure.michelin.com\/en\/wp-json\/wp\/v2\/product_cat?post=48325"},{"taxonomy":"product_tag","embeddable":true,"href":"https:\/\/boutique.laventure.michelin.com\/en\/wp-json\/wp\/v2\/product_tag?post=48325"}],"curies":[{"name":"wp","href":"https:\/\/api.w.org\/{rel}","templated":true}]}}