{"id":48365,"date":"2026-03-31T14:14:50","date_gmt":"2026-03-31T12:14:50","guid":{"rendered":"https:\/\/boutique.laventure.michelin.com\/produit\/guide-vert-grece-continentale-ebook\/"},"modified":"2026-04-14T11:34:27","modified_gmt":"2026-04-14T09:34:27","slug":"guide-vert-grece-continentale-ebook","status":"publish","type":"product","link":"https:\/\/boutique.laventure.michelin.com\/en\/product\/guide-vert-grece-continentale-ebook\/","title":{"rendered":"Guide Vert Gr\u00e8ce continentale &#8211; ebook"},"content":{"rendered":"<p>Laissez-vous guider par nos auteurs ! Au cours de leurs innombrables tourn\u00e9es, ils ont d\u00e9nich\u00e9 pour vous des lieux inoubliables ou insolites :<\/p>\n<p><strong>&#8211; Les incontournables (class\u00e9s 1, 2 ou 3 \u00e9toiles) :<\/strong>\u00a0Corfou***, L\u2019Acropole***, Le th\u00e9\u00e2tre d\u2019\u00c9pidaure*** &#8230;<\/p>\n<p><strong>&#8211; Les coups de coeur :<\/strong>\u00a0Skier sur le mont Olympe ; Regarder le soleil se coucher sur les Zagoria ; Oublier la ville \u00e0 Hydra &#8230;<\/p>\n<p><strong>&#8211; Les bonnes adresses pour tous les budgets :<\/strong>\u00a0se restaurer, prendre un verre, shopping, sortir, se loger<\/p>\n<p><strong>&#8211; Les meilleurs spots en famille (activit\u00e9s pour les 6-14 ans) :<\/strong>\u00a0Plong\u00e9e au milieu des poissons, en mer Ionienne ; Exploration des grottes de Diros et de P\u00e9rama ; Course \u00e0 pied au stade antique d\u2019Olympie &#8230;<\/p>\n<p><strong>&#8211; Des suggestions d\u2019itin\u00e9raires :<\/strong>\u00a0Grand tour du P\u00e9loponn\u00e8se en 14 jours ; La Gr\u00e8ce par la via Egnatia en 10 jours ; Dans le grand bleu des \u00eeles Ioniennes en 7 jours &#8230;<\/p>\n<p><strong>&#8211; De nombreux cartes et plans<\/strong>\u00a0pour retrouver les principaux sites \u00e9toil\u00e9s de la destination.<\/p>\n<p><strong>&#8211; Toutes les infos mises \u00e0 jour<\/strong>\u00a0dans cette nouvelle \u00e9dition<\/p>\n<p><strong>Ce guide est divis\u00e9 en 7 micro-r\u00e9gions :<\/strong>\u00a0Ath\u00e8nes, le Pir\u00e9e et les \u00eeles Saroniques ; L\u2019Attique et la Gr\u00e8ce centrale ; Le P\u00e9loponn\u00e8se ; La Thessalie ; L\u2019\u00c9pire ; Les \u00eeles Ioniennes ; La Mac\u00e9doine et la Thrace.<\/p>\n<p>Penser \u00e0 utiliser en compl\u00e9ment notre\u00a0<strong>Carte National Gr\u00e8ce n\u00b0537, notre Guide Vert Week&#038;GO Ath\u00e8nes.<\/strong><\/p>\n","protected":false},"excerpt":{"rendered":"<p>Laissez-vous guider par nos auteurs ! Au cours de leurs innombrables tourn\u00e9es, ils ont d\u00e9nich\u00e9 pour vous des lieux inoubliables ou insolites :<\/p>\n<p><strong>&#8211; Les incontournables (class\u00e9s 1, 2 ou 3 \u00e9toiles) :<\/strong>\u00a0Corfou***, L\u2019Acropole***, Le th\u00e9\u00e2tre d\u2019\u00c9pidaure*** &#8230;<\/p>\n<p><strong>&#8211; Les coups de coeur :<\/strong>\u00a0Skier sur le mont Olympe ; Regarder le soleil se coucher sur les Zagoria ; Oublier la ville \u00e0 Hydra &#8230;<\/p>\n<p><strong>&#8211; Les bonnes adresses pour tous les budgets :<\/strong>\u00a0se restaurer, prendre un verre, shopping, sortir, se loger<\/p>\n<p><strong>&#8211; Les meilleurs spots en famille (activit\u00e9s pour les 6-14 ans) :<\/strong>\u00a0Plong\u00e9e au milieu des poissons, en mer Ionienne ; Exploration des grottes de Diros et de P\u00e9rama ; Course \u00e0 pied au stade antique d\u2019Olympie &#8230;<\/p>\n<p><strong>&#8211; Des suggestions d\u2019itin\u00e9raires :<\/strong>\u00a0Grand tour du P\u00e9loponn\u00e8se en 14 jours ; La Gr\u00e8ce par la via Egnatia en 10 jours ; Dans le grand bleu des \u00eeles Ioniennes en 7 jours &#8230;<\/p>\n<p><strong>&#8211; De nombreux cartes et plans<\/strong>\u00a0pour retrouver les principaux sites \u00e9toil\u00e9s de la destination.<\/p>\n<p><strong>&#8211; Toutes les infos mises \u00e0 jour<\/strong>\u00a0dans cette nouvelle \u00e9dition<\/p>\n<p><strong>Ce guide est divis\u00e9 en 7 micro-r\u00e9gions :<\/strong>\u00a0Ath\u00e8nes, le Pir\u00e9e et les \u00eeles Saroniques ; L\u2019Attique et la Gr\u00e8ce centrale ; Le P\u00e9loponn\u00e8se ; La Thessalie ; L\u2019\u00c9pire ; Les \u00eeles Ioniennes ; La Mac\u00e9doine et la Thrace.<\/p>\n<p>Penser \u00e0 utiliser en compl\u00e9ment notre\u00a0<strong>Carte National Gr\u00e8ce n\u00b0537, notre Guide Vert Week&#038;GO Ath\u00e8nes.<\/strong><\/p>\n","protected":false},"featured_media":48363,"comment_status":"open","ping_status":"closed","template":"","meta":{"site-sidebar-layout":"default","site-content-layout":"","ast-site-content-layout":"default","site-content-style":"default","site-sidebar-style":"default","ast-global-header-display":"","ast-banner-title-visibility":"","ast-main-header-display":"","ast-hfb-above-header-display":"","ast-hfb-below-header-display":"","ast-hfb-mobile-header-display":"","site-post-title":"","ast-breadcrumbs-content":"","ast-featured-img":"","footer-sml-layout":"","ast-disable-related-posts":"","theme-transparent-header-meta":"","adv-header-id-meta":"","stick-header-meta":"","header-above-stick-meta":"","header-main-stick-meta":"","header-below-stick-meta":"","astra-migrate-meta-layouts":"default","ast-page-background-enabled":"default","ast-page-background-meta":{"desktop":{"background-color":"","background-image":"","background-repeat":"repeat","background-position":"center center","background-size":"auto","background-attachment":"scroll","background-type":"","background-media":"","overlay-type":"","overlay-color":"","overlay-opacity":"","overlay-gradient":""},"tablet":{"background-color":"","background-image":"","background-repeat":"repeat","background-position":"center center","background-size":"auto","background-attachment":"scroll","background-type":"","background-media":"","overlay-type":"","overlay-color":"","overlay-opacity":"","overlay-gradient":""},"mobile":{"background-color":"","background-image":"","background-repeat":"repeat","background-position":"center center","background-size":"auto","background-attachment":"scroll","background-type":"","background-media":"","overlay-type":"","overlay-color":"","overlay-opacity":"","overlay-gradient":""}},"ast-content-background-meta":{"desktop":{"background-color":"var(--ast-global-color-5)","background-image":"","background-repeat":"repeat","background-position":"center center","background-size":"auto","background-attachment":"scroll","background-type":"","background-media":"","overlay-type":"","overlay-color":"","overlay-opacity":"","overlay-gradient":""},"tablet":{"background-color":"var(--ast-global-color-5)","background-image":"","background-repeat":"repeat","background-position":"center center","background-size":"auto","background-attachment":"scroll","background-type":"","background-media":"","overlay-type":"","overlay-color":"","overlay-opacity":"","overlay-gradient":""},"mobile":{"background-color":"var(--ast-global-color-5)","background-image":"","background-repeat":"repeat","background-position":"center center","background-size":"auto","background-attachment":"scroll","background-type":"","background-media":"","overlay-type":"","overlay-color":"","overlay-opacity":"","overlay-gradient":""}}},"product_brand":[],"product_cat":[329],"product_tag":[],"class_list":{"0":"post-48365","1":"product","2":"type-product","3":"status-publish","4":"has-post-thumbnail","6":"product_cat-ebook-en","7":"desktop-align-left","8":"tablet-align-left","9":"mobile-align-left","10":"ast-product-gallery-layout-horizontal-slider","11":"ast-product-gallery-with-no-image","12":"ast-product-tabs-layout-horizontal","14":"first","15":"instock","16":"downloadable","17":"virtual","18":"taxable","19":"purchasable","20":"product-type-simple"},"yoast_head":"<!-- This site is optimized with the Yoast SEO plugin v26.7 - https:\/\/yoast.com\/wordpress\/plugins\/seo\/ -->\n<title>Guide Vert Gr\u00e8ce continentale - ebook - Boutique de l&#039;Aventure Michelin<\/title>\n<meta name=\"robots\" content=\"index, follow, max-snippet:-1, max-image-preview:large, max-video-preview:-1\" \/>\n<link rel=\"canonical\" href=\"https:\/\/boutique.laventure.michelin.com\/en\/product\/guide-vert-grece-continentale-ebook\/\" \/>\n<meta property=\"og:locale\" content=\"en_US\" \/>\n<meta property=\"og:type\" content=\"article\" \/>\n<meta property=\"og:title\" content=\"Guide Vert Gr\u00e8ce continentale - ebook - Boutique de l&#039;Aventure Michelin\" \/>\n<meta property=\"og:description\" content=\"Laissez-vous guider par nos auteurs ! Au cours de leurs innombrables tourn\u00e9es, ils ont d\u00e9nich\u00e9 pour vous des lieux inoubliables ou insolites :- Les incontournables (class\u00e9s 1, 2 ou 3 \u00e9toiles) :\u00a0Corfou***, L\u2019Acropole***, Le th\u00e9\u00e2tre d\u2019\u00c9pidaure*** ...- Les coups de coeur :\u00a0Skier sur le mont Olympe ; Regarder le soleil se coucher sur les Zagoria ; Oublier la ville \u00e0 Hydra ...- Les bonnes adresses pour tous les budgets :\u00a0se restaurer, prendre un verre, shopping, sortir, se loger- Les meilleurs spots en famille (activit\u00e9s pour les 6-14 ans) :\u00a0Plong\u00e9e au milieu des poissons, en mer Ionienne ; Exploration des grottes de Diros et de P\u00e9rama ; Course \u00e0 pied au stade antique d\u2019Olympie ...- Des suggestions d\u2019itin\u00e9raires :\u00a0Grand tour du P\u00e9loponn\u00e8se en 14 jours ; La Gr\u00e8ce par la via Egnatia en 10 jours ; Dans le grand bleu des \u00eeles Ioniennes en 7 jours ...- De nombreux cartes et plans\u00a0pour retrouver les principaux sites \u00e9toil\u00e9s de la destination.- Toutes les infos mises \u00e0 jour\u00a0dans cette nouvelle \u00e9ditionCe guide est divis\u00e9 en 7 micro-r\u00e9gions :\u00a0Ath\u00e8nes, le Pir\u00e9e et les \u00eeles Saroniques ; L\u2019Attique et la Gr\u00e8ce centrale ; Le P\u00e9loponn\u00e8se ; La Thessalie ; L\u2019\u00c9pire ; Les \u00eeles Ioniennes ; La Mac\u00e9doine et la Thrace.Penser \u00e0 utiliser en compl\u00e9ment notre\u00a0Carte National Gr\u00e8ce n\u00b0537, notre Guide Vert Week&amp;GO Ath\u00e8nes.\" \/>\n<meta property=\"og:url\" content=\"https:\/\/boutique.laventure.michelin.com\/en\/product\/guide-vert-grece-continentale-ebook\/\" \/>\n<meta property=\"og:site_name\" content=\"Boutique de l&#039;Aventure Michelin\" \/>\n<meta property=\"article:publisher\" content=\"https:\/\/fr-fr.facebook.com\/laventuremichelin\/\" \/>\n<meta property=\"article:modified_time\" content=\"2026-04-14T09:34:27+00:00\" \/>\n<meta property=\"og:image\" content=\"https:\/\/boutique.laventure.michelin.com\/wp-content\/uploads\/2026\/03\/88ad6e63d52914238e0a27056f542bbf3862e5-1.jpg\" \/>\n\t<meta property=\"og:image:width\" content=\"632\" \/>\n\t<meta property=\"og:image:height\" content=\"1200\" \/>\n\t<meta property=\"og:image:type\" content=\"image\/jpeg\" \/>\n<meta name=\"twitter:card\" content=\"summary_large_image\" \/>\n<meta name=\"twitter:label1\" content=\"Est. reading time\" \/>\n\t<meta name=\"twitter:data1\" content=\"1 minute\" \/>\n<script type=\"application\/ld+json\" class=\"yoast-schema-graph\">{\"@context\":\"https:\/\/schema.org\",\"@graph\":[{\"@type\":\"WebPage\",\"@id\":\"https:\/\/boutique.laventure.michelin.com\/en\/product\/guide-vert-grece-continentale-ebook\/\",\"url\":\"https:\/\/boutique.laventure.michelin.com\/en\/product\/guide-vert-grece-continentale-ebook\/\",\"name\":\"Guide Vert Gr\u00e8ce continentale - ebook - Boutique de l&#039;Aventure Michelin\",\"isPartOf\":{\"@id\":\"https:\/\/boutique.laventure.michelin.com\/en\/#website\"},\"primaryImageOfPage\":{\"@id\":\"https:\/\/boutique.laventure.michelin.com\/en\/product\/guide-vert-grece-continentale-ebook\/#primaryimage\"},\"image\":{\"@id\":\"https:\/\/boutique.laventure.michelin.com\/en\/product\/guide-vert-grece-continentale-ebook\/#primaryimage\"},\"thumbnailUrl\":\"https:\/\/boutique.laventure.michelin.com\/wp-content\/uploads\/2026\/03\/88ad6e63d52914238e0a27056f542bbf3862e5-1.jpg\",\"datePublished\":\"2026-03-31T12:14:50+00:00\",\"dateModified\":\"2026-04-14T09:34:27+00:00\",\"breadcrumb\":{\"@id\":\"https:\/\/boutique.laventure.michelin.com\/en\/product\/guide-vert-grece-continentale-ebook\/#breadcrumb\"},\"inLanguage\":\"en-US\",\"potentialAction\":[{\"@type\":\"ReadAction\",\"target\":[\"https:\/\/boutique.laventure.michelin.com\/en\/product\/guide-vert-grece-continentale-ebook\/\"]}]},{\"@type\":\"ImageObject\",\"inLanguage\":\"en-US\",\"@id\":\"https:\/\/boutique.laventure.michelin.com\/en\/product\/guide-vert-grece-continentale-ebook\/#primaryimage\",\"url\":\"https:\/\/boutique.laventure.michelin.com\/wp-content\/uploads\/2026\/03\/88ad6e63d52914238e0a27056f542bbf3862e5-1.jpg\",\"contentUrl\":\"https:\/\/boutique.laventure.michelin.com\/wp-content\/uploads\/2026\/03\/88ad6e63d52914238e0a27056f542bbf3862e5-1.jpg\",\"width\":632,\"height\":1200},{\"@type\":\"BreadcrumbList\",\"@id\":\"https:\/\/boutique.laventure.michelin.com\/en\/product\/guide-vert-grece-continentale-ebook\/#breadcrumb\",\"itemListElement\":[{\"@type\":\"ListItem\",\"position\":1,\"name\":\"Accueil\",\"item\":\"https:\/\/boutique.laventure.michelin.com\/en\/\"},{\"@type\":\"ListItem\",\"position\":2,\"name\":\"Shop\",\"item\":\"https:\/\/boutique.laventure.michelin.com\/en\/shop\/\"},{\"@type\":\"ListItem\",\"position\":3,\"name\":\"Guide Vert Gr\u00e8ce continentale &#8211; ebook\"}]},{\"@type\":\"WebSite\",\"@id\":\"https:\/\/boutique.laventure.michelin.com\/en\/#website\",\"url\":\"https:\/\/boutique.laventure.michelin.com\/en\/\",\"name\":\"Boutique de l&#039;Aventure Michelin\",\"description\":\"\",\"publisher\":{\"@id\":\"https:\/\/boutique.laventure.michelin.com\/en\/#organization\"},\"potentialAction\":[{\"@type\":\"SearchAction\",\"target\":{\"@type\":\"EntryPoint\",\"urlTemplate\":\"https:\/\/boutique.laventure.michelin.com\/en\/?s={search_term_string}\"},\"query-input\":{\"@type\":\"PropertyValueSpecification\",\"valueRequired\":true,\"valueName\":\"search_term_string\"}}],\"inLanguage\":\"en-US\"},{\"@type\":\"Organization\",\"@id\":\"https:\/\/boutique.laventure.michelin.com\/en\/#organization\",\"name\":\"Boutique de l'Aventure Michelin\",\"url\":\"https:\/\/boutique.laventure.michelin.com\/en\/\",\"logo\":{\"@type\":\"ImageObject\",\"inLanguage\":\"en-US\",\"@id\":\"https:\/\/boutique.laventure.michelin.com\/en\/#\/schema\/logo\/image\/\",\"url\":\"https:\/\/boutique.laventure.michelin.com\/wp-content\/uploads\/2020\/12\/LOGO_LAVENTURE_MFP_VER_PASTILLES_RVB@2x.jpg\",\"contentUrl\":\"https:\/\/boutique.laventure.michelin.com\/wp-content\/uploads\/2020\/12\/LOGO_LAVENTURE_MFP_VER_PASTILLES_RVB@2x.jpg\",\"width\":1292,\"height\":1044,\"caption\":\"Boutique de l'Aventure Michelin\"},\"image\":{\"@id\":\"https:\/\/boutique.laventure.michelin.com\/en\/#\/schema\/logo\/image\/\"},\"sameAs\":[\"https:\/\/fr-fr.facebook.com\/laventuremichelin\/\"]}]}<\/script>\n<!-- \/ Yoast SEO plugin. -->","yoast_head_json":{"title":"Guide Vert Gr\u00e8ce continentale - ebook - Boutique de l&#039;Aventure Michelin","robots":{"index":"index","follow":"follow","max-snippet":"max-snippet:-1","max-image-preview":"max-image-preview:large","max-video-preview":"max-video-preview:-1"},"canonical":"https:\/\/boutique.laventure.michelin.com\/en\/product\/guide-vert-grece-continentale-ebook\/","og_locale":"en_US","og_type":"article","og_title":"Guide Vert Gr\u00e8ce continentale - ebook - Boutique de l&#039;Aventure Michelin","og_description":"Laissez-vous guider par nos auteurs ! Au cours de leurs innombrables tourn\u00e9es, ils ont d\u00e9nich\u00e9 pour vous des lieux inoubliables ou insolites :- Les incontournables (class\u00e9s 1, 2 ou 3 \u00e9toiles) :\u00a0Corfou***, L\u2019Acropole***, Le th\u00e9\u00e2tre d\u2019\u00c9pidaure*** ...- Les coups de coeur :\u00a0Skier sur le mont Olympe ; Regarder le soleil se coucher sur les Zagoria ; Oublier la ville \u00e0 Hydra ...- Les bonnes adresses pour tous les budgets :\u00a0se restaurer, prendre un verre, shopping, sortir, se loger- Les meilleurs spots en famille (activit\u00e9s pour les 6-14 ans) :\u00a0Plong\u00e9e au milieu des poissons, en mer Ionienne ; Exploration des grottes de Diros et de P\u00e9rama ; Course \u00e0 pied au stade antique d\u2019Olympie ...- Des suggestions d\u2019itin\u00e9raires :\u00a0Grand tour du P\u00e9loponn\u00e8se en 14 jours ; La Gr\u00e8ce par la via Egnatia en 10 jours ; Dans le grand bleu des \u00eeles Ioniennes en 7 jours ...- De nombreux cartes et plans\u00a0pour retrouver les principaux sites \u00e9toil\u00e9s de la destination.- Toutes les infos mises \u00e0 jour\u00a0dans cette nouvelle \u00e9ditionCe guide est divis\u00e9 en 7 micro-r\u00e9gions :\u00a0Ath\u00e8nes, le Pir\u00e9e et les \u00eeles Saroniques ; L\u2019Attique et la Gr\u00e8ce centrale ; Le P\u00e9loponn\u00e8se ; La Thessalie ; L\u2019\u00c9pire ; Les \u00eeles Ioniennes ; La Mac\u00e9doine et la Thrace.Penser \u00e0 utiliser en compl\u00e9ment notre\u00a0Carte National Gr\u00e8ce n\u00b0537, notre Guide Vert Week&GO Ath\u00e8nes.","og_url":"https:\/\/boutique.laventure.michelin.com\/en\/product\/guide-vert-grece-continentale-ebook\/","og_site_name":"Boutique de l&#039;Aventure Michelin","article_publisher":"https:\/\/fr-fr.facebook.com\/laventuremichelin\/","article_modified_time":"2026-04-14T09:34:27+00:00","og_image":[{"width":632,"height":1200,"url":"https:\/\/boutique.laventure.michelin.com\/wp-content\/uploads\/2026\/03\/88ad6e63d52914238e0a27056f542bbf3862e5-1.jpg","type":"image\/jpeg"}],"twitter_card":"summary_large_image","twitter_misc":{"Est. reading time":"1 minute"},"schema":{"@context":"https:\/\/schema.org","@graph":[{"@type":"WebPage","@id":"https:\/\/boutique.laventure.michelin.com\/en\/product\/guide-vert-grece-continentale-ebook\/","url":"https:\/\/boutique.laventure.michelin.com\/en\/product\/guide-vert-grece-continentale-ebook\/","name":"Guide Vert Gr\u00e8ce continentale - ebook - Boutique de l&#039;Aventure Michelin","isPartOf":{"@id":"https:\/\/boutique.laventure.michelin.com\/en\/#website"},"primaryImageOfPage":{"@id":"https:\/\/boutique.laventure.michelin.com\/en\/product\/guide-vert-grece-continentale-ebook\/#primaryimage"},"image":{"@id":"https:\/\/boutique.laventure.michelin.com\/en\/product\/guide-vert-grece-continentale-ebook\/#primaryimage"},"thumbnailUrl":"https:\/\/boutique.laventure.michelin.com\/wp-content\/uploads\/2026\/03\/88ad6e63d52914238e0a27056f542bbf3862e5-1.jpg","datePublished":"2026-03-31T12:14:50+00:00","dateModified":"2026-04-14T09:34:27+00:00","breadcrumb":{"@id":"https:\/\/boutique.laventure.michelin.com\/en\/product\/guide-vert-grece-continentale-ebook\/#breadcrumb"},"inLanguage":"en-US","potentialAction":[{"@type":"ReadAction","target":["https:\/\/boutique.laventure.michelin.com\/en\/product\/guide-vert-grece-continentale-ebook\/"]}]},{"@type":"ImageObject","inLanguage":"en-US","@id":"https:\/\/boutique.laventure.michelin.com\/en\/product\/guide-vert-grece-continentale-ebook\/#primaryimage","url":"https:\/\/boutique.laventure.michelin.com\/wp-content\/uploads\/2026\/03\/88ad6e63d52914238e0a27056f542bbf3862e5-1.jpg","contentUrl":"https:\/\/boutique.laventure.michelin.com\/wp-content\/uploads\/2026\/03\/88ad6e63d52914238e0a27056f542bbf3862e5-1.jpg","width":632,"height":1200},{"@type":"BreadcrumbList","@id":"https:\/\/boutique.laventure.michelin.com\/en\/product\/guide-vert-grece-continentale-ebook\/#breadcrumb","itemListElement":[{"@type":"ListItem","position":1,"name":"Accueil","item":"https:\/\/boutique.laventure.michelin.com\/en\/"},{"@type":"ListItem","position":2,"name":"Shop","item":"https:\/\/boutique.laventure.michelin.com\/en\/shop\/"},{"@type":"ListItem","position":3,"name":"Guide Vert Gr\u00e8ce continentale &#8211; ebook"}]},{"@type":"WebSite","@id":"https:\/\/boutique.laventure.michelin.com\/en\/#website","url":"https:\/\/boutique.laventure.michelin.com\/en\/","name":"Boutique de l&#039;Aventure Michelin","description":"","publisher":{"@id":"https:\/\/boutique.laventure.michelin.com\/en\/#organization"},"potentialAction":[{"@type":"SearchAction","target":{"@type":"EntryPoint","urlTemplate":"https:\/\/boutique.laventure.michelin.com\/en\/?s={search_term_string}"},"query-input":{"@type":"PropertyValueSpecification","valueRequired":true,"valueName":"search_term_string"}}],"inLanguage":"en-US"},{"@type":"Organization","@id":"https:\/\/boutique.laventure.michelin.com\/en\/#organization","name":"Boutique de l'Aventure Michelin","url":"https:\/\/boutique.laventure.michelin.com\/en\/","logo":{"@type":"ImageObject","inLanguage":"en-US","@id":"https:\/\/boutique.laventure.michelin.com\/en\/#\/schema\/logo\/image\/","url":"https:\/\/boutique.laventure.michelin.com\/wp-content\/uploads\/2020\/12\/LOGO_LAVENTURE_MFP_VER_PASTILLES_RVB@2x.jpg","contentUrl":"https:\/\/boutique.laventure.michelin.com\/wp-content\/uploads\/2020\/12\/LOGO_LAVENTURE_MFP_VER_PASTILLES_RVB@2x.jpg","width":1292,"height":1044,"caption":"Boutique de l'Aventure Michelin"},"image":{"@id":"https:\/\/boutique.laventure.michelin.com\/en\/#\/schema\/logo\/image\/"},"sameAs":["https:\/\/fr-fr.facebook.com\/laventuremichelin\/"]}]}},"_links":{"self":[{"href":"https:\/\/boutique.laventure.michelin.com\/en\/wp-json\/wp\/v2\/product\/48365","targetHints":{"allow":["GET"]}}],"collection":[{"href":"https:\/\/boutique.laventure.michelin.com\/en\/wp-json\/wp\/v2\/product"}],"about":[{"href":"https:\/\/boutique.laventure.michelin.com\/en\/wp-json\/wp\/v2\/types\/product"}],"replies":[{"embeddable":true,"href":"https:\/\/boutique.laventure.michelin.com\/en\/wp-json\/wp\/v2\/comments?post=48365"}],"wp:featuredmedia":[{"embeddable":true,"href":"https:\/\/boutique.laventure.michelin.com\/en\/wp-json\/wp\/v2\/media\/48363"}],"wp:attachment":[{"href":"https:\/\/boutique.laventure.michelin.com\/en\/wp-json\/wp\/v2\/media?parent=48365"}],"wp:term":[{"taxonomy":"product_brand","embeddable":true,"href":"https:\/\/boutique.laventure.michelin.com\/en\/wp-json\/wp\/v2\/product_brand?post=48365"},{"taxonomy":"product_cat","embeddable":true,"href":"https:\/\/boutique.laventure.michelin.com\/en\/wp-json\/wp\/v2\/product_cat?post=48365"},{"taxonomy":"product_tag","embeddable":true,"href":"https:\/\/boutique.laventure.michelin.com\/en\/wp-json\/wp\/v2\/product_tag?post=48365"}],"curies":[{"name":"wp","href":"https:\/\/api.w.org\/{rel}","templated":true}]}}