{"id":48429,"date":"2026-03-31T14:17:24","date_gmt":"2026-03-31T12:17:24","guid":{"rendered":"https:\/\/boutique.laventure.michelin.com\/produit\/auvergne-rhone-alpes-en-train-ebook\/"},"modified":"2026-04-14T11:34:12","modified_gmt":"2026-04-14T09:34:12","slug":"auvergne-rhone-alpes-en-train-ebook","status":"publish","type":"product","link":"https:\/\/boutique.laventure.michelin.com\/en\/product\/auvergne-rhone-alpes-en-train-ebook\/","title":{"rendered":"Auvergne-Rh\u00f4ne-Alpes en train &#8211; ebook"},"content":{"rendered":"<p>NOUVEAUT\u00c9 !<\/p>\n<p>Prenez le train et d\u00e9couvrez les mille et une merveilles de la r\u00e9gion Auvergne-Rh\u00f4ne-Alpes :<\/p>\n<p>&#8211; Plus de 140 destinations en ville et en pleine nature.<\/p>\n<p>&#8211; Richement illustr\u00e9 avec de nombreuses adresses, des h\u00e9bergements sur le parcours pour se d\u00e9tendre, aux restaurants pour se r\u00e9galer de sp\u00e9cialit\u00e9s culinaires locales.<\/p>\n<p>&#8211; Des volcans d\u2019Auvergne aux Alpes du nord en passant par la vall\u00e9e du Rh\u00f4ne et Lyon, des paysages grandioses et des \u00e9tapes de choix sur les plus belles lignes de chemin de fer et ouvrages d\u2019art de France.<\/p>\n<p>&#8211; Les voyages en train propos\u00e9s s&#8217;accompagnent d&#8217;excursions dans les plus beaux parcs naturels nationaux et r\u00e9gionaux de France et de balades \u00e0 v\u00e9lo.<\/p>\n<p>C\u2019est parti pour la d\u00e9couverte de la r\u00e9gion Auvergne-Rh\u00f4ne-Alpes\u00a0en train !<\/p>\n","protected":false},"excerpt":{"rendered":"<p>NOUVEAUT\u00c9 !<\/p>\n<p>Prenez le train et d\u00e9couvrez les mille et une merveilles de la r\u00e9gion Auvergne-Rh\u00f4ne-Alpes :<\/p>\n<p>&#8211; Plus de 140 destinations en ville et en pleine nature.<\/p>\n<p>&#8211; Richement illustr\u00e9 avec de nombreuses adresses, des h\u00e9bergements sur le parcours pour se d\u00e9tendre, aux restaurants pour se r\u00e9galer de sp\u00e9cialit\u00e9s culinaires locales.<\/p>\n<p>&#8211; Des volcans d\u2019Auvergne aux Alpes du nord en passant par la vall\u00e9e du Rh\u00f4ne et Lyon, des paysages grandioses et des \u00e9tapes de choix sur les plus belles lignes de chemin de fer et ouvrages d\u2019art de France.<\/p>\n<p>&#8211; Les voyages en train propos\u00e9s s&#8217;accompagnent d&#8217;excursions dans les plus beaux parcs naturels nationaux et r\u00e9gionaux de France et de balades \u00e0 v\u00e9lo.<\/p>\n<p>C\u2019est parti pour la d\u00e9couverte de la r\u00e9gion Auvergne-Rh\u00f4ne-Alpes\u00a0en train !<\/p>\n","protected":false},"featured_media":48427,"comment_status":"open","ping_status":"closed","template":"","meta":{"site-sidebar-layout":"default","site-content-layout":"","ast-site-content-layout":"default","site-content-style":"default","site-sidebar-style":"default","ast-global-header-display":"","ast-banner-title-visibility":"","ast-main-header-display":"","ast-hfb-above-header-display":"","ast-hfb-below-header-display":"","ast-hfb-mobile-header-display":"","site-post-title":"","ast-breadcrumbs-content":"","ast-featured-img":"","footer-sml-layout":"","ast-disable-related-posts":"","theme-transparent-header-meta":"","adv-header-id-meta":"","stick-header-meta":"","header-above-stick-meta":"","header-main-stick-meta":"","header-below-stick-meta":"","astra-migrate-meta-layouts":"default","ast-page-background-enabled":"default","ast-page-background-meta":{"desktop":{"background-color":"","background-image":"","background-repeat":"repeat","background-position":"center center","background-size":"auto","background-attachment":"scroll","background-type":"","background-media":"","overlay-type":"","overlay-color":"","overlay-opacity":"","overlay-gradient":""},"tablet":{"background-color":"","background-image":"","background-repeat":"repeat","background-position":"center center","background-size":"auto","background-attachment":"scroll","background-type":"","background-media":"","overlay-type":"","overlay-color":"","overlay-opacity":"","overlay-gradient":""},"mobile":{"background-color":"","background-image":"","background-repeat":"repeat","background-position":"center center","background-size":"auto","background-attachment":"scroll","background-type":"","background-media":"","overlay-type":"","overlay-color":"","overlay-opacity":"","overlay-gradient":""}},"ast-content-background-meta":{"desktop":{"background-color":"var(--ast-global-color-5)","background-image":"","background-repeat":"repeat","background-position":"center center","background-size":"auto","background-attachment":"scroll","background-type":"","background-media":"","overlay-type":"","overlay-color":"","overlay-opacity":"","overlay-gradient":""},"tablet":{"background-color":"var(--ast-global-color-5)","background-image":"","background-repeat":"repeat","background-position":"center center","background-size":"auto","background-attachment":"scroll","background-type":"","background-media":"","overlay-type":"","overlay-color":"","overlay-opacity":"","overlay-gradient":""},"mobile":{"background-color":"var(--ast-global-color-5)","background-image":"","background-repeat":"repeat","background-position":"center center","background-size":"auto","background-attachment":"scroll","background-type":"","background-media":"","overlay-type":"","overlay-color":"","overlay-opacity":"","overlay-gradient":""}}},"product_brand":[],"product_cat":[329],"product_tag":[],"class_list":{"0":"post-48429","1":"product","2":"type-product","3":"status-publish","4":"has-post-thumbnail","6":"product_cat-ebook-en","7":"desktop-align-left","8":"tablet-align-left","9":"mobile-align-left","10":"ast-product-gallery-layout-horizontal-slider","11":"ast-product-gallery-with-no-image","12":"ast-product-tabs-layout-horizontal","14":"first","15":"instock","16":"downloadable","17":"virtual","18":"taxable","19":"purchasable","20":"product-type-simple"},"yoast_head":"<!-- This site is optimized with the Yoast SEO plugin v26.7 - https:\/\/yoast.com\/wordpress\/plugins\/seo\/ -->\n<title>Auvergne-Rh\u00f4ne-Alpes en train - ebook - Boutique de l&#039;Aventure Michelin<\/title>\n<meta name=\"robots\" content=\"index, follow, max-snippet:-1, max-image-preview:large, max-video-preview:-1\" \/>\n<link rel=\"canonical\" href=\"https:\/\/boutique.laventure.michelin.com\/en\/product\/auvergne-rhone-alpes-en-train-ebook\/\" \/>\n<meta property=\"og:locale\" content=\"en_US\" \/>\n<meta property=\"og:type\" content=\"article\" \/>\n<meta property=\"og:title\" content=\"Auvergne-Rh\u00f4ne-Alpes en train - ebook - Boutique de l&#039;Aventure Michelin\" \/>\n<meta property=\"og:description\" content=\"NOUVEAUT\u00c9 !Prenez le train et d\u00e9couvrez les mille et une merveilles de la r\u00e9gion Auvergne-Rh\u00f4ne-Alpes :- Plus de 140 destinations en ville et en pleine nature.- Richement illustr\u00e9 avec de nombreuses adresses, des h\u00e9bergements sur le parcours pour se d\u00e9tendre, aux restaurants pour se r\u00e9galer de sp\u00e9cialit\u00e9s culinaires locales.- Des volcans d\u2019Auvergne aux Alpes du nord en passant par la vall\u00e9e du Rh\u00f4ne et Lyon, des paysages grandioses et des \u00e9tapes de choix sur les plus belles lignes de chemin de fer et ouvrages d\u2019art de France.- Les voyages en train propos\u00e9s s&#039;accompagnent d&#039;excursions dans les plus beaux parcs naturels nationaux et r\u00e9gionaux de France et de balades \u00e0 v\u00e9lo.C\u2019est parti pour la d\u00e9couverte de la r\u00e9gion Auvergne-Rh\u00f4ne-Alpes\u00a0en train !\" \/>\n<meta property=\"og:url\" content=\"https:\/\/boutique.laventure.michelin.com\/en\/product\/auvergne-rhone-alpes-en-train-ebook\/\" \/>\n<meta property=\"og:site_name\" content=\"Boutique de l&#039;Aventure Michelin\" \/>\n<meta property=\"article:publisher\" content=\"https:\/\/fr-fr.facebook.com\/laventuremichelin\/\" \/>\n<meta property=\"article:modified_time\" content=\"2026-04-14T09:34:12+00:00\" \/>\n<meta property=\"og:image\" content=\"https:\/\/boutique.laventure.michelin.com\/wp-content\/uploads\/2026\/03\/70746b67c6b239cd33aed4dd7ec338b3a85b5a-1.jpg\" \/>\n\t<meta property=\"og:image:width\" content=\"1000\" \/>\n\t<meta property=\"og:image:height\" content=\"1375\" \/>\n\t<meta property=\"og:image:type\" content=\"image\/jpeg\" \/>\n<meta name=\"twitter:card\" content=\"summary_large_image\" \/>\n<meta name=\"twitter:label1\" content=\"Est. reading time\" \/>\n\t<meta name=\"twitter:data1\" content=\"1 minute\" \/>\n<script type=\"application\/ld+json\" class=\"yoast-schema-graph\">{\"@context\":\"https:\/\/schema.org\",\"@graph\":[{\"@type\":\"WebPage\",\"@id\":\"https:\/\/boutique.laventure.michelin.com\/en\/product\/auvergne-rhone-alpes-en-train-ebook\/\",\"url\":\"https:\/\/boutique.laventure.michelin.com\/en\/product\/auvergne-rhone-alpes-en-train-ebook\/\",\"name\":\"Auvergne-Rh\u00f4ne-Alpes en train - ebook - Boutique de l&#039;Aventure Michelin\",\"isPartOf\":{\"@id\":\"https:\/\/boutique.laventure.michelin.com\/en\/#website\"},\"primaryImageOfPage\":{\"@id\":\"https:\/\/boutique.laventure.michelin.com\/en\/product\/auvergne-rhone-alpes-en-train-ebook\/#primaryimage\"},\"image\":{\"@id\":\"https:\/\/boutique.laventure.michelin.com\/en\/product\/auvergne-rhone-alpes-en-train-ebook\/#primaryimage\"},\"thumbnailUrl\":\"https:\/\/boutique.laventure.michelin.com\/wp-content\/uploads\/2026\/03\/70746b67c6b239cd33aed4dd7ec338b3a85b5a-1.jpg\",\"datePublished\":\"2026-03-31T12:17:24+00:00\",\"dateModified\":\"2026-04-14T09:34:12+00:00\",\"breadcrumb\":{\"@id\":\"https:\/\/boutique.laventure.michelin.com\/en\/product\/auvergne-rhone-alpes-en-train-ebook\/#breadcrumb\"},\"inLanguage\":\"en-US\",\"potentialAction\":[{\"@type\":\"ReadAction\",\"target\":[\"https:\/\/boutique.laventure.michelin.com\/en\/product\/auvergne-rhone-alpes-en-train-ebook\/\"]}]},{\"@type\":\"ImageObject\",\"inLanguage\":\"en-US\",\"@id\":\"https:\/\/boutique.laventure.michelin.com\/en\/product\/auvergne-rhone-alpes-en-train-ebook\/#primaryimage\",\"url\":\"https:\/\/boutique.laventure.michelin.com\/wp-content\/uploads\/2026\/03\/70746b67c6b239cd33aed4dd7ec338b3a85b5a-1.jpg\",\"contentUrl\":\"https:\/\/boutique.laventure.michelin.com\/wp-content\/uploads\/2026\/03\/70746b67c6b239cd33aed4dd7ec338b3a85b5a-1.jpg\",\"width\":1000,\"height\":1375},{\"@type\":\"BreadcrumbList\",\"@id\":\"https:\/\/boutique.laventure.michelin.com\/en\/product\/auvergne-rhone-alpes-en-train-ebook\/#breadcrumb\",\"itemListElement\":[{\"@type\":\"ListItem\",\"position\":1,\"name\":\"Accueil\",\"item\":\"https:\/\/boutique.laventure.michelin.com\/en\/\"},{\"@type\":\"ListItem\",\"position\":2,\"name\":\"Shop\",\"item\":\"https:\/\/boutique.laventure.michelin.com\/en\/shop\/\"},{\"@type\":\"ListItem\",\"position\":3,\"name\":\"Auvergne-Rh\u00f4ne-Alpes en train &#8211; ebook\"}]},{\"@type\":\"WebSite\",\"@id\":\"https:\/\/boutique.laventure.michelin.com\/en\/#website\",\"url\":\"https:\/\/boutique.laventure.michelin.com\/en\/\",\"name\":\"Boutique de l&#039;Aventure Michelin\",\"description\":\"\",\"publisher\":{\"@id\":\"https:\/\/boutique.laventure.michelin.com\/en\/#organization\"},\"potentialAction\":[{\"@type\":\"SearchAction\",\"target\":{\"@type\":\"EntryPoint\",\"urlTemplate\":\"https:\/\/boutique.laventure.michelin.com\/en\/?s={search_term_string}\"},\"query-input\":{\"@type\":\"PropertyValueSpecification\",\"valueRequired\":true,\"valueName\":\"search_term_string\"}}],\"inLanguage\":\"en-US\"},{\"@type\":\"Organization\",\"@id\":\"https:\/\/boutique.laventure.michelin.com\/en\/#organization\",\"name\":\"Boutique de l'Aventure Michelin\",\"url\":\"https:\/\/boutique.laventure.michelin.com\/en\/\",\"logo\":{\"@type\":\"ImageObject\",\"inLanguage\":\"en-US\",\"@id\":\"https:\/\/boutique.laventure.michelin.com\/en\/#\/schema\/logo\/image\/\",\"url\":\"https:\/\/boutique.laventure.michelin.com\/wp-content\/uploads\/2020\/12\/LOGO_LAVENTURE_MFP_VER_PASTILLES_RVB@2x.jpg\",\"contentUrl\":\"https:\/\/boutique.laventure.michelin.com\/wp-content\/uploads\/2020\/12\/LOGO_LAVENTURE_MFP_VER_PASTILLES_RVB@2x.jpg\",\"width\":1292,\"height\":1044,\"caption\":\"Boutique de l'Aventure Michelin\"},\"image\":{\"@id\":\"https:\/\/boutique.laventure.michelin.com\/en\/#\/schema\/logo\/image\/\"},\"sameAs\":[\"https:\/\/fr-fr.facebook.com\/laventuremichelin\/\"]}]}<\/script>\n<!-- \/ Yoast SEO plugin. -->","yoast_head_json":{"title":"Auvergne-Rh\u00f4ne-Alpes en train - ebook - Boutique de l&#039;Aventure Michelin","robots":{"index":"index","follow":"follow","max-snippet":"max-snippet:-1","max-image-preview":"max-image-preview:large","max-video-preview":"max-video-preview:-1"},"canonical":"https:\/\/boutique.laventure.michelin.com\/en\/product\/auvergne-rhone-alpes-en-train-ebook\/","og_locale":"en_US","og_type":"article","og_title":"Auvergne-Rh\u00f4ne-Alpes en train - ebook - Boutique de l&#039;Aventure Michelin","og_description":"NOUVEAUT\u00c9 !Prenez le train et d\u00e9couvrez les mille et une merveilles de la r\u00e9gion Auvergne-Rh\u00f4ne-Alpes :- Plus de 140 destinations en ville et en pleine nature.- Richement illustr\u00e9 avec de nombreuses adresses, des h\u00e9bergements sur le parcours pour se d\u00e9tendre, aux restaurants pour se r\u00e9galer de sp\u00e9cialit\u00e9s culinaires locales.- Des volcans d\u2019Auvergne aux Alpes du nord en passant par la vall\u00e9e du Rh\u00f4ne et Lyon, des paysages grandioses et des \u00e9tapes de choix sur les plus belles lignes de chemin de fer et ouvrages d\u2019art de France.- Les voyages en train propos\u00e9s s'accompagnent d'excursions dans les plus beaux parcs naturels nationaux et r\u00e9gionaux de France et de balades \u00e0 v\u00e9lo.C\u2019est parti pour la d\u00e9couverte de la r\u00e9gion Auvergne-Rh\u00f4ne-Alpes\u00a0en train !","og_url":"https:\/\/boutique.laventure.michelin.com\/en\/product\/auvergne-rhone-alpes-en-train-ebook\/","og_site_name":"Boutique de l&#039;Aventure Michelin","article_publisher":"https:\/\/fr-fr.facebook.com\/laventuremichelin\/","article_modified_time":"2026-04-14T09:34:12+00:00","og_image":[{"width":1000,"height":1375,"url":"https:\/\/boutique.laventure.michelin.com\/wp-content\/uploads\/2026\/03\/70746b67c6b239cd33aed4dd7ec338b3a85b5a-1.jpg","type":"image\/jpeg"}],"twitter_card":"summary_large_image","twitter_misc":{"Est. reading time":"1 minute"},"schema":{"@context":"https:\/\/schema.org","@graph":[{"@type":"WebPage","@id":"https:\/\/boutique.laventure.michelin.com\/en\/product\/auvergne-rhone-alpes-en-train-ebook\/","url":"https:\/\/boutique.laventure.michelin.com\/en\/product\/auvergne-rhone-alpes-en-train-ebook\/","name":"Auvergne-Rh\u00f4ne-Alpes en train - ebook - Boutique de l&#039;Aventure Michelin","isPartOf":{"@id":"https:\/\/boutique.laventure.michelin.com\/en\/#website"},"primaryImageOfPage":{"@id":"https:\/\/boutique.laventure.michelin.com\/en\/product\/auvergne-rhone-alpes-en-train-ebook\/#primaryimage"},"image":{"@id":"https:\/\/boutique.laventure.michelin.com\/en\/product\/auvergne-rhone-alpes-en-train-ebook\/#primaryimage"},"thumbnailUrl":"https:\/\/boutique.laventure.michelin.com\/wp-content\/uploads\/2026\/03\/70746b67c6b239cd33aed4dd7ec338b3a85b5a-1.jpg","datePublished":"2026-03-31T12:17:24+00:00","dateModified":"2026-04-14T09:34:12+00:00","breadcrumb":{"@id":"https:\/\/boutique.laventure.michelin.com\/en\/product\/auvergne-rhone-alpes-en-train-ebook\/#breadcrumb"},"inLanguage":"en-US","potentialAction":[{"@type":"ReadAction","target":["https:\/\/boutique.laventure.michelin.com\/en\/product\/auvergne-rhone-alpes-en-train-ebook\/"]}]},{"@type":"ImageObject","inLanguage":"en-US","@id":"https:\/\/boutique.laventure.michelin.com\/en\/product\/auvergne-rhone-alpes-en-train-ebook\/#primaryimage","url":"https:\/\/boutique.laventure.michelin.com\/wp-content\/uploads\/2026\/03\/70746b67c6b239cd33aed4dd7ec338b3a85b5a-1.jpg","contentUrl":"https:\/\/boutique.laventure.michelin.com\/wp-content\/uploads\/2026\/03\/70746b67c6b239cd33aed4dd7ec338b3a85b5a-1.jpg","width":1000,"height":1375},{"@type":"BreadcrumbList","@id":"https:\/\/boutique.laventure.michelin.com\/en\/product\/auvergne-rhone-alpes-en-train-ebook\/#breadcrumb","itemListElement":[{"@type":"ListItem","position":1,"name":"Accueil","item":"https:\/\/boutique.laventure.michelin.com\/en\/"},{"@type":"ListItem","position":2,"name":"Shop","item":"https:\/\/boutique.laventure.michelin.com\/en\/shop\/"},{"@type":"ListItem","position":3,"name":"Auvergne-Rh\u00f4ne-Alpes en train &#8211; ebook"}]},{"@type":"WebSite","@id":"https:\/\/boutique.laventure.michelin.com\/en\/#website","url":"https:\/\/boutique.laventure.michelin.com\/en\/","name":"Boutique de l&#039;Aventure Michelin","description":"","publisher":{"@id":"https:\/\/boutique.laventure.michelin.com\/en\/#organization"},"potentialAction":[{"@type":"SearchAction","target":{"@type":"EntryPoint","urlTemplate":"https:\/\/boutique.laventure.michelin.com\/en\/?s={search_term_string}"},"query-input":{"@type":"PropertyValueSpecification","valueRequired":true,"valueName":"search_term_string"}}],"inLanguage":"en-US"},{"@type":"Organization","@id":"https:\/\/boutique.laventure.michelin.com\/en\/#organization","name":"Boutique de l'Aventure Michelin","url":"https:\/\/boutique.laventure.michelin.com\/en\/","logo":{"@type":"ImageObject","inLanguage":"en-US","@id":"https:\/\/boutique.laventure.michelin.com\/en\/#\/schema\/logo\/image\/","url":"https:\/\/boutique.laventure.michelin.com\/wp-content\/uploads\/2020\/12\/LOGO_LAVENTURE_MFP_VER_PASTILLES_RVB@2x.jpg","contentUrl":"https:\/\/boutique.laventure.michelin.com\/wp-content\/uploads\/2020\/12\/LOGO_LAVENTURE_MFP_VER_PASTILLES_RVB@2x.jpg","width":1292,"height":1044,"caption":"Boutique de l'Aventure Michelin"},"image":{"@id":"https:\/\/boutique.laventure.michelin.com\/en\/#\/schema\/logo\/image\/"},"sameAs":["https:\/\/fr-fr.facebook.com\/laventuremichelin\/"]}]}},"_links":{"self":[{"href":"https:\/\/boutique.laventure.michelin.com\/en\/wp-json\/wp\/v2\/product\/48429","targetHints":{"allow":["GET"]}}],"collection":[{"href":"https:\/\/boutique.laventure.michelin.com\/en\/wp-json\/wp\/v2\/product"}],"about":[{"href":"https:\/\/boutique.laventure.michelin.com\/en\/wp-json\/wp\/v2\/types\/product"}],"replies":[{"embeddable":true,"href":"https:\/\/boutique.laventure.michelin.com\/en\/wp-json\/wp\/v2\/comments?post=48429"}],"wp:featuredmedia":[{"embeddable":true,"href":"https:\/\/boutique.laventure.michelin.com\/en\/wp-json\/wp\/v2\/media\/48427"}],"wp:attachment":[{"href":"https:\/\/boutique.laventure.michelin.com\/en\/wp-json\/wp\/v2\/media?parent=48429"}],"wp:term":[{"taxonomy":"product_brand","embeddable":true,"href":"https:\/\/boutique.laventure.michelin.com\/en\/wp-json\/wp\/v2\/product_brand?post=48429"},{"taxonomy":"product_cat","embeddable":true,"href":"https:\/\/boutique.laventure.michelin.com\/en\/wp-json\/wp\/v2\/product_cat?post=48429"},{"taxonomy":"product_tag","embeddable":true,"href":"https:\/\/boutique.laventure.michelin.com\/en\/wp-json\/wp\/v2\/product_tag?post=48429"}],"curies":[{"name":"wp","href":"https:\/\/api.w.org\/{rel}","templated":true}]}}