{"id":48477,"date":"2026-03-31T14:17:57","date_gmt":"2026-03-31T12:17:57","guid":{"rendered":"https:\/\/boutique.laventure.michelin.com\/produit\/les-hauts-de-france-a-velo-ebook\/"},"modified":"2026-04-14T11:33:59","modified_gmt":"2026-04-14T09:33:59","slug":"les-hauts-de-france-a-velo-ebook","status":"publish","type":"product","link":"https:\/\/boutique.laventure.michelin.com\/en\/product\/les-hauts-de-france-a-velo-ebook\/","title":{"rendered":"Les Hauts-de-France \u00e0 v\u00e9lo &#8211; ebook"},"content":{"rendered":"<p><strong>18 itin\u00e9raires de 2 \u00e0 6 jours pour tous les niveaux, afin d\u2019explorer les Hauts-de-France \u00e0 v\u00e9lo !<\/strong><\/p>\n<p>&#8211; Des itin\u00e9raires pour d\u00e9couvrir la r\u00e9gion, de la baie de Somme \u00e0 la c\u00f4te d\u2019Opale, du patrimoine minier aux for\u00eats de l\u2019Aisne et de l\u2019Oise<br \/>&#8211; Un guide compos\u00e9 de 3 grands chapitres :<\/p>\n<p>\u2022 Des itin\u00e9raires faciles, pour les familles et les n\u00e9opratiquants<\/p>\n<p>\u2022 Des itin\u00e9raires interm\u00e9diaires, pour ceux qui sont plus \u00e0 l\u2019aise pour r\u00e9aliser des itin\u00e9raires plus longs ou plus physiques<\/p>\n<p>\u2022 Des itin\u00e9raires pour les cyclistes aguerris, habitu\u00e9s des trajets en itin\u00e9rance et des variations de terrain, de dur\u00e9e et de difficult\u00e9<\/p>\n<p>&#8211; Chaque trajet s\u2019accompagne du d\u00e9tail de chaque \u00e9tape et d\u2019informations pratiques pour visiter, se restaurer et dormir<\/p>\n<p>&#8211; Des cartes de situation, des QR-codes pour t\u00e9l\u00e9charger les traces GPX des itin\u00e9raires<\/p>\n<p>&#8211; Des informations pratiques sur le v\u00e9lo (location, r\u00e9paration)<\/p>\n<p>&#8211; Le guide s\u2019accompagne d\u2019une carte d\u00e9tachable de la r\u00e9gion avec tous les itin\u00e9raires<\/p>\n","protected":false},"excerpt":{"rendered":"<p><strong>18 itin\u00e9raires de 2 \u00e0 6 jours pour tous les niveaux, afin d\u2019explorer les Hauts-de-France \u00e0 v\u00e9lo !<\/strong><\/p>\n<p>&#8211; Des itin\u00e9raires pour d\u00e9couvrir la r\u00e9gion, de la baie de Somme \u00e0 la c\u00f4te d\u2019Opale, du patrimoine minier aux for\u00eats de l\u2019Aisne et de l\u2019Oise<br \/>&#8211; Un guide compos\u00e9 de 3 grands chapitres :<\/p>\n<p>\u2022 Des itin\u00e9raires faciles, pour les familles et les n\u00e9opratiquants<\/p>\n<p>\u2022 Des itin\u00e9raires interm\u00e9diaires, pour ceux qui sont plus \u00e0 l\u2019aise pour r\u00e9aliser des itin\u00e9raires plus longs ou plus physiques<\/p>\n<p>\u2022 Des itin\u00e9raires pour les cyclistes aguerris, habitu\u00e9s des trajets en itin\u00e9rance et des variations de terrain, de dur\u00e9e et de difficult\u00e9<\/p>\n<p>&#8211; Chaque trajet s\u2019accompagne du d\u00e9tail de chaque \u00e9tape et d\u2019informations pratiques pour visiter, se restaurer et dormir<\/p>\n<p>&#8211; Des cartes de situation, des QR-codes pour t\u00e9l\u00e9charger les traces GPX des itin\u00e9raires<\/p>\n<p>&#8211; Des informations pratiques sur le v\u00e9lo (location, r\u00e9paration)<\/p>\n<p>&#8211; Le guide s\u2019accompagne d\u2019une carte d\u00e9tachable de la r\u00e9gion avec tous les itin\u00e9raires<\/p>\n","protected":false},"featured_media":48475,"comment_status":"open","ping_status":"closed","template":"","meta":{"site-sidebar-layout":"default","site-content-layout":"","ast-site-content-layout":"default","site-content-style":"default","site-sidebar-style":"default","ast-global-header-display":"","ast-banner-title-visibility":"","ast-main-header-display":"","ast-hfb-above-header-display":"","ast-hfb-below-header-display":"","ast-hfb-mobile-header-display":"","site-post-title":"","ast-breadcrumbs-content":"","ast-featured-img":"","footer-sml-layout":"","ast-disable-related-posts":"","theme-transparent-header-meta":"","adv-header-id-meta":"","stick-header-meta":"","header-above-stick-meta":"","header-main-stick-meta":"","header-below-stick-meta":"","astra-migrate-meta-layouts":"default","ast-page-background-enabled":"default","ast-page-background-meta":{"desktop":{"background-color":"","background-image":"","background-repeat":"repeat","background-position":"center center","background-size":"auto","background-attachment":"scroll","background-type":"","background-media":"","overlay-type":"","overlay-color":"","overlay-opacity":"","overlay-gradient":""},"tablet":{"background-color":"","background-image":"","background-repeat":"repeat","background-position":"center center","background-size":"auto","background-attachment":"scroll","background-type":"","background-media":"","overlay-type":"","overlay-color":"","overlay-opacity":"","overlay-gradient":""},"mobile":{"background-color":"","background-image":"","background-repeat":"repeat","background-position":"center center","background-size":"auto","background-attachment":"scroll","background-type":"","background-media":"","overlay-type":"","overlay-color":"","overlay-opacity":"","overlay-gradient":""}},"ast-content-background-meta":{"desktop":{"background-color":"var(--ast-global-color-5)","background-image":"","background-repeat":"repeat","background-position":"center center","background-size":"auto","background-attachment":"scroll","background-type":"","background-media":"","overlay-type":"","overlay-color":"","overlay-opacity":"","overlay-gradient":""},"tablet":{"background-color":"var(--ast-global-color-5)","background-image":"","background-repeat":"repeat","background-position":"center center","background-size":"auto","background-attachment":"scroll","background-type":"","background-media":"","overlay-type":"","overlay-color":"","overlay-opacity":"","overlay-gradient":""},"mobile":{"background-color":"var(--ast-global-color-5)","background-image":"","background-repeat":"repeat","background-position":"center center","background-size":"auto","background-attachment":"scroll","background-type":"","background-media":"","overlay-type":"","overlay-color":"","overlay-opacity":"","overlay-gradient":""}}},"product_brand":[],"product_cat":[329],"product_tag":[],"class_list":{"0":"post-48477","1":"product","2":"type-product","3":"status-publish","4":"has-post-thumbnail","6":"product_cat-ebook-en","7":"desktop-align-left","8":"tablet-align-left","9":"mobile-align-left","10":"ast-product-gallery-layout-horizontal-slider","11":"ast-product-gallery-with-no-image","12":"ast-product-tabs-layout-horizontal","14":"first","15":"instock","16":"downloadable","17":"virtual","18":"taxable","19":"purchasable","20":"product-type-simple"},"yoast_head":"<!-- This site is optimized with the Yoast SEO plugin v26.7 - https:\/\/yoast.com\/wordpress\/plugins\/seo\/ -->\n<title>Les Hauts-de-France \u00e0 v\u00e9lo - ebook - Boutique de l&#039;Aventure Michelin<\/title>\n<meta name=\"robots\" content=\"index, follow, max-snippet:-1, max-image-preview:large, max-video-preview:-1\" \/>\n<link rel=\"canonical\" href=\"https:\/\/boutique.laventure.michelin.com\/en\/product\/les-hauts-de-france-a-velo-ebook\/\" \/>\n<meta property=\"og:locale\" content=\"en_US\" \/>\n<meta property=\"og:type\" content=\"article\" \/>\n<meta property=\"og:title\" content=\"Les Hauts-de-France \u00e0 v\u00e9lo - ebook - Boutique de l&#039;Aventure Michelin\" \/>\n<meta property=\"og:description\" content=\"18 itin\u00e9raires de 2 \u00e0 6 jours pour tous les niveaux, afin d\u2019explorer les Hauts-de-France \u00e0 v\u00e9lo !- Des itin\u00e9raires pour d\u00e9couvrir la r\u00e9gion, de la baie de Somme \u00e0 la c\u00f4te d\u2019Opale, du patrimoine minier aux for\u00eats de l\u2019Aisne et de l\u2019Oise- Un guide compos\u00e9 de 3 grands chapitres :\u2022 Des itin\u00e9raires faciles, pour les familles et les n\u00e9opratiquants\u2022 Des itin\u00e9raires interm\u00e9diaires, pour ceux qui sont plus \u00e0 l\u2019aise pour r\u00e9aliser des itin\u00e9raires plus longs ou plus physiques\u2022 Des itin\u00e9raires pour les cyclistes aguerris, habitu\u00e9s des trajets en itin\u00e9rance et des variations de terrain, de dur\u00e9e et de difficult\u00e9- Chaque trajet s\u2019accompagne du d\u00e9tail de chaque \u00e9tape et d\u2019informations pratiques pour visiter, se restaurer et dormir- Des cartes de situation, des QR-codes pour t\u00e9l\u00e9charger les traces GPX des itin\u00e9raires- Des informations pratiques sur le v\u00e9lo (location, r\u00e9paration)- Le guide s\u2019accompagne d\u2019une carte d\u00e9tachable de la r\u00e9gion avec tous les itin\u00e9raires\" \/>\n<meta property=\"og:url\" content=\"https:\/\/boutique.laventure.michelin.com\/en\/product\/les-hauts-de-france-a-velo-ebook\/\" \/>\n<meta property=\"og:site_name\" content=\"Boutique de l&#039;Aventure Michelin\" \/>\n<meta property=\"article:publisher\" content=\"https:\/\/fr-fr.facebook.com\/laventuremichelin\/\" \/>\n<meta property=\"article:modified_time\" content=\"2026-04-14T09:33:59+00:00\" \/>\n<meta property=\"og:image\" content=\"https:\/\/boutique.laventure.michelin.com\/wp-content\/uploads\/2026\/03\/dd56eba4755bc485bb171084329bfd89f6387e-1.jpg\" \/>\n\t<meta property=\"og:image:width\" content=\"1000\" \/>\n\t<meta property=\"og:image:height\" content=\"1501\" \/>\n\t<meta property=\"og:image:type\" content=\"image\/jpeg\" \/>\n<meta name=\"twitter:card\" content=\"summary_large_image\" \/>\n<meta name=\"twitter:label1\" content=\"Est. reading time\" \/>\n\t<meta name=\"twitter:data1\" content=\"1 minute\" \/>\n<script type=\"application\/ld+json\" class=\"yoast-schema-graph\">{\"@context\":\"https:\/\/schema.org\",\"@graph\":[{\"@type\":\"WebPage\",\"@id\":\"https:\/\/boutique.laventure.michelin.com\/en\/product\/les-hauts-de-france-a-velo-ebook\/\",\"url\":\"https:\/\/boutique.laventure.michelin.com\/en\/product\/les-hauts-de-france-a-velo-ebook\/\",\"name\":\"Les Hauts-de-France \u00e0 v\u00e9lo - ebook - Boutique de l&#039;Aventure Michelin\",\"isPartOf\":{\"@id\":\"https:\/\/boutique.laventure.michelin.com\/en\/#website\"},\"primaryImageOfPage\":{\"@id\":\"https:\/\/boutique.laventure.michelin.com\/en\/product\/les-hauts-de-france-a-velo-ebook\/#primaryimage\"},\"image\":{\"@id\":\"https:\/\/boutique.laventure.michelin.com\/en\/product\/les-hauts-de-france-a-velo-ebook\/#primaryimage\"},\"thumbnailUrl\":\"https:\/\/boutique.laventure.michelin.com\/wp-content\/uploads\/2026\/03\/dd56eba4755bc485bb171084329bfd89f6387e-1.jpg\",\"datePublished\":\"2026-03-31T12:17:57+00:00\",\"dateModified\":\"2026-04-14T09:33:59+00:00\",\"breadcrumb\":{\"@id\":\"https:\/\/boutique.laventure.michelin.com\/en\/product\/les-hauts-de-france-a-velo-ebook\/#breadcrumb\"},\"inLanguage\":\"en-US\",\"potentialAction\":[{\"@type\":\"ReadAction\",\"target\":[\"https:\/\/boutique.laventure.michelin.com\/en\/product\/les-hauts-de-france-a-velo-ebook\/\"]}]},{\"@type\":\"ImageObject\",\"inLanguage\":\"en-US\",\"@id\":\"https:\/\/boutique.laventure.michelin.com\/en\/product\/les-hauts-de-france-a-velo-ebook\/#primaryimage\",\"url\":\"https:\/\/boutique.laventure.michelin.com\/wp-content\/uploads\/2026\/03\/dd56eba4755bc485bb171084329bfd89f6387e-1.jpg\",\"contentUrl\":\"https:\/\/boutique.laventure.michelin.com\/wp-content\/uploads\/2026\/03\/dd56eba4755bc485bb171084329bfd89f6387e-1.jpg\",\"width\":1000,\"height\":1501},{\"@type\":\"BreadcrumbList\",\"@id\":\"https:\/\/boutique.laventure.michelin.com\/en\/product\/les-hauts-de-france-a-velo-ebook\/#breadcrumb\",\"itemListElement\":[{\"@type\":\"ListItem\",\"position\":1,\"name\":\"Accueil\",\"item\":\"https:\/\/boutique.laventure.michelin.com\/en\/\"},{\"@type\":\"ListItem\",\"position\":2,\"name\":\"Shop\",\"item\":\"https:\/\/boutique.laventure.michelin.com\/en\/shop\/\"},{\"@type\":\"ListItem\",\"position\":3,\"name\":\"Les Hauts-de-France \u00e0 v\u00e9lo &#8211; ebook\"}]},{\"@type\":\"WebSite\",\"@id\":\"https:\/\/boutique.laventure.michelin.com\/en\/#website\",\"url\":\"https:\/\/boutique.laventure.michelin.com\/en\/\",\"name\":\"Boutique de l&#039;Aventure Michelin\",\"description\":\"\",\"publisher\":{\"@id\":\"https:\/\/boutique.laventure.michelin.com\/en\/#organization\"},\"potentialAction\":[{\"@type\":\"SearchAction\",\"target\":{\"@type\":\"EntryPoint\",\"urlTemplate\":\"https:\/\/boutique.laventure.michelin.com\/en\/?s={search_term_string}\"},\"query-input\":{\"@type\":\"PropertyValueSpecification\",\"valueRequired\":true,\"valueName\":\"search_term_string\"}}],\"inLanguage\":\"en-US\"},{\"@type\":\"Organization\",\"@id\":\"https:\/\/boutique.laventure.michelin.com\/en\/#organization\",\"name\":\"Boutique de l'Aventure Michelin\",\"url\":\"https:\/\/boutique.laventure.michelin.com\/en\/\",\"logo\":{\"@type\":\"ImageObject\",\"inLanguage\":\"en-US\",\"@id\":\"https:\/\/boutique.laventure.michelin.com\/en\/#\/schema\/logo\/image\/\",\"url\":\"https:\/\/boutique.laventure.michelin.com\/wp-content\/uploads\/2020\/12\/LOGO_LAVENTURE_MFP_VER_PASTILLES_RVB@2x.jpg\",\"contentUrl\":\"https:\/\/boutique.laventure.michelin.com\/wp-content\/uploads\/2020\/12\/LOGO_LAVENTURE_MFP_VER_PASTILLES_RVB@2x.jpg\",\"width\":1292,\"height\":1044,\"caption\":\"Boutique de l'Aventure Michelin\"},\"image\":{\"@id\":\"https:\/\/boutique.laventure.michelin.com\/en\/#\/schema\/logo\/image\/\"},\"sameAs\":[\"https:\/\/fr-fr.facebook.com\/laventuremichelin\/\"]}]}<\/script>\n<!-- \/ Yoast SEO plugin. -->","yoast_head_json":{"title":"Les Hauts-de-France \u00e0 v\u00e9lo - ebook - Boutique de l&#039;Aventure Michelin","robots":{"index":"index","follow":"follow","max-snippet":"max-snippet:-1","max-image-preview":"max-image-preview:large","max-video-preview":"max-video-preview:-1"},"canonical":"https:\/\/boutique.laventure.michelin.com\/en\/product\/les-hauts-de-france-a-velo-ebook\/","og_locale":"en_US","og_type":"article","og_title":"Les Hauts-de-France \u00e0 v\u00e9lo - ebook - Boutique de l&#039;Aventure Michelin","og_description":"18 itin\u00e9raires de 2 \u00e0 6 jours pour tous les niveaux, afin d\u2019explorer les Hauts-de-France \u00e0 v\u00e9lo !- Des itin\u00e9raires pour d\u00e9couvrir la r\u00e9gion, de la baie de Somme \u00e0 la c\u00f4te d\u2019Opale, du patrimoine minier aux for\u00eats de l\u2019Aisne et de l\u2019Oise- Un guide compos\u00e9 de 3 grands chapitres :\u2022 Des itin\u00e9raires faciles, pour les familles et les n\u00e9opratiquants\u2022 Des itin\u00e9raires interm\u00e9diaires, pour ceux qui sont plus \u00e0 l\u2019aise pour r\u00e9aliser des itin\u00e9raires plus longs ou plus physiques\u2022 Des itin\u00e9raires pour les cyclistes aguerris, habitu\u00e9s des trajets en itin\u00e9rance et des variations de terrain, de dur\u00e9e et de difficult\u00e9- Chaque trajet s\u2019accompagne du d\u00e9tail de chaque \u00e9tape et d\u2019informations pratiques pour visiter, se restaurer et dormir- Des cartes de situation, des QR-codes pour t\u00e9l\u00e9charger les traces GPX des itin\u00e9raires- Des informations pratiques sur le v\u00e9lo (location, r\u00e9paration)- Le guide s\u2019accompagne d\u2019une carte d\u00e9tachable de la r\u00e9gion avec tous les itin\u00e9raires","og_url":"https:\/\/boutique.laventure.michelin.com\/en\/product\/les-hauts-de-france-a-velo-ebook\/","og_site_name":"Boutique de l&#039;Aventure Michelin","article_publisher":"https:\/\/fr-fr.facebook.com\/laventuremichelin\/","article_modified_time":"2026-04-14T09:33:59+00:00","og_image":[{"width":1000,"height":1501,"url":"https:\/\/boutique.laventure.michelin.com\/wp-content\/uploads\/2026\/03\/dd56eba4755bc485bb171084329bfd89f6387e-1.jpg","type":"image\/jpeg"}],"twitter_card":"summary_large_image","twitter_misc":{"Est. reading time":"1 minute"},"schema":{"@context":"https:\/\/schema.org","@graph":[{"@type":"WebPage","@id":"https:\/\/boutique.laventure.michelin.com\/en\/product\/les-hauts-de-france-a-velo-ebook\/","url":"https:\/\/boutique.laventure.michelin.com\/en\/product\/les-hauts-de-france-a-velo-ebook\/","name":"Les Hauts-de-France \u00e0 v\u00e9lo - ebook - Boutique de l&#039;Aventure Michelin","isPartOf":{"@id":"https:\/\/boutique.laventure.michelin.com\/en\/#website"},"primaryImageOfPage":{"@id":"https:\/\/boutique.laventure.michelin.com\/en\/product\/les-hauts-de-france-a-velo-ebook\/#primaryimage"},"image":{"@id":"https:\/\/boutique.laventure.michelin.com\/en\/product\/les-hauts-de-france-a-velo-ebook\/#primaryimage"},"thumbnailUrl":"https:\/\/boutique.laventure.michelin.com\/wp-content\/uploads\/2026\/03\/dd56eba4755bc485bb171084329bfd89f6387e-1.jpg","datePublished":"2026-03-31T12:17:57+00:00","dateModified":"2026-04-14T09:33:59+00:00","breadcrumb":{"@id":"https:\/\/boutique.laventure.michelin.com\/en\/product\/les-hauts-de-france-a-velo-ebook\/#breadcrumb"},"inLanguage":"en-US","potentialAction":[{"@type":"ReadAction","target":["https:\/\/boutique.laventure.michelin.com\/en\/product\/les-hauts-de-france-a-velo-ebook\/"]}]},{"@type":"ImageObject","inLanguage":"en-US","@id":"https:\/\/boutique.laventure.michelin.com\/en\/product\/les-hauts-de-france-a-velo-ebook\/#primaryimage","url":"https:\/\/boutique.laventure.michelin.com\/wp-content\/uploads\/2026\/03\/dd56eba4755bc485bb171084329bfd89f6387e-1.jpg","contentUrl":"https:\/\/boutique.laventure.michelin.com\/wp-content\/uploads\/2026\/03\/dd56eba4755bc485bb171084329bfd89f6387e-1.jpg","width":1000,"height":1501},{"@type":"BreadcrumbList","@id":"https:\/\/boutique.laventure.michelin.com\/en\/product\/les-hauts-de-france-a-velo-ebook\/#breadcrumb","itemListElement":[{"@type":"ListItem","position":1,"name":"Accueil","item":"https:\/\/boutique.laventure.michelin.com\/en\/"},{"@type":"ListItem","position":2,"name":"Shop","item":"https:\/\/boutique.laventure.michelin.com\/en\/shop\/"},{"@type":"ListItem","position":3,"name":"Les Hauts-de-France \u00e0 v\u00e9lo &#8211; ebook"}]},{"@type":"WebSite","@id":"https:\/\/boutique.laventure.michelin.com\/en\/#website","url":"https:\/\/boutique.laventure.michelin.com\/en\/","name":"Boutique de l&#039;Aventure Michelin","description":"","publisher":{"@id":"https:\/\/boutique.laventure.michelin.com\/en\/#organization"},"potentialAction":[{"@type":"SearchAction","target":{"@type":"EntryPoint","urlTemplate":"https:\/\/boutique.laventure.michelin.com\/en\/?s={search_term_string}"},"query-input":{"@type":"PropertyValueSpecification","valueRequired":true,"valueName":"search_term_string"}}],"inLanguage":"en-US"},{"@type":"Organization","@id":"https:\/\/boutique.laventure.michelin.com\/en\/#organization","name":"Boutique de l'Aventure Michelin","url":"https:\/\/boutique.laventure.michelin.com\/en\/","logo":{"@type":"ImageObject","inLanguage":"en-US","@id":"https:\/\/boutique.laventure.michelin.com\/en\/#\/schema\/logo\/image\/","url":"https:\/\/boutique.laventure.michelin.com\/wp-content\/uploads\/2020\/12\/LOGO_LAVENTURE_MFP_VER_PASTILLES_RVB@2x.jpg","contentUrl":"https:\/\/boutique.laventure.michelin.com\/wp-content\/uploads\/2020\/12\/LOGO_LAVENTURE_MFP_VER_PASTILLES_RVB@2x.jpg","width":1292,"height":1044,"caption":"Boutique de l'Aventure Michelin"},"image":{"@id":"https:\/\/boutique.laventure.michelin.com\/en\/#\/schema\/logo\/image\/"},"sameAs":["https:\/\/fr-fr.facebook.com\/laventuremichelin\/"]}]}},"_links":{"self":[{"href":"https:\/\/boutique.laventure.michelin.com\/en\/wp-json\/wp\/v2\/product\/48477","targetHints":{"allow":["GET"]}}],"collection":[{"href":"https:\/\/boutique.laventure.michelin.com\/en\/wp-json\/wp\/v2\/product"}],"about":[{"href":"https:\/\/boutique.laventure.michelin.com\/en\/wp-json\/wp\/v2\/types\/product"}],"replies":[{"embeddable":true,"href":"https:\/\/boutique.laventure.michelin.com\/en\/wp-json\/wp\/v2\/comments?post=48477"}],"wp:featuredmedia":[{"embeddable":true,"href":"https:\/\/boutique.laventure.michelin.com\/en\/wp-json\/wp\/v2\/media\/48475"}],"wp:attachment":[{"href":"https:\/\/boutique.laventure.michelin.com\/en\/wp-json\/wp\/v2\/media?parent=48477"}],"wp:term":[{"taxonomy":"product_brand","embeddable":true,"href":"https:\/\/boutique.laventure.michelin.com\/en\/wp-json\/wp\/v2\/product_brand?post=48477"},{"taxonomy":"product_cat","embeddable":true,"href":"https:\/\/boutique.laventure.michelin.com\/en\/wp-json\/wp\/v2\/product_cat?post=48477"},{"taxonomy":"product_tag","embeddable":true,"href":"https:\/\/boutique.laventure.michelin.com\/en\/wp-json\/wp\/v2\/product_tag?post=48477"}],"curies":[{"name":"wp","href":"https:\/\/api.w.org\/{rel}","templated":true}]}}