{"id":48572,"date":"2026-03-31T14:23:54","date_gmt":"2026-03-31T12:23:54","guid":{"rendered":"https:\/\/boutique.laventure.michelin.com\/produit\/off-rome-ebook\/"},"modified":"2026-04-14T11:33:37","modified_gmt":"2026-04-14T09:33:37","slug":"off-rome-ebook","status":"publish","type":"product","link":"https:\/\/boutique.laventure.michelin.com\/en\/product\/off-rome-ebook\/","title":{"rendered":"Off &#8211; Rome &#8211; ebook"},"content":{"rendered":"<p><strong>Et si, pour une fois, on en faisait moins ?<\/strong><\/p>\n<p>Pour que vos vacances ne riment pas avec performance, la collection OFF propose un nouveau regard sur le voyage : \u00e0 contre-courant, loin de la foule, avec le luxe de prendre son temps, parfois m\u00eame celui de ne rien faire.<\/p>\n<p>Autant de chemins de traverse, d\u2019exp\u00e9riences singuli\u00e8res et d\u2019adresses confidentielles pour retrouver tout le plaisir du voyage. Mais faire un pas de c\u00f4t\u00e9 ne signifie pas pour autant renoncer \u00e0 tous les sites embl\u00e9matiques. Bien au contraire : on vous donne aussi les cl\u00e9s pour les d\u00e9couvrir autrement \u2013 au bon moment, loin de la cohue.<\/p>\n<p>Avec la promesse simple de\u00a0<strong>voir moins pour voir mieux<\/strong>.<\/p>\n<p>Parmi nos moments choisis, laissez-vous\u00a0tenter par un air d\u2019op\u00e9ra sous les \u00e9toiles aux\u00a0thermes de Caracalla, une vue imprenable\u00a0sur la piazza Navona \u00e0 l\u2019heure de l\u2019aperitivo,\u00a0un d\u00e9jeuner en t\u00eate-\u00e0-t\u00eate avec Rapha\u00ebl au\u00a0clo\u00eetre de Bramante\u2026<\/p>\n","protected":false},"excerpt":{"rendered":"<p><strong>Et si, pour une fois, on en faisait moins ?<\/strong><\/p>\n<p>Pour que vos vacances ne riment pas avec performance, la collection OFF propose un nouveau regard sur le voyage : \u00e0 contre-courant, loin de la foule, avec le luxe de prendre son temps, parfois m\u00eame celui de ne rien faire.<\/p>\n<p>Autant de chemins de traverse, d\u2019exp\u00e9riences singuli\u00e8res et d\u2019adresses confidentielles pour retrouver tout le plaisir du voyage. Mais faire un pas de c\u00f4t\u00e9 ne signifie pas pour autant renoncer \u00e0 tous les sites embl\u00e9matiques. Bien au contraire : on vous donne aussi les cl\u00e9s pour les d\u00e9couvrir autrement \u2013 au bon moment, loin de la cohue.<\/p>\n<p>Avec la promesse simple de\u00a0<strong>voir moins pour voir mieux<\/strong>.<\/p>\n<p>Parmi nos moments choisis, laissez-vous\u00a0tenter par un air d\u2019op\u00e9ra sous les \u00e9toiles aux\u00a0thermes de Caracalla, une vue imprenable\u00a0sur la piazza Navona \u00e0 l\u2019heure de l\u2019aperitivo,\u00a0un d\u00e9jeuner en t\u00eate-\u00e0-t\u00eate avec Rapha\u00ebl au\u00a0clo\u00eetre de Bramante\u2026<\/p>\n","protected":false},"featured_media":48570,"comment_status":"open","ping_status":"closed","template":"","meta":{"site-sidebar-layout":"default","site-content-layout":"","ast-site-content-layout":"default","site-content-style":"default","site-sidebar-style":"default","ast-global-header-display":"","ast-banner-title-visibility":"","ast-main-header-display":"","ast-hfb-above-header-display":"","ast-hfb-below-header-display":"","ast-hfb-mobile-header-display":"","site-post-title":"","ast-breadcrumbs-content":"","ast-featured-img":"","footer-sml-layout":"","ast-disable-related-posts":"","theme-transparent-header-meta":"","adv-header-id-meta":"","stick-header-meta":"","header-above-stick-meta":"","header-main-stick-meta":"","header-below-stick-meta":"","astra-migrate-meta-layouts":"default","ast-page-background-enabled":"default","ast-page-background-meta":{"desktop":{"background-color":"","background-image":"","background-repeat":"repeat","background-position":"center center","background-size":"auto","background-attachment":"scroll","background-type":"","background-media":"","overlay-type":"","overlay-color":"","overlay-opacity":"","overlay-gradient":""},"tablet":{"background-color":"","background-image":"","background-repeat":"repeat","background-position":"center center","background-size":"auto","background-attachment":"scroll","background-type":"","background-media":"","overlay-type":"","overlay-color":"","overlay-opacity":"","overlay-gradient":""},"mobile":{"background-color":"","background-image":"","background-repeat":"repeat","background-position":"center center","background-size":"auto","background-attachment":"scroll","background-type":"","background-media":"","overlay-type":"","overlay-color":"","overlay-opacity":"","overlay-gradient":""}},"ast-content-background-meta":{"desktop":{"background-color":"var(--ast-global-color-5)","background-image":"","background-repeat":"repeat","background-position":"center center","background-size":"auto","background-attachment":"scroll","background-type":"","background-media":"","overlay-type":"","overlay-color":"","overlay-opacity":"","overlay-gradient":""},"tablet":{"background-color":"var(--ast-global-color-5)","background-image":"","background-repeat":"repeat","background-position":"center center","background-size":"auto","background-attachment":"scroll","background-type":"","background-media":"","overlay-type":"","overlay-color":"","overlay-opacity":"","overlay-gradient":""},"mobile":{"background-color":"var(--ast-global-color-5)","background-image":"","background-repeat":"repeat","background-position":"center center","background-size":"auto","background-attachment":"scroll","background-type":"","background-media":"","overlay-type":"","overlay-color":"","overlay-opacity":"","overlay-gradient":""}}},"product_brand":[],"product_cat":[329],"product_tag":[],"class_list":{"0":"post-48572","1":"product","2":"type-product","3":"status-publish","4":"has-post-thumbnail","6":"product_cat-ebook-en","7":"desktop-align-left","8":"tablet-align-left","9":"mobile-align-left","10":"ast-product-gallery-layout-horizontal-slider","11":"ast-product-gallery-with-no-image","12":"ast-product-tabs-layout-horizontal","14":"first","15":"instock","16":"downloadable","17":"virtual","18":"taxable","19":"purchasable","20":"product-type-simple"},"yoast_head":"<!-- This site is optimized with the Yoast SEO plugin v26.7 - https:\/\/yoast.com\/wordpress\/plugins\/seo\/ -->\n<title>Off - Rome - ebook - Boutique de l&#039;Aventure Michelin<\/title>\n<meta name=\"robots\" content=\"index, follow, max-snippet:-1, max-image-preview:large, max-video-preview:-1\" \/>\n<link rel=\"canonical\" href=\"https:\/\/boutique.laventure.michelin.com\/en\/product\/off-rome-ebook\/\" \/>\n<meta property=\"og:locale\" content=\"en_US\" \/>\n<meta property=\"og:type\" content=\"article\" \/>\n<meta property=\"og:title\" content=\"Off - Rome - ebook - Boutique de l&#039;Aventure Michelin\" \/>\n<meta property=\"og:description\" content=\"Et si, pour une fois, on en faisait moins ?Pour que vos vacances ne riment pas avec performance, la collection OFF propose un nouveau regard sur le voyage : \u00e0 contre-courant, loin de la foule, avec le luxe de prendre son temps, parfois m\u00eame celui de ne rien faire.Autant de chemins de traverse, d\u2019exp\u00e9riences singuli\u00e8res et d\u2019adresses confidentielles pour retrouver tout le plaisir du voyage. Mais faire un pas de c\u00f4t\u00e9 ne signifie pas pour autant renoncer \u00e0 tous les sites embl\u00e9matiques. Bien au contraire : on vous donne aussi les cl\u00e9s pour les d\u00e9couvrir autrement \u2013 au bon moment, loin de la cohue.Avec la promesse simple de\u00a0voir moins pour voir mieux.Parmi nos moments choisis, laissez-vous\u00a0tenter par un air d\u2019op\u00e9ra sous les \u00e9toiles aux\u00a0thermes de Caracalla, une vue imprenable\u00a0sur la piazza Navona \u00e0 l\u2019heure de l\u2019aperitivo,\u00a0un d\u00e9jeuner en t\u00eate-\u00e0-t\u00eate avec Rapha\u00ebl au\u00a0clo\u00eetre de Bramante\u2026\" \/>\n<meta property=\"og:url\" content=\"https:\/\/boutique.laventure.michelin.com\/en\/product\/off-rome-ebook\/\" \/>\n<meta property=\"og:site_name\" content=\"Boutique de l&#039;Aventure Michelin\" \/>\n<meta property=\"article:publisher\" content=\"https:\/\/fr-fr.facebook.com\/laventuremichelin\/\" \/>\n<meta property=\"article:modified_time\" content=\"2026-04-14T09:33:37+00:00\" \/>\n<meta property=\"og:image\" content=\"https:\/\/boutique.laventure.michelin.com\/wp-content\/uploads\/2026\/03\/808409d35fb85b97e6e2748171837908cd16bb-1.jpg\" \/>\n\t<meta property=\"og:image:width\" content=\"1000\" \/>\n\t<meta property=\"og:image:height\" content=\"1419\" \/>\n\t<meta property=\"og:image:type\" content=\"image\/jpeg\" \/>\n<meta name=\"twitter:card\" content=\"summary_large_image\" \/>\n<meta name=\"twitter:label1\" content=\"Est. reading time\" \/>\n\t<meta name=\"twitter:data1\" content=\"1 minute\" \/>\n<script type=\"application\/ld+json\" class=\"yoast-schema-graph\">{\"@context\":\"https:\/\/schema.org\",\"@graph\":[{\"@type\":\"WebPage\",\"@id\":\"https:\/\/boutique.laventure.michelin.com\/en\/product\/off-rome-ebook\/\",\"url\":\"https:\/\/boutique.laventure.michelin.com\/en\/product\/off-rome-ebook\/\",\"name\":\"Off - Rome - ebook - Boutique de l&#039;Aventure Michelin\",\"isPartOf\":{\"@id\":\"https:\/\/boutique.laventure.michelin.com\/en\/#website\"},\"primaryImageOfPage\":{\"@id\":\"https:\/\/boutique.laventure.michelin.com\/en\/product\/off-rome-ebook\/#primaryimage\"},\"image\":{\"@id\":\"https:\/\/boutique.laventure.michelin.com\/en\/product\/off-rome-ebook\/#primaryimage\"},\"thumbnailUrl\":\"https:\/\/boutique.laventure.michelin.com\/wp-content\/uploads\/2026\/03\/808409d35fb85b97e6e2748171837908cd16bb-1.jpg\",\"datePublished\":\"2026-03-31T12:23:54+00:00\",\"dateModified\":\"2026-04-14T09:33:37+00:00\",\"breadcrumb\":{\"@id\":\"https:\/\/boutique.laventure.michelin.com\/en\/product\/off-rome-ebook\/#breadcrumb\"},\"inLanguage\":\"en-US\",\"potentialAction\":[{\"@type\":\"ReadAction\",\"target\":[\"https:\/\/boutique.laventure.michelin.com\/en\/product\/off-rome-ebook\/\"]}]},{\"@type\":\"ImageObject\",\"inLanguage\":\"en-US\",\"@id\":\"https:\/\/boutique.laventure.michelin.com\/en\/product\/off-rome-ebook\/#primaryimage\",\"url\":\"https:\/\/boutique.laventure.michelin.com\/wp-content\/uploads\/2026\/03\/808409d35fb85b97e6e2748171837908cd16bb-1.jpg\",\"contentUrl\":\"https:\/\/boutique.laventure.michelin.com\/wp-content\/uploads\/2026\/03\/808409d35fb85b97e6e2748171837908cd16bb-1.jpg\",\"width\":1000,\"height\":1419},{\"@type\":\"BreadcrumbList\",\"@id\":\"https:\/\/boutique.laventure.michelin.com\/en\/product\/off-rome-ebook\/#breadcrumb\",\"itemListElement\":[{\"@type\":\"ListItem\",\"position\":1,\"name\":\"Accueil\",\"item\":\"https:\/\/boutique.laventure.michelin.com\/en\/\"},{\"@type\":\"ListItem\",\"position\":2,\"name\":\"Shop\",\"item\":\"https:\/\/boutique.laventure.michelin.com\/en\/shop\/\"},{\"@type\":\"ListItem\",\"position\":3,\"name\":\"Off &#8211; Rome &#8211; ebook\"}]},{\"@type\":\"WebSite\",\"@id\":\"https:\/\/boutique.laventure.michelin.com\/en\/#website\",\"url\":\"https:\/\/boutique.laventure.michelin.com\/en\/\",\"name\":\"Boutique de l&#039;Aventure Michelin\",\"description\":\"\",\"publisher\":{\"@id\":\"https:\/\/boutique.laventure.michelin.com\/en\/#organization\"},\"potentialAction\":[{\"@type\":\"SearchAction\",\"target\":{\"@type\":\"EntryPoint\",\"urlTemplate\":\"https:\/\/boutique.laventure.michelin.com\/en\/?s={search_term_string}\"},\"query-input\":{\"@type\":\"PropertyValueSpecification\",\"valueRequired\":true,\"valueName\":\"search_term_string\"}}],\"inLanguage\":\"en-US\"},{\"@type\":\"Organization\",\"@id\":\"https:\/\/boutique.laventure.michelin.com\/en\/#organization\",\"name\":\"Boutique de l'Aventure Michelin\",\"url\":\"https:\/\/boutique.laventure.michelin.com\/en\/\",\"logo\":{\"@type\":\"ImageObject\",\"inLanguage\":\"en-US\",\"@id\":\"https:\/\/boutique.laventure.michelin.com\/en\/#\/schema\/logo\/image\/\",\"url\":\"https:\/\/boutique.laventure.michelin.com\/wp-content\/uploads\/2020\/12\/LOGO_LAVENTURE_MFP_VER_PASTILLES_RVB@2x.jpg\",\"contentUrl\":\"https:\/\/boutique.laventure.michelin.com\/wp-content\/uploads\/2020\/12\/LOGO_LAVENTURE_MFP_VER_PASTILLES_RVB@2x.jpg\",\"width\":1292,\"height\":1044,\"caption\":\"Boutique de l'Aventure Michelin\"},\"image\":{\"@id\":\"https:\/\/boutique.laventure.michelin.com\/en\/#\/schema\/logo\/image\/\"},\"sameAs\":[\"https:\/\/fr-fr.facebook.com\/laventuremichelin\/\"]}]}<\/script>\n<!-- \/ Yoast SEO plugin. -->","yoast_head_json":{"title":"Off - Rome - ebook - Boutique de l&#039;Aventure Michelin","robots":{"index":"index","follow":"follow","max-snippet":"max-snippet:-1","max-image-preview":"max-image-preview:large","max-video-preview":"max-video-preview:-1"},"canonical":"https:\/\/boutique.laventure.michelin.com\/en\/product\/off-rome-ebook\/","og_locale":"en_US","og_type":"article","og_title":"Off - Rome - ebook - Boutique de l&#039;Aventure Michelin","og_description":"Et si, pour une fois, on en faisait moins ?Pour que vos vacances ne riment pas avec performance, la collection OFF propose un nouveau regard sur le voyage : \u00e0 contre-courant, loin de la foule, avec le luxe de prendre son temps, parfois m\u00eame celui de ne rien faire.Autant de chemins de traverse, d\u2019exp\u00e9riences singuli\u00e8res et d\u2019adresses confidentielles pour retrouver tout le plaisir du voyage. Mais faire un pas de c\u00f4t\u00e9 ne signifie pas pour autant renoncer \u00e0 tous les sites embl\u00e9matiques. Bien au contraire : on vous donne aussi les cl\u00e9s pour les d\u00e9couvrir autrement \u2013 au bon moment, loin de la cohue.Avec la promesse simple de\u00a0voir moins pour voir mieux.Parmi nos moments choisis, laissez-vous\u00a0tenter par un air d\u2019op\u00e9ra sous les \u00e9toiles aux\u00a0thermes de Caracalla, une vue imprenable\u00a0sur la piazza Navona \u00e0 l\u2019heure de l\u2019aperitivo,\u00a0un d\u00e9jeuner en t\u00eate-\u00e0-t\u00eate avec Rapha\u00ebl au\u00a0clo\u00eetre de Bramante\u2026","og_url":"https:\/\/boutique.laventure.michelin.com\/en\/product\/off-rome-ebook\/","og_site_name":"Boutique de l&#039;Aventure Michelin","article_publisher":"https:\/\/fr-fr.facebook.com\/laventuremichelin\/","article_modified_time":"2026-04-14T09:33:37+00:00","og_image":[{"width":1000,"height":1419,"url":"https:\/\/boutique.laventure.michelin.com\/wp-content\/uploads\/2026\/03\/808409d35fb85b97e6e2748171837908cd16bb-1.jpg","type":"image\/jpeg"}],"twitter_card":"summary_large_image","twitter_misc":{"Est. reading time":"1 minute"},"schema":{"@context":"https:\/\/schema.org","@graph":[{"@type":"WebPage","@id":"https:\/\/boutique.laventure.michelin.com\/en\/product\/off-rome-ebook\/","url":"https:\/\/boutique.laventure.michelin.com\/en\/product\/off-rome-ebook\/","name":"Off - Rome - ebook - Boutique de l&#039;Aventure Michelin","isPartOf":{"@id":"https:\/\/boutique.laventure.michelin.com\/en\/#website"},"primaryImageOfPage":{"@id":"https:\/\/boutique.laventure.michelin.com\/en\/product\/off-rome-ebook\/#primaryimage"},"image":{"@id":"https:\/\/boutique.laventure.michelin.com\/en\/product\/off-rome-ebook\/#primaryimage"},"thumbnailUrl":"https:\/\/boutique.laventure.michelin.com\/wp-content\/uploads\/2026\/03\/808409d35fb85b97e6e2748171837908cd16bb-1.jpg","datePublished":"2026-03-31T12:23:54+00:00","dateModified":"2026-04-14T09:33:37+00:00","breadcrumb":{"@id":"https:\/\/boutique.laventure.michelin.com\/en\/product\/off-rome-ebook\/#breadcrumb"},"inLanguage":"en-US","potentialAction":[{"@type":"ReadAction","target":["https:\/\/boutique.laventure.michelin.com\/en\/product\/off-rome-ebook\/"]}]},{"@type":"ImageObject","inLanguage":"en-US","@id":"https:\/\/boutique.laventure.michelin.com\/en\/product\/off-rome-ebook\/#primaryimage","url":"https:\/\/boutique.laventure.michelin.com\/wp-content\/uploads\/2026\/03\/808409d35fb85b97e6e2748171837908cd16bb-1.jpg","contentUrl":"https:\/\/boutique.laventure.michelin.com\/wp-content\/uploads\/2026\/03\/808409d35fb85b97e6e2748171837908cd16bb-1.jpg","width":1000,"height":1419},{"@type":"BreadcrumbList","@id":"https:\/\/boutique.laventure.michelin.com\/en\/product\/off-rome-ebook\/#breadcrumb","itemListElement":[{"@type":"ListItem","position":1,"name":"Accueil","item":"https:\/\/boutique.laventure.michelin.com\/en\/"},{"@type":"ListItem","position":2,"name":"Shop","item":"https:\/\/boutique.laventure.michelin.com\/en\/shop\/"},{"@type":"ListItem","position":3,"name":"Off &#8211; Rome &#8211; ebook"}]},{"@type":"WebSite","@id":"https:\/\/boutique.laventure.michelin.com\/en\/#website","url":"https:\/\/boutique.laventure.michelin.com\/en\/","name":"Boutique de l&#039;Aventure Michelin","description":"","publisher":{"@id":"https:\/\/boutique.laventure.michelin.com\/en\/#organization"},"potentialAction":[{"@type":"SearchAction","target":{"@type":"EntryPoint","urlTemplate":"https:\/\/boutique.laventure.michelin.com\/en\/?s={search_term_string}"},"query-input":{"@type":"PropertyValueSpecification","valueRequired":true,"valueName":"search_term_string"}}],"inLanguage":"en-US"},{"@type":"Organization","@id":"https:\/\/boutique.laventure.michelin.com\/en\/#organization","name":"Boutique de l'Aventure Michelin","url":"https:\/\/boutique.laventure.michelin.com\/en\/","logo":{"@type":"ImageObject","inLanguage":"en-US","@id":"https:\/\/boutique.laventure.michelin.com\/en\/#\/schema\/logo\/image\/","url":"https:\/\/boutique.laventure.michelin.com\/wp-content\/uploads\/2020\/12\/LOGO_LAVENTURE_MFP_VER_PASTILLES_RVB@2x.jpg","contentUrl":"https:\/\/boutique.laventure.michelin.com\/wp-content\/uploads\/2020\/12\/LOGO_LAVENTURE_MFP_VER_PASTILLES_RVB@2x.jpg","width":1292,"height":1044,"caption":"Boutique de l'Aventure Michelin"},"image":{"@id":"https:\/\/boutique.laventure.michelin.com\/en\/#\/schema\/logo\/image\/"},"sameAs":["https:\/\/fr-fr.facebook.com\/laventuremichelin\/"]}]}},"_links":{"self":[{"href":"https:\/\/boutique.laventure.michelin.com\/en\/wp-json\/wp\/v2\/product\/48572","targetHints":{"allow":["GET"]}}],"collection":[{"href":"https:\/\/boutique.laventure.michelin.com\/en\/wp-json\/wp\/v2\/product"}],"about":[{"href":"https:\/\/boutique.laventure.michelin.com\/en\/wp-json\/wp\/v2\/types\/product"}],"replies":[{"embeddable":true,"href":"https:\/\/boutique.laventure.michelin.com\/en\/wp-json\/wp\/v2\/comments?post=48572"}],"wp:featuredmedia":[{"embeddable":true,"href":"https:\/\/boutique.laventure.michelin.com\/en\/wp-json\/wp\/v2\/media\/48570"}],"wp:attachment":[{"href":"https:\/\/boutique.laventure.michelin.com\/en\/wp-json\/wp\/v2\/media?parent=48572"}],"wp:term":[{"taxonomy":"product_brand","embeddable":true,"href":"https:\/\/boutique.laventure.michelin.com\/en\/wp-json\/wp\/v2\/product_brand?post=48572"},{"taxonomy":"product_cat","embeddable":true,"href":"https:\/\/boutique.laventure.michelin.com\/en\/wp-json\/wp\/v2\/product_cat?post=48572"},{"taxonomy":"product_tag","embeddable":true,"href":"https:\/\/boutique.laventure.michelin.com\/en\/wp-json\/wp\/v2\/product_tag?post=48572"}],"curies":[{"name":"wp","href":"https:\/\/api.w.org\/{rel}","templated":true}]}}