{"id":48576,"date":"2026-03-31T14:24:04","date_gmt":"2026-03-31T12:24:04","guid":{"rendered":"https:\/\/boutique.laventure.michelin.com\/produit\/guide-vert-bretagne-sud-ebook-2\/"},"modified":"2026-04-14T11:33:36","modified_gmt":"2026-04-14T09:33:36","slug":"guide-vert-bretagne-sud-ebook-2","status":"publish","type":"product","link":"https:\/\/boutique.laventure.michelin.com\/en\/product\/guide-vert-bretagne-sud-ebook-2\/","title":{"rendered":"Guide Vert Bretagne Sud &#8211; ebook"},"content":{"rendered":"<p>1926 \u2013 2026\u202f: Cent ans du Guide de Voyage Michelin<\/p>\n<p>\u200bDepuis un si\u00e8cle, le Guide de Voyage Michelin guide les voyageurs les plus curieux, avides de d\u00e9couvertes et de compr\u00e9hension du monde.<\/p>\n<p>\u200b\u00c0 chaque page de votre Guide de Voyage Bretagne Sud mis \u00e0 jour, le regard aff\u00fbt\u00e9 de nos auteurs-voyageurs vous m\u00e8ne vers des exp\u00e9riences uniques, comme grimper sur les remparts d\u2019une cit\u00e9 close, s\u2019arr\u00eater pour savourer une hu\u00eetre iod\u00e9e, ou encore, p\u00e9daler au rythme du vent sur un ruban sauvage entre dunes et oc\u00e9ans\u2026<\/p>\n<p>\u200bEnvie de conseils concrets pour voyager sereinement\u202f? Retrouvez :\u200b<\/p>\n<p>Les sites incontournables, class\u00e9s par \u00e9toiles (Golfe du Morbihan, Belle-\u00cele, Josselin\u2026)\u200b<\/p>\n<p>Des coups de c\u0153ur test\u00e9s sur le terrain\u200b<\/p>\n<p>Des adresses mises \u00e0 jour, pour tous les budgets\u202f: restaurants, h\u00e9bergements, sorties, shopping\u200b<\/p>\n<p>Des itin\u00e9raires originaux et 100 promenades \u00e0 tester \u00e0 votre rythme\u200b<\/p>\n<p>Des activit\u00e9s pour les familles \u200b<\/p>\n<p>Un d\u00e9coupage en 4 micro-r\u00e9gions, avec de nombreuses cartes et plans\u200b<\/p>\n<p>Un cahier sp\u00e9cial centenaire qui retrace l\u2019histoire du guide Bretagne\u200b<\/p>\n<p>Le guide de toutes les cultures, pour des voyages en famille, entre amis ou en solo !\u200b<\/p>\n<p>En compl\u00e9ment, pensez \u00e0 utiliser la Carte R\u00e9gional Bretagne n\u00b0512.<\/p>\n","protected":false},"excerpt":{"rendered":"<p>1926 \u2013 2026\u202f: Cent ans du Guide de Voyage Michelin<\/p>\n<p>\u200bDepuis un si\u00e8cle, le Guide de Voyage Michelin guide les voyageurs les plus curieux, avides de d\u00e9couvertes et de compr\u00e9hension du monde.<\/p>\n<p>\u200b\u00c0 chaque page de votre Guide de Voyage Bretagne Sud mis \u00e0 jour, le regard aff\u00fbt\u00e9 de nos auteurs-voyageurs vous m\u00e8ne vers des exp\u00e9riences uniques, comme grimper sur les remparts d\u2019une cit\u00e9 close, s\u2019arr\u00eater pour savourer une hu\u00eetre iod\u00e9e, ou encore, p\u00e9daler au rythme du vent sur un ruban sauvage entre dunes et oc\u00e9ans\u2026<\/p>\n<p>\u200bEnvie de conseils concrets pour voyager sereinement\u202f? Retrouvez :\u200b<\/p>\n<p>Les sites incontournables, class\u00e9s par \u00e9toiles (Golfe du Morbihan, Belle-\u00cele, Josselin\u2026)\u200b<\/p>\n<p>Des coups de c\u0153ur test\u00e9s sur le terrain\u200b<\/p>\n<p>Des adresses mises \u00e0 jour, pour tous les budgets\u202f: restaurants, h\u00e9bergements, sorties, shopping\u200b<\/p>\n<p>Des itin\u00e9raires originaux et 100 promenades \u00e0 tester \u00e0 votre rythme\u200b<\/p>\n<p>Des activit\u00e9s pour les familles \u200b<\/p>\n<p>Un d\u00e9coupage en 4 micro-r\u00e9gions, avec de nombreuses cartes et plans\u200b<\/p>\n<p>Un cahier sp\u00e9cial centenaire qui retrace l\u2019histoire du guide Bretagne\u200b<\/p>\n<p>Le guide de toutes les cultures, pour des voyages en famille, entre amis ou en solo !\u200b<\/p>\n<p>En compl\u00e9ment, pensez \u00e0 utiliser la Carte R\u00e9gional Bretagne n\u00b0512.<\/p>\n","protected":false},"featured_media":48574,"comment_status":"open","ping_status":"closed","template":"","meta":{"site-sidebar-layout":"default","site-content-layout":"","ast-site-content-layout":"default","site-content-style":"default","site-sidebar-style":"default","ast-global-header-display":"","ast-banner-title-visibility":"","ast-main-header-display":"","ast-hfb-above-header-display":"","ast-hfb-below-header-display":"","ast-hfb-mobile-header-display":"","site-post-title":"","ast-breadcrumbs-content":"","ast-featured-img":"","footer-sml-layout":"","ast-disable-related-posts":"","theme-transparent-header-meta":"","adv-header-id-meta":"","stick-header-meta":"","header-above-stick-meta":"","header-main-stick-meta":"","header-below-stick-meta":"","astra-migrate-meta-layouts":"default","ast-page-background-enabled":"default","ast-page-background-meta":{"desktop":{"background-color":"","background-image":"","background-repeat":"repeat","background-position":"center center","background-size":"auto","background-attachment":"scroll","background-type":"","background-media":"","overlay-type":"","overlay-color":"","overlay-opacity":"","overlay-gradient":""},"tablet":{"background-color":"","background-image":"","background-repeat":"repeat","background-position":"center center","background-size":"auto","background-attachment":"scroll","background-type":"","background-media":"","overlay-type":"","overlay-color":"","overlay-opacity":"","overlay-gradient":""},"mobile":{"background-color":"","background-image":"","background-repeat":"repeat","background-position":"center center","background-size":"auto","background-attachment":"scroll","background-type":"","background-media":"","overlay-type":"","overlay-color":"","overlay-opacity":"","overlay-gradient":""}},"ast-content-background-meta":{"desktop":{"background-color":"var(--ast-global-color-5)","background-image":"","background-repeat":"repeat","background-position":"center center","background-size":"auto","background-attachment":"scroll","background-type":"","background-media":"","overlay-type":"","overlay-color":"","overlay-opacity":"","overlay-gradient":""},"tablet":{"background-color":"var(--ast-global-color-5)","background-image":"","background-repeat":"repeat","background-position":"center center","background-size":"auto","background-attachment":"scroll","background-type":"","background-media":"","overlay-type":"","overlay-color":"","overlay-opacity":"","overlay-gradient":""},"mobile":{"background-color":"var(--ast-global-color-5)","background-image":"","background-repeat":"repeat","background-position":"center center","background-size":"auto","background-attachment":"scroll","background-type":"","background-media":"","overlay-type":"","overlay-color":"","overlay-opacity":"","overlay-gradient":""}}},"product_brand":[],"product_cat":[329],"product_tag":[],"class_list":{"0":"post-48576","1":"product","2":"type-product","3":"status-publish","4":"has-post-thumbnail","6":"product_cat-ebook-en","7":"desktop-align-left","8":"tablet-align-left","9":"mobile-align-left","10":"ast-product-gallery-layout-horizontal-slider","11":"ast-product-gallery-with-no-image","12":"ast-product-tabs-layout-horizontal","14":"first","15":"instock","16":"downloadable","17":"virtual","18":"taxable","19":"purchasable","20":"product-type-simple"},"yoast_head":"<!-- This site is optimized with the Yoast SEO plugin v26.7 - https:\/\/yoast.com\/wordpress\/plugins\/seo\/ -->\n<title>Guide Vert Bretagne Sud - ebook - Boutique de l&#039;Aventure Michelin<\/title>\n<meta name=\"robots\" content=\"index, follow, max-snippet:-1, max-image-preview:large, max-video-preview:-1\" \/>\n<link rel=\"canonical\" href=\"https:\/\/boutique.laventure.michelin.com\/en\/product\/guide-vert-bretagne-sud-ebook-2\/\" \/>\n<meta property=\"og:locale\" content=\"en_US\" \/>\n<meta property=\"og:type\" content=\"article\" \/>\n<meta property=\"og:title\" content=\"Guide Vert Bretagne Sud - ebook - Boutique de l&#039;Aventure Michelin\" \/>\n<meta property=\"og:description\" content=\"1926 \u2013 2026\u202f: Cent ans du Guide de Voyage Michelin \u200bDepuis un si\u00e8cle, le Guide de Voyage Michelin guide les voyageurs les plus curieux, avides de d\u00e9couvertes et de compr\u00e9hension du monde. \u200b\u00c0 chaque page de votre Guide de Voyage Bretagne Sud mis \u00e0 jour, le regard aff\u00fbt\u00e9 de nos auteurs-voyageurs vous m\u00e8ne vers des exp\u00e9riences uniques, comme grimper sur les remparts d\u2019une cit\u00e9 close, s\u2019arr\u00eater pour savourer une hu\u00eetre iod\u00e9e, ou encore, p\u00e9daler au rythme du vent sur un ruban sauvage entre dunes et oc\u00e9ans\u2026 \u200bEnvie de conseils concrets pour voyager sereinement\u202f? Retrouvez :\u200b Les sites incontournables, class\u00e9s par \u00e9toiles (Golfe du Morbihan, Belle-\u00cele, Josselin\u2026)\u200b Des coups de c\u0153ur test\u00e9s sur le terrain\u200b Des adresses mises \u00e0 jour, pour tous les budgets\u202f: restaurants, h\u00e9bergements, sorties, shopping\u200b Des itin\u00e9raires originaux et 100 promenades \u00e0 tester \u00e0 votre rythme\u200b Des activit\u00e9s pour les familles \u200b Un d\u00e9coupage en 4 micro-r\u00e9gions, avec de nombreuses cartes et plans\u200b Un cahier sp\u00e9cial centenaire qui retrace l\u2019histoire du guide Bretagne\u200b Le guide de toutes les cultures, pour des voyages en famille, entre amis ou en solo !\u200b En compl\u00e9ment, pensez \u00e0 utiliser la Carte R\u00e9gional Bretagne n\u00b0512.\" \/>\n<meta property=\"og:url\" content=\"https:\/\/boutique.laventure.michelin.com\/en\/product\/guide-vert-bretagne-sud-ebook-2\/\" \/>\n<meta property=\"og:site_name\" content=\"Boutique de l&#039;Aventure Michelin\" \/>\n<meta property=\"article:publisher\" content=\"https:\/\/fr-fr.facebook.com\/laventuremichelin\/\" \/>\n<meta property=\"article:modified_time\" content=\"2026-04-14T09:33:36+00:00\" \/>\n<meta property=\"og:image\" content=\"https:\/\/boutique.laventure.michelin.com\/wp-content\/uploads\/2026\/03\/b039a8bb6bffc4018168c14a4739688465839c-1.jpg\" \/>\n\t<meta property=\"og:image:width\" content=\"1000\" \/>\n\t<meta property=\"og:image:height\" content=\"1897\" \/>\n\t<meta property=\"og:image:type\" content=\"image\/jpeg\" \/>\n<meta name=\"twitter:card\" content=\"summary_large_image\" \/>\n<meta name=\"twitter:label1\" content=\"Est. reading time\" \/>\n\t<meta name=\"twitter:data1\" content=\"1 minute\" \/>\n<script type=\"application\/ld+json\" class=\"yoast-schema-graph\">{\"@context\":\"https:\/\/schema.org\",\"@graph\":[{\"@type\":\"WebPage\",\"@id\":\"https:\/\/boutique.laventure.michelin.com\/en\/product\/guide-vert-bretagne-sud-ebook-2\/\",\"url\":\"https:\/\/boutique.laventure.michelin.com\/en\/product\/guide-vert-bretagne-sud-ebook-2\/\",\"name\":\"Guide Vert Bretagne Sud - ebook - Boutique de l&#039;Aventure Michelin\",\"isPartOf\":{\"@id\":\"https:\/\/boutique.laventure.michelin.com\/en\/#website\"},\"primaryImageOfPage\":{\"@id\":\"https:\/\/boutique.laventure.michelin.com\/en\/product\/guide-vert-bretagne-sud-ebook-2\/#primaryimage\"},\"image\":{\"@id\":\"https:\/\/boutique.laventure.michelin.com\/en\/product\/guide-vert-bretagne-sud-ebook-2\/#primaryimage\"},\"thumbnailUrl\":\"https:\/\/boutique.laventure.michelin.com\/wp-content\/uploads\/2026\/03\/b039a8bb6bffc4018168c14a4739688465839c-1.jpg\",\"datePublished\":\"2026-03-31T12:24:04+00:00\",\"dateModified\":\"2026-04-14T09:33:36+00:00\",\"breadcrumb\":{\"@id\":\"https:\/\/boutique.laventure.michelin.com\/en\/product\/guide-vert-bretagne-sud-ebook-2\/#breadcrumb\"},\"inLanguage\":\"en-US\",\"potentialAction\":[{\"@type\":\"ReadAction\",\"target\":[\"https:\/\/boutique.laventure.michelin.com\/en\/product\/guide-vert-bretagne-sud-ebook-2\/\"]}]},{\"@type\":\"ImageObject\",\"inLanguage\":\"en-US\",\"@id\":\"https:\/\/boutique.laventure.michelin.com\/en\/product\/guide-vert-bretagne-sud-ebook-2\/#primaryimage\",\"url\":\"https:\/\/boutique.laventure.michelin.com\/wp-content\/uploads\/2026\/03\/b039a8bb6bffc4018168c14a4739688465839c-1.jpg\",\"contentUrl\":\"https:\/\/boutique.laventure.michelin.com\/wp-content\/uploads\/2026\/03\/b039a8bb6bffc4018168c14a4739688465839c-1.jpg\",\"width\":1000,\"height\":1897},{\"@type\":\"BreadcrumbList\",\"@id\":\"https:\/\/boutique.laventure.michelin.com\/en\/product\/guide-vert-bretagne-sud-ebook-2\/#breadcrumb\",\"itemListElement\":[{\"@type\":\"ListItem\",\"position\":1,\"name\":\"Accueil\",\"item\":\"https:\/\/boutique.laventure.michelin.com\/en\/\"},{\"@type\":\"ListItem\",\"position\":2,\"name\":\"Shop\",\"item\":\"https:\/\/boutique.laventure.michelin.com\/en\/shop\/\"},{\"@type\":\"ListItem\",\"position\":3,\"name\":\"Guide Vert Bretagne Sud &#8211; ebook\"}]},{\"@type\":\"WebSite\",\"@id\":\"https:\/\/boutique.laventure.michelin.com\/en\/#website\",\"url\":\"https:\/\/boutique.laventure.michelin.com\/en\/\",\"name\":\"Boutique de l&#039;Aventure Michelin\",\"description\":\"\",\"publisher\":{\"@id\":\"https:\/\/boutique.laventure.michelin.com\/en\/#organization\"},\"potentialAction\":[{\"@type\":\"SearchAction\",\"target\":{\"@type\":\"EntryPoint\",\"urlTemplate\":\"https:\/\/boutique.laventure.michelin.com\/en\/?s={search_term_string}\"},\"query-input\":{\"@type\":\"PropertyValueSpecification\",\"valueRequired\":true,\"valueName\":\"search_term_string\"}}],\"inLanguage\":\"en-US\"},{\"@type\":\"Organization\",\"@id\":\"https:\/\/boutique.laventure.michelin.com\/en\/#organization\",\"name\":\"Boutique de l'Aventure Michelin\",\"url\":\"https:\/\/boutique.laventure.michelin.com\/en\/\",\"logo\":{\"@type\":\"ImageObject\",\"inLanguage\":\"en-US\",\"@id\":\"https:\/\/boutique.laventure.michelin.com\/en\/#\/schema\/logo\/image\/\",\"url\":\"https:\/\/boutique.laventure.michelin.com\/wp-content\/uploads\/2020\/12\/LOGO_LAVENTURE_MFP_VER_PASTILLES_RVB@2x.jpg\",\"contentUrl\":\"https:\/\/boutique.laventure.michelin.com\/wp-content\/uploads\/2020\/12\/LOGO_LAVENTURE_MFP_VER_PASTILLES_RVB@2x.jpg\",\"width\":1292,\"height\":1044,\"caption\":\"Boutique de l'Aventure Michelin\"},\"image\":{\"@id\":\"https:\/\/boutique.laventure.michelin.com\/en\/#\/schema\/logo\/image\/\"},\"sameAs\":[\"https:\/\/fr-fr.facebook.com\/laventuremichelin\/\"]}]}<\/script>\n<!-- \/ Yoast SEO plugin. -->","yoast_head_json":{"title":"Guide Vert Bretagne Sud - ebook - Boutique de l&#039;Aventure Michelin","robots":{"index":"index","follow":"follow","max-snippet":"max-snippet:-1","max-image-preview":"max-image-preview:large","max-video-preview":"max-video-preview:-1"},"canonical":"https:\/\/boutique.laventure.michelin.com\/en\/product\/guide-vert-bretagne-sud-ebook-2\/","og_locale":"en_US","og_type":"article","og_title":"Guide Vert Bretagne Sud - ebook - Boutique de l&#039;Aventure Michelin","og_description":"1926 \u2013 2026\u202f: Cent ans du Guide de Voyage Michelin \u200bDepuis un si\u00e8cle, le Guide de Voyage Michelin guide les voyageurs les plus curieux, avides de d\u00e9couvertes et de compr\u00e9hension du monde. \u200b\u00c0 chaque page de votre Guide de Voyage Bretagne Sud mis \u00e0 jour, le regard aff\u00fbt\u00e9 de nos auteurs-voyageurs vous m\u00e8ne vers des exp\u00e9riences uniques, comme grimper sur les remparts d\u2019une cit\u00e9 close, s\u2019arr\u00eater pour savourer une hu\u00eetre iod\u00e9e, ou encore, p\u00e9daler au rythme du vent sur un ruban sauvage entre dunes et oc\u00e9ans\u2026 \u200bEnvie de conseils concrets pour voyager sereinement\u202f? Retrouvez :\u200b Les sites incontournables, class\u00e9s par \u00e9toiles (Golfe du Morbihan, Belle-\u00cele, Josselin\u2026)\u200b Des coups de c\u0153ur test\u00e9s sur le terrain\u200b Des adresses mises \u00e0 jour, pour tous les budgets\u202f: restaurants, h\u00e9bergements, sorties, shopping\u200b Des itin\u00e9raires originaux et 100 promenades \u00e0 tester \u00e0 votre rythme\u200b Des activit\u00e9s pour les familles \u200b Un d\u00e9coupage en 4 micro-r\u00e9gions, avec de nombreuses cartes et plans\u200b Un cahier sp\u00e9cial centenaire qui retrace l\u2019histoire du guide Bretagne\u200b Le guide de toutes les cultures, pour des voyages en famille, entre amis ou en solo !\u200b En compl\u00e9ment, pensez \u00e0 utiliser la Carte R\u00e9gional Bretagne n\u00b0512.","og_url":"https:\/\/boutique.laventure.michelin.com\/en\/product\/guide-vert-bretagne-sud-ebook-2\/","og_site_name":"Boutique de l&#039;Aventure Michelin","article_publisher":"https:\/\/fr-fr.facebook.com\/laventuremichelin\/","article_modified_time":"2026-04-14T09:33:36+00:00","og_image":[{"width":1000,"height":1897,"url":"https:\/\/boutique.laventure.michelin.com\/wp-content\/uploads\/2026\/03\/b039a8bb6bffc4018168c14a4739688465839c-1.jpg","type":"image\/jpeg"}],"twitter_card":"summary_large_image","twitter_misc":{"Est. reading time":"1 minute"},"schema":{"@context":"https:\/\/schema.org","@graph":[{"@type":"WebPage","@id":"https:\/\/boutique.laventure.michelin.com\/en\/product\/guide-vert-bretagne-sud-ebook-2\/","url":"https:\/\/boutique.laventure.michelin.com\/en\/product\/guide-vert-bretagne-sud-ebook-2\/","name":"Guide Vert Bretagne Sud - ebook - Boutique de l&#039;Aventure Michelin","isPartOf":{"@id":"https:\/\/boutique.laventure.michelin.com\/en\/#website"},"primaryImageOfPage":{"@id":"https:\/\/boutique.laventure.michelin.com\/en\/product\/guide-vert-bretagne-sud-ebook-2\/#primaryimage"},"image":{"@id":"https:\/\/boutique.laventure.michelin.com\/en\/product\/guide-vert-bretagne-sud-ebook-2\/#primaryimage"},"thumbnailUrl":"https:\/\/boutique.laventure.michelin.com\/wp-content\/uploads\/2026\/03\/b039a8bb6bffc4018168c14a4739688465839c-1.jpg","datePublished":"2026-03-31T12:24:04+00:00","dateModified":"2026-04-14T09:33:36+00:00","breadcrumb":{"@id":"https:\/\/boutique.laventure.michelin.com\/en\/product\/guide-vert-bretagne-sud-ebook-2\/#breadcrumb"},"inLanguage":"en-US","potentialAction":[{"@type":"ReadAction","target":["https:\/\/boutique.laventure.michelin.com\/en\/product\/guide-vert-bretagne-sud-ebook-2\/"]}]},{"@type":"ImageObject","inLanguage":"en-US","@id":"https:\/\/boutique.laventure.michelin.com\/en\/product\/guide-vert-bretagne-sud-ebook-2\/#primaryimage","url":"https:\/\/boutique.laventure.michelin.com\/wp-content\/uploads\/2026\/03\/b039a8bb6bffc4018168c14a4739688465839c-1.jpg","contentUrl":"https:\/\/boutique.laventure.michelin.com\/wp-content\/uploads\/2026\/03\/b039a8bb6bffc4018168c14a4739688465839c-1.jpg","width":1000,"height":1897},{"@type":"BreadcrumbList","@id":"https:\/\/boutique.laventure.michelin.com\/en\/product\/guide-vert-bretagne-sud-ebook-2\/#breadcrumb","itemListElement":[{"@type":"ListItem","position":1,"name":"Accueil","item":"https:\/\/boutique.laventure.michelin.com\/en\/"},{"@type":"ListItem","position":2,"name":"Shop","item":"https:\/\/boutique.laventure.michelin.com\/en\/shop\/"},{"@type":"ListItem","position":3,"name":"Guide Vert Bretagne Sud &#8211; ebook"}]},{"@type":"WebSite","@id":"https:\/\/boutique.laventure.michelin.com\/en\/#website","url":"https:\/\/boutique.laventure.michelin.com\/en\/","name":"Boutique de l&#039;Aventure Michelin","description":"","publisher":{"@id":"https:\/\/boutique.laventure.michelin.com\/en\/#organization"},"potentialAction":[{"@type":"SearchAction","target":{"@type":"EntryPoint","urlTemplate":"https:\/\/boutique.laventure.michelin.com\/en\/?s={search_term_string}"},"query-input":{"@type":"PropertyValueSpecification","valueRequired":true,"valueName":"search_term_string"}}],"inLanguage":"en-US"},{"@type":"Organization","@id":"https:\/\/boutique.laventure.michelin.com\/en\/#organization","name":"Boutique de l'Aventure Michelin","url":"https:\/\/boutique.laventure.michelin.com\/en\/","logo":{"@type":"ImageObject","inLanguage":"en-US","@id":"https:\/\/boutique.laventure.michelin.com\/en\/#\/schema\/logo\/image\/","url":"https:\/\/boutique.laventure.michelin.com\/wp-content\/uploads\/2020\/12\/LOGO_LAVENTURE_MFP_VER_PASTILLES_RVB@2x.jpg","contentUrl":"https:\/\/boutique.laventure.michelin.com\/wp-content\/uploads\/2020\/12\/LOGO_LAVENTURE_MFP_VER_PASTILLES_RVB@2x.jpg","width":1292,"height":1044,"caption":"Boutique de l'Aventure Michelin"},"image":{"@id":"https:\/\/boutique.laventure.michelin.com\/en\/#\/schema\/logo\/image\/"},"sameAs":["https:\/\/fr-fr.facebook.com\/laventuremichelin\/"]}]}},"_links":{"self":[{"href":"https:\/\/boutique.laventure.michelin.com\/en\/wp-json\/wp\/v2\/product\/48576","targetHints":{"allow":["GET"]}}],"collection":[{"href":"https:\/\/boutique.laventure.michelin.com\/en\/wp-json\/wp\/v2\/product"}],"about":[{"href":"https:\/\/boutique.laventure.michelin.com\/en\/wp-json\/wp\/v2\/types\/product"}],"replies":[{"embeddable":true,"href":"https:\/\/boutique.laventure.michelin.com\/en\/wp-json\/wp\/v2\/comments?post=48576"}],"wp:featuredmedia":[{"embeddable":true,"href":"https:\/\/boutique.laventure.michelin.com\/en\/wp-json\/wp\/v2\/media\/48574"}],"wp:attachment":[{"href":"https:\/\/boutique.laventure.michelin.com\/en\/wp-json\/wp\/v2\/media?parent=48576"}],"wp:term":[{"taxonomy":"product_brand","embeddable":true,"href":"https:\/\/boutique.laventure.michelin.com\/en\/wp-json\/wp\/v2\/product_brand?post=48576"},{"taxonomy":"product_cat","embeddable":true,"href":"https:\/\/boutique.laventure.michelin.com\/en\/wp-json\/wp\/v2\/product_cat?post=48576"},{"taxonomy":"product_tag","embeddable":true,"href":"https:\/\/boutique.laventure.michelin.com\/en\/wp-json\/wp\/v2\/product_tag?post=48576"}],"curies":[{"name":"wp","href":"https:\/\/api.w.org\/{rel}","templated":true}]}}