{"id":48684,"date":"2026-03-31T14:28:12","date_gmt":"2026-03-31T12:28:12","guid":{"rendered":"https:\/\/boutique.laventure.michelin.com\/produit\/guide-vert-croatie-ebook-2\/"},"modified":"2026-04-14T11:33:09","modified_gmt":"2026-04-14T09:33:09","slug":"guide-vert-croatie-ebook-2","status":"publish","type":"product","link":"https:\/\/boutique.laventure.michelin.com\/en\/product\/guide-vert-croatie-ebook-2\/","title":{"rendered":"Guide Vert Croatie &#8211; ebook"},"content":{"rendered":"<p><strong>1926 \u2013 2026 : Cent ans du Guide de Voyage Michelin<\/strong><\/p>\n<p>Depuis un si\u00e8cle, le Guide de Voyage Michelin guide les voyageurs les plus curieux, avides de d\u00e9couvertes et de compr\u00e9hension du monde.<\/p>\n<p>\u00c0 chaque page de votre\u00a0<strong>Guide de Voyage Croatie mis \u00e0 jour,<\/strong>\u00a0le regard aff\u00fbt\u00e9 de nos auteurs-voyageurs vous m\u00e8ne vers des exp\u00e9riences uniques, comme parcourir les ruelles historiques de Zagreb, explorer les \u00eeles pr\u00e9serv\u00e9es de l\u2019Adriatique ou admirer les cascades spectaculaires des parcs nationaux\u2026<\/p>\n<p>Envie de conseils concrets pour voyager sereinement ? Retrouvez :<\/p>\n<ul>\n<li>Les\u00a0<strong>sites incontournables<\/strong>, class\u00e9s par \u00e9toiles (Zagreb, \u00eele de Mljet, parc national des lacs de Plitvice\u2026)<\/li>\n<li>Des c<strong>oups de c\u0153ur<\/strong>\u00a0test\u00e9s sur le terrain<\/li>\n<li>Des\u00a0<strong>adresses mises \u00e0 jour<\/strong>, pour tous les budgets : restaurants, h\u00e9bergements, sorties, shopping<\/li>\n<li>Des\u00a0<strong>itin\u00e9raires<\/strong>\u00a0originaux et 80 activit\u00e9s pour les\u00a0<strong>familles<\/strong><\/li>\n<li>Un\u00a0<strong>d\u00e9coupage en 7 micro-r\u00e9gions<\/strong>, avec de nombreuses cartes et plans\u00a0<\/li>\n<\/ul>\n<p><strong>Le guide de toutes les cultures<\/strong>, pour des voyages en famille, entre amis ou en solo !<\/p>\n<p>En compl\u00e9ment, pensez \u00e0 utiliser la Carte Touristique n\u00b0757.<\/p>\n","protected":false},"excerpt":{"rendered":"<p><strong>1926 \u2013 2026 : Cent ans du Guide de Voyage Michelin<\/strong><\/p>\n<p>Depuis un si\u00e8cle, le Guide de Voyage Michelin guide les voyageurs les plus curieux, avides de d\u00e9couvertes et de compr\u00e9hension du monde.<\/p>\n<p>\u00c0 chaque page de votre\u00a0<strong>Guide de Voyage Croatie mis \u00e0 jour,<\/strong>\u00a0le regard aff\u00fbt\u00e9 de nos auteurs-voyageurs vous m\u00e8ne vers des exp\u00e9riences uniques, comme parcourir les ruelles historiques de Zagreb, explorer les \u00eeles pr\u00e9serv\u00e9es de l\u2019Adriatique ou admirer les cascades spectaculaires des parcs nationaux\u2026<\/p>\n<p>Envie de conseils concrets pour voyager sereinement ? Retrouvez :<\/p>\n<ul>\n<li>Les\u00a0<strong>sites incontournables<\/strong>, class\u00e9s par \u00e9toiles (Zagreb, \u00eele de Mljet, parc national des lacs de Plitvice\u2026)<\/li>\n<li>Des c<strong>oups de c\u0153ur<\/strong>\u00a0test\u00e9s sur le terrain<\/li>\n<li>Des\u00a0<strong>adresses mises \u00e0 jour<\/strong>, pour tous les budgets : restaurants, h\u00e9bergements, sorties, shopping<\/li>\n<li>Des\u00a0<strong>itin\u00e9raires<\/strong>\u00a0originaux et 80 activit\u00e9s pour les\u00a0<strong>familles<\/strong><\/li>\n<li>Un\u00a0<strong>d\u00e9coupage en 7 micro-r\u00e9gions<\/strong>, avec de nombreuses cartes et plans\u00a0<\/li>\n<\/ul>\n<p><strong>Le guide de toutes les cultures<\/strong>, pour des voyages en famille, entre amis ou en solo !<\/p>\n<p>En compl\u00e9ment, pensez \u00e0 utiliser la Carte Touristique n\u00b0757.<\/p>\n","protected":false},"featured_media":48682,"comment_status":"open","ping_status":"closed","template":"","meta":{"site-sidebar-layout":"default","site-content-layout":"","ast-site-content-layout":"default","site-content-style":"default","site-sidebar-style":"default","ast-global-header-display":"","ast-banner-title-visibility":"","ast-main-header-display":"","ast-hfb-above-header-display":"","ast-hfb-below-header-display":"","ast-hfb-mobile-header-display":"","site-post-title":"","ast-breadcrumbs-content":"","ast-featured-img":"","footer-sml-layout":"","ast-disable-related-posts":"","theme-transparent-header-meta":"","adv-header-id-meta":"","stick-header-meta":"","header-above-stick-meta":"","header-main-stick-meta":"","header-below-stick-meta":"","astra-migrate-meta-layouts":"default","ast-page-background-enabled":"default","ast-page-background-meta":{"desktop":{"background-color":"","background-image":"","background-repeat":"repeat","background-position":"center center","background-size":"auto","background-attachment":"scroll","background-type":"","background-media":"","overlay-type":"","overlay-color":"","overlay-opacity":"","overlay-gradient":""},"tablet":{"background-color":"","background-image":"","background-repeat":"repeat","background-position":"center center","background-size":"auto","background-attachment":"scroll","background-type":"","background-media":"","overlay-type":"","overlay-color":"","overlay-opacity":"","overlay-gradient":""},"mobile":{"background-color":"","background-image":"","background-repeat":"repeat","background-position":"center center","background-size":"auto","background-attachment":"scroll","background-type":"","background-media":"","overlay-type":"","overlay-color":"","overlay-opacity":"","overlay-gradient":""}},"ast-content-background-meta":{"desktop":{"background-color":"var(--ast-global-color-5)","background-image":"","background-repeat":"repeat","background-position":"center center","background-size":"auto","background-attachment":"scroll","background-type":"","background-media":"","overlay-type":"","overlay-color":"","overlay-opacity":"","overlay-gradient":""},"tablet":{"background-color":"var(--ast-global-color-5)","background-image":"","background-repeat":"repeat","background-position":"center center","background-size":"auto","background-attachment":"scroll","background-type":"","background-media":"","overlay-type":"","overlay-color":"","overlay-opacity":"","overlay-gradient":""},"mobile":{"background-color":"var(--ast-global-color-5)","background-image":"","background-repeat":"repeat","background-position":"center center","background-size":"auto","background-attachment":"scroll","background-type":"","background-media":"","overlay-type":"","overlay-color":"","overlay-opacity":"","overlay-gradient":""}}},"product_brand":[],"product_cat":[329],"product_tag":[],"class_list":{"0":"post-48684","1":"product","2":"type-product","3":"status-publish","4":"has-post-thumbnail","6":"product_cat-ebook-en","7":"desktop-align-left","8":"tablet-align-left","9":"mobile-align-left","10":"ast-product-gallery-layout-horizontal-slider","11":"ast-product-gallery-with-no-image","12":"ast-product-tabs-layout-horizontal","14":"first","15":"instock","16":"downloadable","17":"virtual","18":"taxable","19":"purchasable","20":"product-type-simple"},"yoast_head":"<!-- This site is optimized with the Yoast SEO plugin v26.7 - https:\/\/yoast.com\/wordpress\/plugins\/seo\/ -->\n<title>Guide Vert Croatie - ebook - Boutique de l&#039;Aventure Michelin<\/title>\n<meta name=\"robots\" content=\"index, follow, max-snippet:-1, max-image-preview:large, max-video-preview:-1\" \/>\n<link rel=\"canonical\" href=\"https:\/\/boutique.laventure.michelin.com\/en\/product\/guide-vert-croatie-ebook-2\/\" \/>\n<meta property=\"og:locale\" content=\"en_US\" \/>\n<meta property=\"og:type\" content=\"article\" \/>\n<meta property=\"og:title\" content=\"Guide Vert Croatie - ebook - Boutique de l&#039;Aventure Michelin\" \/>\n<meta property=\"og:description\" content=\"1926 \u2013 2026 : Cent ans du Guide de Voyage MichelinDepuis un si\u00e8cle, le Guide de Voyage Michelin guide les voyageurs les plus curieux, avides de d\u00e9couvertes et de compr\u00e9hension du monde.\u00c0 chaque page de votre\u00a0Guide de Voyage Croatie mis \u00e0 jour,\u00a0le regard aff\u00fbt\u00e9 de nos auteurs-voyageurs vous m\u00e8ne vers des exp\u00e9riences uniques, comme parcourir les ruelles historiques de Zagreb, explorer les \u00eeles pr\u00e9serv\u00e9es de l\u2019Adriatique ou admirer les cascades spectaculaires des parcs nationaux\u2026Envie de conseils concrets pour voyager sereinement ? Retrouvez :Les\u00a0sites incontournables, class\u00e9s par \u00e9toiles (Zagreb, \u00eele de Mljet, parc national des lacs de Plitvice\u2026)Des coups de c\u0153ur\u00a0test\u00e9s sur le terrainDes\u00a0adresses mises \u00e0 jour, pour tous les budgets : restaurants, h\u00e9bergements, sorties, shoppingDes\u00a0itin\u00e9raires\u00a0originaux et 80 activit\u00e9s pour les\u00a0famillesUn\u00a0d\u00e9coupage en 7 micro-r\u00e9gions, avec de nombreuses cartes et plans\u00a0Le guide de toutes les cultures, pour des voyages en famille, entre amis ou en solo !En compl\u00e9ment, pensez \u00e0 utiliser la Carte Touristique n\u00b0757.\" \/>\n<meta property=\"og:url\" content=\"https:\/\/boutique.laventure.michelin.com\/en\/product\/guide-vert-croatie-ebook-2\/\" \/>\n<meta property=\"og:site_name\" content=\"Boutique de l&#039;Aventure Michelin\" \/>\n<meta property=\"article:publisher\" content=\"https:\/\/fr-fr.facebook.com\/laventuremichelin\/\" \/>\n<meta property=\"article:modified_time\" content=\"2026-04-14T09:33:09+00:00\" \/>\n<meta property=\"og:image\" content=\"https:\/\/boutique.laventure.michelin.com\/wp-content\/uploads\/2026\/03\/230c77d45515018cccd14a83a054de8401aae1-1.jpg\" \/>\n\t<meta property=\"og:image:width\" content=\"1000\" \/>\n\t<meta property=\"og:image:height\" content=\"1724\" \/>\n\t<meta property=\"og:image:type\" content=\"image\/jpeg\" \/>\n<meta name=\"twitter:card\" content=\"summary_large_image\" \/>\n<meta name=\"twitter:label1\" content=\"Est. reading time\" \/>\n\t<meta name=\"twitter:data1\" content=\"1 minute\" \/>\n<script type=\"application\/ld+json\" class=\"yoast-schema-graph\">{\"@context\":\"https:\/\/schema.org\",\"@graph\":[{\"@type\":\"WebPage\",\"@id\":\"https:\/\/boutique.laventure.michelin.com\/en\/product\/guide-vert-croatie-ebook-2\/\",\"url\":\"https:\/\/boutique.laventure.michelin.com\/en\/product\/guide-vert-croatie-ebook-2\/\",\"name\":\"Guide Vert Croatie - ebook - Boutique de l&#039;Aventure Michelin\",\"isPartOf\":{\"@id\":\"https:\/\/boutique.laventure.michelin.com\/en\/#website\"},\"primaryImageOfPage\":{\"@id\":\"https:\/\/boutique.laventure.michelin.com\/en\/product\/guide-vert-croatie-ebook-2\/#primaryimage\"},\"image\":{\"@id\":\"https:\/\/boutique.laventure.michelin.com\/en\/product\/guide-vert-croatie-ebook-2\/#primaryimage\"},\"thumbnailUrl\":\"https:\/\/boutique.laventure.michelin.com\/wp-content\/uploads\/2026\/03\/230c77d45515018cccd14a83a054de8401aae1-1.jpg\",\"datePublished\":\"2026-03-31T12:28:12+00:00\",\"dateModified\":\"2026-04-14T09:33:09+00:00\",\"breadcrumb\":{\"@id\":\"https:\/\/boutique.laventure.michelin.com\/en\/product\/guide-vert-croatie-ebook-2\/#breadcrumb\"},\"inLanguage\":\"en-US\",\"potentialAction\":[{\"@type\":\"ReadAction\",\"target\":[\"https:\/\/boutique.laventure.michelin.com\/en\/product\/guide-vert-croatie-ebook-2\/\"]}]},{\"@type\":\"ImageObject\",\"inLanguage\":\"en-US\",\"@id\":\"https:\/\/boutique.laventure.michelin.com\/en\/product\/guide-vert-croatie-ebook-2\/#primaryimage\",\"url\":\"https:\/\/boutique.laventure.michelin.com\/wp-content\/uploads\/2026\/03\/230c77d45515018cccd14a83a054de8401aae1-1.jpg\",\"contentUrl\":\"https:\/\/boutique.laventure.michelin.com\/wp-content\/uploads\/2026\/03\/230c77d45515018cccd14a83a054de8401aae1-1.jpg\",\"width\":1000,\"height\":1724},{\"@type\":\"BreadcrumbList\",\"@id\":\"https:\/\/boutique.laventure.michelin.com\/en\/product\/guide-vert-croatie-ebook-2\/#breadcrumb\",\"itemListElement\":[{\"@type\":\"ListItem\",\"position\":1,\"name\":\"Accueil\",\"item\":\"https:\/\/boutique.laventure.michelin.com\/en\/\"},{\"@type\":\"ListItem\",\"position\":2,\"name\":\"Shop\",\"item\":\"https:\/\/boutique.laventure.michelin.com\/en\/shop\/\"},{\"@type\":\"ListItem\",\"position\":3,\"name\":\"Guide Vert Croatie &#8211; ebook\"}]},{\"@type\":\"WebSite\",\"@id\":\"https:\/\/boutique.laventure.michelin.com\/en\/#website\",\"url\":\"https:\/\/boutique.laventure.michelin.com\/en\/\",\"name\":\"Boutique de l&#039;Aventure Michelin\",\"description\":\"\",\"publisher\":{\"@id\":\"https:\/\/boutique.laventure.michelin.com\/en\/#organization\"},\"potentialAction\":[{\"@type\":\"SearchAction\",\"target\":{\"@type\":\"EntryPoint\",\"urlTemplate\":\"https:\/\/boutique.laventure.michelin.com\/en\/?s={search_term_string}\"},\"query-input\":{\"@type\":\"PropertyValueSpecification\",\"valueRequired\":true,\"valueName\":\"search_term_string\"}}],\"inLanguage\":\"en-US\"},{\"@type\":\"Organization\",\"@id\":\"https:\/\/boutique.laventure.michelin.com\/en\/#organization\",\"name\":\"Boutique de l'Aventure Michelin\",\"url\":\"https:\/\/boutique.laventure.michelin.com\/en\/\",\"logo\":{\"@type\":\"ImageObject\",\"inLanguage\":\"en-US\",\"@id\":\"https:\/\/boutique.laventure.michelin.com\/en\/#\/schema\/logo\/image\/\",\"url\":\"https:\/\/boutique.laventure.michelin.com\/wp-content\/uploads\/2020\/12\/LOGO_LAVENTURE_MFP_VER_PASTILLES_RVB@2x.jpg\",\"contentUrl\":\"https:\/\/boutique.laventure.michelin.com\/wp-content\/uploads\/2020\/12\/LOGO_LAVENTURE_MFP_VER_PASTILLES_RVB@2x.jpg\",\"width\":1292,\"height\":1044,\"caption\":\"Boutique de l'Aventure Michelin\"},\"image\":{\"@id\":\"https:\/\/boutique.laventure.michelin.com\/en\/#\/schema\/logo\/image\/\"},\"sameAs\":[\"https:\/\/fr-fr.facebook.com\/laventuremichelin\/\"]}]}<\/script>\n<!-- \/ Yoast SEO plugin. -->","yoast_head_json":{"title":"Guide Vert Croatie - ebook - Boutique de l&#039;Aventure Michelin","robots":{"index":"index","follow":"follow","max-snippet":"max-snippet:-1","max-image-preview":"max-image-preview:large","max-video-preview":"max-video-preview:-1"},"canonical":"https:\/\/boutique.laventure.michelin.com\/en\/product\/guide-vert-croatie-ebook-2\/","og_locale":"en_US","og_type":"article","og_title":"Guide Vert Croatie - ebook - Boutique de l&#039;Aventure Michelin","og_description":"1926 \u2013 2026 : Cent ans du Guide de Voyage MichelinDepuis un si\u00e8cle, le Guide de Voyage Michelin guide les voyageurs les plus curieux, avides de d\u00e9couvertes et de compr\u00e9hension du monde.\u00c0 chaque page de votre\u00a0Guide de Voyage Croatie mis \u00e0 jour,\u00a0le regard aff\u00fbt\u00e9 de nos auteurs-voyageurs vous m\u00e8ne vers des exp\u00e9riences uniques, comme parcourir les ruelles historiques de Zagreb, explorer les \u00eeles pr\u00e9serv\u00e9es de l\u2019Adriatique ou admirer les cascades spectaculaires des parcs nationaux\u2026Envie de conseils concrets pour voyager sereinement ? Retrouvez :Les\u00a0sites incontournables, class\u00e9s par \u00e9toiles (Zagreb, \u00eele de Mljet, parc national des lacs de Plitvice\u2026)Des coups de c\u0153ur\u00a0test\u00e9s sur le terrainDes\u00a0adresses mises \u00e0 jour, pour tous les budgets : restaurants, h\u00e9bergements, sorties, shoppingDes\u00a0itin\u00e9raires\u00a0originaux et 80 activit\u00e9s pour les\u00a0famillesUn\u00a0d\u00e9coupage en 7 micro-r\u00e9gions, avec de nombreuses cartes et plans\u00a0Le guide de toutes les cultures, pour des voyages en famille, entre amis ou en solo !En compl\u00e9ment, pensez \u00e0 utiliser la Carte Touristique n\u00b0757.","og_url":"https:\/\/boutique.laventure.michelin.com\/en\/product\/guide-vert-croatie-ebook-2\/","og_site_name":"Boutique de l&#039;Aventure Michelin","article_publisher":"https:\/\/fr-fr.facebook.com\/laventuremichelin\/","article_modified_time":"2026-04-14T09:33:09+00:00","og_image":[{"width":1000,"height":1724,"url":"https:\/\/boutique.laventure.michelin.com\/wp-content\/uploads\/2026\/03\/230c77d45515018cccd14a83a054de8401aae1-1.jpg","type":"image\/jpeg"}],"twitter_card":"summary_large_image","twitter_misc":{"Est. reading time":"1 minute"},"schema":{"@context":"https:\/\/schema.org","@graph":[{"@type":"WebPage","@id":"https:\/\/boutique.laventure.michelin.com\/en\/product\/guide-vert-croatie-ebook-2\/","url":"https:\/\/boutique.laventure.michelin.com\/en\/product\/guide-vert-croatie-ebook-2\/","name":"Guide Vert Croatie - ebook - Boutique de l&#039;Aventure Michelin","isPartOf":{"@id":"https:\/\/boutique.laventure.michelin.com\/en\/#website"},"primaryImageOfPage":{"@id":"https:\/\/boutique.laventure.michelin.com\/en\/product\/guide-vert-croatie-ebook-2\/#primaryimage"},"image":{"@id":"https:\/\/boutique.laventure.michelin.com\/en\/product\/guide-vert-croatie-ebook-2\/#primaryimage"},"thumbnailUrl":"https:\/\/boutique.laventure.michelin.com\/wp-content\/uploads\/2026\/03\/230c77d45515018cccd14a83a054de8401aae1-1.jpg","datePublished":"2026-03-31T12:28:12+00:00","dateModified":"2026-04-14T09:33:09+00:00","breadcrumb":{"@id":"https:\/\/boutique.laventure.michelin.com\/en\/product\/guide-vert-croatie-ebook-2\/#breadcrumb"},"inLanguage":"en-US","potentialAction":[{"@type":"ReadAction","target":["https:\/\/boutique.laventure.michelin.com\/en\/product\/guide-vert-croatie-ebook-2\/"]}]},{"@type":"ImageObject","inLanguage":"en-US","@id":"https:\/\/boutique.laventure.michelin.com\/en\/product\/guide-vert-croatie-ebook-2\/#primaryimage","url":"https:\/\/boutique.laventure.michelin.com\/wp-content\/uploads\/2026\/03\/230c77d45515018cccd14a83a054de8401aae1-1.jpg","contentUrl":"https:\/\/boutique.laventure.michelin.com\/wp-content\/uploads\/2026\/03\/230c77d45515018cccd14a83a054de8401aae1-1.jpg","width":1000,"height":1724},{"@type":"BreadcrumbList","@id":"https:\/\/boutique.laventure.michelin.com\/en\/product\/guide-vert-croatie-ebook-2\/#breadcrumb","itemListElement":[{"@type":"ListItem","position":1,"name":"Accueil","item":"https:\/\/boutique.laventure.michelin.com\/en\/"},{"@type":"ListItem","position":2,"name":"Shop","item":"https:\/\/boutique.laventure.michelin.com\/en\/shop\/"},{"@type":"ListItem","position":3,"name":"Guide Vert Croatie &#8211; ebook"}]},{"@type":"WebSite","@id":"https:\/\/boutique.laventure.michelin.com\/en\/#website","url":"https:\/\/boutique.laventure.michelin.com\/en\/","name":"Boutique de l&#039;Aventure Michelin","description":"","publisher":{"@id":"https:\/\/boutique.laventure.michelin.com\/en\/#organization"},"potentialAction":[{"@type":"SearchAction","target":{"@type":"EntryPoint","urlTemplate":"https:\/\/boutique.laventure.michelin.com\/en\/?s={search_term_string}"},"query-input":{"@type":"PropertyValueSpecification","valueRequired":true,"valueName":"search_term_string"}}],"inLanguage":"en-US"},{"@type":"Organization","@id":"https:\/\/boutique.laventure.michelin.com\/en\/#organization","name":"Boutique de l'Aventure Michelin","url":"https:\/\/boutique.laventure.michelin.com\/en\/","logo":{"@type":"ImageObject","inLanguage":"en-US","@id":"https:\/\/boutique.laventure.michelin.com\/en\/#\/schema\/logo\/image\/","url":"https:\/\/boutique.laventure.michelin.com\/wp-content\/uploads\/2020\/12\/LOGO_LAVENTURE_MFP_VER_PASTILLES_RVB@2x.jpg","contentUrl":"https:\/\/boutique.laventure.michelin.com\/wp-content\/uploads\/2020\/12\/LOGO_LAVENTURE_MFP_VER_PASTILLES_RVB@2x.jpg","width":1292,"height":1044,"caption":"Boutique de l'Aventure Michelin"},"image":{"@id":"https:\/\/boutique.laventure.michelin.com\/en\/#\/schema\/logo\/image\/"},"sameAs":["https:\/\/fr-fr.facebook.com\/laventuremichelin\/"]}]}},"_links":{"self":[{"href":"https:\/\/boutique.laventure.michelin.com\/en\/wp-json\/wp\/v2\/product\/48684","targetHints":{"allow":["GET"]}}],"collection":[{"href":"https:\/\/boutique.laventure.michelin.com\/en\/wp-json\/wp\/v2\/product"}],"about":[{"href":"https:\/\/boutique.laventure.michelin.com\/en\/wp-json\/wp\/v2\/types\/product"}],"replies":[{"embeddable":true,"href":"https:\/\/boutique.laventure.michelin.com\/en\/wp-json\/wp\/v2\/comments?post=48684"}],"wp:featuredmedia":[{"embeddable":true,"href":"https:\/\/boutique.laventure.michelin.com\/en\/wp-json\/wp\/v2\/media\/48682"}],"wp:attachment":[{"href":"https:\/\/boutique.laventure.michelin.com\/en\/wp-json\/wp\/v2\/media?parent=48684"}],"wp:term":[{"taxonomy":"product_brand","embeddable":true,"href":"https:\/\/boutique.laventure.michelin.com\/en\/wp-json\/wp\/v2\/product_brand?post=48684"},{"taxonomy":"product_cat","embeddable":true,"href":"https:\/\/boutique.laventure.michelin.com\/en\/wp-json\/wp\/v2\/product_cat?post=48684"},{"taxonomy":"product_tag","embeddable":true,"href":"https:\/\/boutique.laventure.michelin.com\/en\/wp-json\/wp\/v2\/product_tag?post=48684"}],"curies":[{"name":"wp","href":"https:\/\/api.w.org\/{rel}","templated":true}]}}