{"id":8345,"date":"2022-01-20T17:08:39","date_gmt":"2022-01-20T16:08:39","guid":{"rendered":"https:\/\/boutique.laventure.michelin.com\/produit\/carte-regionale-525-midi-pyrenees-michelin\/"},"modified":"2026-02-20T18:26:26","modified_gmt":"2026-02-20T17:26:26","slug":"carte-regionale-525-midi-pyrenees-michelin","status":"publish","type":"product","link":"https:\/\/boutique.laventure.michelin.com\/en\/product\/carte-regionale-525-midi-pyrenees-michelin\/","title":{"rendered":"Midi-Pyr\u00e9n\u00e9es &#8211; Regional Map Michelin 525"},"content":{"rendered":"<p>The ideal Michelin map for a ROUND TRIP to explore the <span class=\"js-ProductSummary-truncate is-truncated\">Midi-Pyr\u00e9n\u00e9es<\/span> region at <span class=\"js-ProductSummary-truncate is-truncated\">a scale of 1:200,000 (1 cm = 2 km),<\/span> allowing you to plan your itinerary without missing the essentials, choose your stops and enjoy a few detours.<\/p>\n<p>Enjoy the clarity and reliability of Michelin maps, with details of <span class=\"a-text-bold\">petrol stations, rest areas and danger zones (steep slopes, difficult or dangerous routes, height restrictions), recommended routes and intuitive legends.<\/span><\/p>\n<p>Bilingual Edition (French\/English)<\/p>\n<p>Made in Italy<\/p>\n","protected":false},"excerpt":{"rendered":"<p>The ideal Michelin map for a ROUND TRIP to explore the <span class=\"js-ProductSummary-truncate is-truncated\">Midi-Pyr\u00e9n\u00e9es<\/span> region at <span class=\"js-ProductSummary-truncate is-truncated\">a scale of 1:200,000 (1 cm = 2 km)<\/span>, allowing you to plan your itinerary without missing the essentials, choose your stops and enjoy a few detours.<\/p>\n<p>Enjoy the clarity and reliability of Michelin maps, with details of <span class=\"a-text-bold\">petrol stations, rest areas and danger zones (steep slopes, difficult or dangerous routes, height restrictions), recommended routes and intuitive legends.<\/span><\/p>\n<p>Bilingual Edition (French\/English)<\/p>\n<p>Made in France<\/p>\n","protected":false},"featured_media":43213,"comment_status":"closed","ping_status":"closed","template":"","meta":{"site-sidebar-layout":"default","site-content-layout":"default","ast-site-content-layout":"default","site-content-style":"default","site-sidebar-style":"default","ast-global-header-display":"","ast-banner-title-visibility":"","ast-main-header-display":"","ast-hfb-above-header-display":"","ast-hfb-below-header-display":"","ast-hfb-mobile-header-display":"","site-post-title":"","ast-breadcrumbs-content":"","ast-featured-img":"","footer-sml-layout":"","ast-disable-related-posts":"","theme-transparent-header-meta":"default","adv-header-id-meta":"","stick-header-meta":"","header-above-stick-meta":"","header-main-stick-meta":"","header-below-stick-meta":"","astra-migrate-meta-layouts":"set","ast-page-background-enabled":"default","ast-page-background-meta":{"desktop":{"background-color":"","background-image":"","background-repeat":"repeat","background-position":"center center","background-size":"auto","background-attachment":"scroll","background-type":"","background-media":"","overlay-type":"","overlay-color":"","overlay-opacity":"","overlay-gradient":""},"tablet":{"background-color":"","background-image":"","background-repeat":"repeat","background-position":"center center","background-size":"auto","background-attachment":"scroll","background-type":"","background-media":"","overlay-type":"","overlay-color":"","overlay-opacity":"","overlay-gradient":""},"mobile":{"background-color":"","background-image":"","background-repeat":"repeat","background-position":"center center","background-size":"auto","background-attachment":"scroll","background-type":"","background-media":"","overlay-type":"","overlay-color":"","overlay-opacity":"","overlay-gradient":""}},"ast-content-background-meta":{"desktop":{"background-color":"var(--ast-global-color-5)","background-image":"","background-repeat":"repeat","background-position":"center center","background-size":"auto","background-attachment":"scroll","background-type":"","background-media":"","overlay-type":"","overlay-color":"","overlay-opacity":"","overlay-gradient":""},"tablet":{"background-color":"var(--ast-global-color-5)","background-image":"","background-repeat":"repeat","background-position":"center center","background-size":"auto","background-attachment":"scroll","background-type":"","background-media":"","overlay-type":"","overlay-color":"","overlay-opacity":"","overlay-gradient":""},"mobile":{"background-color":"var(--ast-global-color-5)","background-image":"","background-repeat":"repeat","background-position":"center center","background-size":"auto","background-attachment":"scroll","background-type":"","background-media":"","overlay-type":"","overlay-color":"","overlay-opacity":"","overlay-gradient":""}}},"product_brand":[],"product_cat":[155,275,304,205],"product_tag":[],"class_list":{"0":"post-8345","1":"product","2":"type-product","3":"status-publish","4":"has-post-thumbnail","6":"product_cat-atlases-and-maps","7":"product_cat-france-regional-map","8":"product_cat-regional-maps","9":"product_cat-road-maps","10":"desktop-align-left","11":"tablet-align-left","12":"mobile-align-left","13":"ast-product-gallery-layout-horizontal-slider","14":"ast-product-tabs-layout-horizontal","16":"first","17":"instock","18":"taxable","19":"shipping-taxable","20":"purchasable","21":"product-type-simple"},"yoast_head":"<!-- This site is optimized with the Yoast SEO plugin v26.7 - https:\/\/yoast.com\/wordpress\/plugins\/seo\/ -->\n<title>Midi-Pyr\u00e9n\u00e9es - Regional Map Michelin 525 - Boutique de l&#039;Aventure Michelin<\/title>\n<meta name=\"description\" content=\"The Michelin regional Midi-Pyr\u00e9n\u00e9es map, with it&#039;s 1 : 200 000 scale (1cm=2km), provides all the information you need to make the most of your trip in France.\" \/>\n<meta name=\"robots\" content=\"index, follow, max-snippet:-1, max-image-preview:large, max-video-preview:-1\" \/>\n<link rel=\"canonical\" href=\"https:\/\/boutique.laventure.michelin.com\/en\/product\/carte-regionale-525-midi-pyrenees-michelin\/\" \/>\n<meta property=\"og:locale\" content=\"en_US\" \/>\n<meta property=\"og:type\" content=\"article\" \/>\n<meta property=\"og:title\" content=\"Midi-Pyr\u00e9n\u00e9es - Regional Map Michelin 525 - Boutique de l&#039;Aventure Michelin\" \/>\n<meta property=\"og:description\" content=\"The Michelin regional Midi-Pyr\u00e9n\u00e9es map, with it&#039;s 1 : 200 000 scale (1cm=2km), provides all the information you need to make the most of your trip in France.\" \/>\n<meta property=\"og:url\" content=\"https:\/\/boutique.laventure.michelin.com\/en\/product\/carte-regionale-525-midi-pyrenees-michelin\/\" \/>\n<meta property=\"og:site_name\" content=\"Boutique de l&#039;Aventure Michelin\" \/>\n<meta property=\"article:publisher\" content=\"https:\/\/fr-fr.facebook.com\/laventuremichelin\/\" \/>\n<meta property=\"article:modified_time\" content=\"2026-02-20T17:26:26+00:00\" \/>\n<meta property=\"og:image\" content=\"https:\/\/boutique.laventure.michelin.com\/wp-content\/uploads\/2022\/01\/CR-MIDI-PYRENNEES_2026.png\" \/>\n\t<meta property=\"og:image:width\" content=\"2475\" \/>\n\t<meta property=\"og:image:height\" content=\"2475\" \/>\n\t<meta property=\"og:image:type\" content=\"image\/png\" \/>\n<meta name=\"twitter:card\" content=\"summary_large_image\" \/>\n<meta name=\"twitter:label1\" content=\"Est. reading time\" \/>\n\t<meta name=\"twitter:data1\" content=\"1 minute\" \/>\n<script type=\"application\/ld+json\" class=\"yoast-schema-graph\">{\"@context\":\"https:\/\/schema.org\",\"@graph\":[{\"@type\":\"WebPage\",\"@id\":\"https:\/\/boutique.laventure.michelin.com\/en\/product\/carte-regionale-525-midi-pyrenees-michelin\/\",\"url\":\"https:\/\/boutique.laventure.michelin.com\/en\/product\/carte-regionale-525-midi-pyrenees-michelin\/\",\"name\":\"Midi-Pyr\u00e9n\u00e9es - Regional Map Michelin 525 - Boutique de l&#039;Aventure Michelin\",\"isPartOf\":{\"@id\":\"https:\/\/boutique.laventure.michelin.com\/en\/#website\"},\"primaryImageOfPage\":{\"@id\":\"https:\/\/boutique.laventure.michelin.com\/en\/product\/carte-regionale-525-midi-pyrenees-michelin\/#primaryimage\"},\"image\":{\"@id\":\"https:\/\/boutique.laventure.michelin.com\/en\/product\/carte-regionale-525-midi-pyrenees-michelin\/#primaryimage\"},\"thumbnailUrl\":\"https:\/\/boutique.laventure.michelin.com\/wp-content\/uploads\/2022\/01\/CR-MIDI-PYRENNEES_2026.png\",\"datePublished\":\"2022-01-20T16:08:39+00:00\",\"dateModified\":\"2026-02-20T17:26:26+00:00\",\"description\":\"The Michelin regional Midi-Pyr\u00e9n\u00e9es map, with it's 1 : 200 000 scale (1cm=2km), provides all the information you need to make the most of your trip in France.\",\"breadcrumb\":{\"@id\":\"https:\/\/boutique.laventure.michelin.com\/en\/product\/carte-regionale-525-midi-pyrenees-michelin\/#breadcrumb\"},\"inLanguage\":\"en-US\",\"potentialAction\":[{\"@type\":\"ReadAction\",\"target\":[\"https:\/\/boutique.laventure.michelin.com\/en\/product\/carte-regionale-525-midi-pyrenees-michelin\/\"]}]},{\"@type\":\"ImageObject\",\"inLanguage\":\"en-US\",\"@id\":\"https:\/\/boutique.laventure.michelin.com\/en\/product\/carte-regionale-525-midi-pyrenees-michelin\/#primaryimage\",\"url\":\"https:\/\/boutique.laventure.michelin.com\/wp-content\/uploads\/2022\/01\/CR-MIDI-PYRENNEES_2026.png\",\"contentUrl\":\"https:\/\/boutique.laventure.michelin.com\/wp-content\/uploads\/2022\/01\/CR-MIDI-PYRENNEES_2026.png\",\"width\":2475,\"height\":2475,\"caption\":\"CR PYRENEES 2026 - Cartes et guides Michelin\"},{\"@type\":\"BreadcrumbList\",\"@id\":\"https:\/\/boutique.laventure.michelin.com\/en\/product\/carte-regionale-525-midi-pyrenees-michelin\/#breadcrumb\",\"itemListElement\":[{\"@type\":\"ListItem\",\"position\":1,\"name\":\"Accueil\",\"item\":\"https:\/\/boutique.laventure.michelin.com\/en\/\"},{\"@type\":\"ListItem\",\"position\":2,\"name\":\"Shop\",\"item\":\"https:\/\/boutique.laventure.michelin.com\/en\/shop\/\"},{\"@type\":\"ListItem\",\"position\":3,\"name\":\"Midi-Pyr\u00e9n\u00e9es &#8211; Regional Map Michelin 525\"}]},{\"@type\":\"WebSite\",\"@id\":\"https:\/\/boutique.laventure.michelin.com\/en\/#website\",\"url\":\"https:\/\/boutique.laventure.michelin.com\/en\/\",\"name\":\"Boutique de l&#039;Aventure Michelin\",\"description\":\"\",\"publisher\":{\"@id\":\"https:\/\/boutique.laventure.michelin.com\/en\/#organization\"},\"potentialAction\":[{\"@type\":\"SearchAction\",\"target\":{\"@type\":\"EntryPoint\",\"urlTemplate\":\"https:\/\/boutique.laventure.michelin.com\/en\/?s={search_term_string}\"},\"query-input\":{\"@type\":\"PropertyValueSpecification\",\"valueRequired\":true,\"valueName\":\"search_term_string\"}}],\"inLanguage\":\"en-US\"},{\"@type\":\"Organization\",\"@id\":\"https:\/\/boutique.laventure.michelin.com\/en\/#organization\",\"name\":\"Boutique de l'Aventure Michelin\",\"url\":\"https:\/\/boutique.laventure.michelin.com\/en\/\",\"logo\":{\"@type\":\"ImageObject\",\"inLanguage\":\"en-US\",\"@id\":\"https:\/\/boutique.laventure.michelin.com\/en\/#\/schema\/logo\/image\/\",\"url\":\"https:\/\/boutique.laventure.michelin.com\/wp-content\/uploads\/2020\/12\/LOGO_LAVENTURE_MFP_VER_PASTILLES_RVB@2x.jpg\",\"contentUrl\":\"https:\/\/boutique.laventure.michelin.com\/wp-content\/uploads\/2020\/12\/LOGO_LAVENTURE_MFP_VER_PASTILLES_RVB@2x.jpg\",\"width\":1292,\"height\":1044,\"caption\":\"Boutique de l'Aventure Michelin\"},\"image\":{\"@id\":\"https:\/\/boutique.laventure.michelin.com\/en\/#\/schema\/logo\/image\/\"},\"sameAs\":[\"https:\/\/fr-fr.facebook.com\/laventuremichelin\/\"]}]}<\/script>\n<!-- \/ Yoast SEO plugin. -->","yoast_head_json":{"title":"Midi-Pyr\u00e9n\u00e9es - Regional Map Michelin 525 - Boutique de l&#039;Aventure Michelin","description":"The Michelin regional Midi-Pyr\u00e9n\u00e9es map, with it's 1 : 200 000 scale (1cm=2km), provides all the information you need to make the most of your trip in France.","robots":{"index":"index","follow":"follow","max-snippet":"max-snippet:-1","max-image-preview":"max-image-preview:large","max-video-preview":"max-video-preview:-1"},"canonical":"https:\/\/boutique.laventure.michelin.com\/en\/product\/carte-regionale-525-midi-pyrenees-michelin\/","og_locale":"en_US","og_type":"article","og_title":"Midi-Pyr\u00e9n\u00e9es - Regional Map Michelin 525 - Boutique de l&#039;Aventure Michelin","og_description":"The Michelin regional Midi-Pyr\u00e9n\u00e9es map, with it's 1 : 200 000 scale (1cm=2km), provides all the information you need to make the most of your trip in France.","og_url":"https:\/\/boutique.laventure.michelin.com\/en\/product\/carte-regionale-525-midi-pyrenees-michelin\/","og_site_name":"Boutique de l&#039;Aventure Michelin","article_publisher":"https:\/\/fr-fr.facebook.com\/laventuremichelin\/","article_modified_time":"2026-02-20T17:26:26+00:00","og_image":[{"width":2475,"height":2475,"url":"https:\/\/boutique.laventure.michelin.com\/wp-content\/uploads\/2022\/01\/CR-MIDI-PYRENNEES_2026.png","type":"image\/png"}],"twitter_card":"summary_large_image","twitter_misc":{"Est. reading time":"1 minute"},"schema":{"@context":"https:\/\/schema.org","@graph":[{"@type":"WebPage","@id":"https:\/\/boutique.laventure.michelin.com\/en\/product\/carte-regionale-525-midi-pyrenees-michelin\/","url":"https:\/\/boutique.laventure.michelin.com\/en\/product\/carte-regionale-525-midi-pyrenees-michelin\/","name":"Midi-Pyr\u00e9n\u00e9es - Regional Map Michelin 525 - Boutique de l&#039;Aventure Michelin","isPartOf":{"@id":"https:\/\/boutique.laventure.michelin.com\/en\/#website"},"primaryImageOfPage":{"@id":"https:\/\/boutique.laventure.michelin.com\/en\/product\/carte-regionale-525-midi-pyrenees-michelin\/#primaryimage"},"image":{"@id":"https:\/\/boutique.laventure.michelin.com\/en\/product\/carte-regionale-525-midi-pyrenees-michelin\/#primaryimage"},"thumbnailUrl":"https:\/\/boutique.laventure.michelin.com\/wp-content\/uploads\/2022\/01\/CR-MIDI-PYRENNEES_2026.png","datePublished":"2022-01-20T16:08:39+00:00","dateModified":"2026-02-20T17:26:26+00:00","description":"The Michelin regional Midi-Pyr\u00e9n\u00e9es map, with it's 1 : 200 000 scale (1cm=2km), provides all the information you need to make the most of your trip in France.","breadcrumb":{"@id":"https:\/\/boutique.laventure.michelin.com\/en\/product\/carte-regionale-525-midi-pyrenees-michelin\/#breadcrumb"},"inLanguage":"en-US","potentialAction":[{"@type":"ReadAction","target":["https:\/\/boutique.laventure.michelin.com\/en\/product\/carte-regionale-525-midi-pyrenees-michelin\/"]}]},{"@type":"ImageObject","inLanguage":"en-US","@id":"https:\/\/boutique.laventure.michelin.com\/en\/product\/carte-regionale-525-midi-pyrenees-michelin\/#primaryimage","url":"https:\/\/boutique.laventure.michelin.com\/wp-content\/uploads\/2022\/01\/CR-MIDI-PYRENNEES_2026.png","contentUrl":"https:\/\/boutique.laventure.michelin.com\/wp-content\/uploads\/2022\/01\/CR-MIDI-PYRENNEES_2026.png","width":2475,"height":2475,"caption":"CR PYRENEES 2026 - Cartes et guides Michelin"},{"@type":"BreadcrumbList","@id":"https:\/\/boutique.laventure.michelin.com\/en\/product\/carte-regionale-525-midi-pyrenees-michelin\/#breadcrumb","itemListElement":[{"@type":"ListItem","position":1,"name":"Accueil","item":"https:\/\/boutique.laventure.michelin.com\/en\/"},{"@type":"ListItem","position":2,"name":"Shop","item":"https:\/\/boutique.laventure.michelin.com\/en\/shop\/"},{"@type":"ListItem","position":3,"name":"Midi-Pyr\u00e9n\u00e9es &#8211; Regional Map Michelin 525"}]},{"@type":"WebSite","@id":"https:\/\/boutique.laventure.michelin.com\/en\/#website","url":"https:\/\/boutique.laventure.michelin.com\/en\/","name":"Boutique de l&#039;Aventure Michelin","description":"","publisher":{"@id":"https:\/\/boutique.laventure.michelin.com\/en\/#organization"},"potentialAction":[{"@type":"SearchAction","target":{"@type":"EntryPoint","urlTemplate":"https:\/\/boutique.laventure.michelin.com\/en\/?s={search_term_string}"},"query-input":{"@type":"PropertyValueSpecification","valueRequired":true,"valueName":"search_term_string"}}],"inLanguage":"en-US"},{"@type":"Organization","@id":"https:\/\/boutique.laventure.michelin.com\/en\/#organization","name":"Boutique de l'Aventure Michelin","url":"https:\/\/boutique.laventure.michelin.com\/en\/","logo":{"@type":"ImageObject","inLanguage":"en-US","@id":"https:\/\/boutique.laventure.michelin.com\/en\/#\/schema\/logo\/image\/","url":"https:\/\/boutique.laventure.michelin.com\/wp-content\/uploads\/2020\/12\/LOGO_LAVENTURE_MFP_VER_PASTILLES_RVB@2x.jpg","contentUrl":"https:\/\/boutique.laventure.michelin.com\/wp-content\/uploads\/2020\/12\/LOGO_LAVENTURE_MFP_VER_PASTILLES_RVB@2x.jpg","width":1292,"height":1044,"caption":"Boutique de l'Aventure Michelin"},"image":{"@id":"https:\/\/boutique.laventure.michelin.com\/en\/#\/schema\/logo\/image\/"},"sameAs":["https:\/\/fr-fr.facebook.com\/laventuremichelin\/"]}]}},"_links":{"self":[{"href":"https:\/\/boutique.laventure.michelin.com\/en\/wp-json\/wp\/v2\/product\/8345","targetHints":{"allow":["GET"]}}],"collection":[{"href":"https:\/\/boutique.laventure.michelin.com\/en\/wp-json\/wp\/v2\/product"}],"about":[{"href":"https:\/\/boutique.laventure.michelin.com\/en\/wp-json\/wp\/v2\/types\/product"}],"replies":[{"embeddable":true,"href":"https:\/\/boutique.laventure.michelin.com\/en\/wp-json\/wp\/v2\/comments?post=8345"}],"wp:featuredmedia":[{"embeddable":true,"href":"https:\/\/boutique.laventure.michelin.com\/en\/wp-json\/wp\/v2\/media\/43213"}],"wp:attachment":[{"href":"https:\/\/boutique.laventure.michelin.com\/en\/wp-json\/wp\/v2\/media?parent=8345"}],"wp:term":[{"taxonomy":"product_brand","embeddable":true,"href":"https:\/\/boutique.laventure.michelin.com\/en\/wp-json\/wp\/v2\/product_brand?post=8345"},{"taxonomy":"product_cat","embeddable":true,"href":"https:\/\/boutique.laventure.michelin.com\/en\/wp-json\/wp\/v2\/product_cat?post=8345"},{"taxonomy":"product_tag","embeddable":true,"href":"https:\/\/boutique.laventure.michelin.com\/en\/wp-json\/wp\/v2\/product_tag?post=8345"}],"curies":[{"name":"wp","href":"https:\/\/api.w.org\/{rel}","templated":true}]}}